{"id":904,"date":"2021-10-25T13:21:31","date_gmt":"2021-10-25T09:21:31","guid":{"rendered":"http:\/\/domounlaplaine.re\/?page_id=904"},"modified":"2023-02-09T16:09:51","modified_gmt":"2023-02-09T12:09:51","slug":"soutiens","status":"publish","type":"page","link":"http:\/\/domounlaplaine.re\/?page_id=904","title":{"rendered":"soutiens"},"content":{"rendered":"\n<p><strong>Liste des soutiens \u00e0 Domoun La Plaine<\/strong><\/p>\n\n\n\n<p><strong>Artistes\/Personnalit\u00e9s<\/strong><\/p>\n\n\n\n<p>Maya Kamaty<\/p>\n\n\n\n<p>Annie Grondin<\/p>\n\n\n\n<p>Gilbert Pounia<\/p>\n\n\n\n<p>Dany\u00e8l Waro<\/p>\n\n\n\n<p><strong>Elu.e.s<\/strong><\/p>\n\n\n\n<p>Nathalie Bassire D\u00e9put\u00e9e<\/p>\n\n\n\n<p><strong>Associations\/Organisations<\/strong><\/p>\n\n\n\n<p>ATTAC<\/p>\n\n\n\n<p>ADEVO<\/p>\n\n\n\n<p>Association citoyenne de Saint Pierre<\/p>\n\n\n\n<p>Association les Chemins de traverse<\/p>\n\n\n\n<p>CMAC<\/p>\n\n\n\n<p>Comit\u00e9 de randonn\u00e9e p\u00e9destre de la R\u00e9union<\/p>\n\n\n\n<p>Greenpeace R\u00e9union<\/p>\n\n\n\n<p>QG Zazal\u00e9<\/p>\n\n\n\n<p>Kolair<\/p>\n\n\n\n<p>Kolectif Aret Anter Anou<\/p>\n\n\n\n<p>Les r\u00e9volt\u00e9s du 974<\/p>\n\n\n\n<p>Mouvman Lantant koudmin<\/p>\n\n\n\n<p><strong>Partis politiques<\/strong><\/p>\n\n\n\n<p>Croire et Oser<\/p>\n\n\n\n<p>EELVR<\/p>\n\n\n\n<p>La France Insoumise (Parti de Gauche de la R\u00e9union, Groupe Plaine des Cafres LFI)<\/p>\n\n\n\n<p>DEMANDE DE RDV<\/p>\n\n\n\n<div data-wp-interactive=\"core\/file\" class=\"wp-block-file\"><object data-wp-bind--hidden=\"!state.hasPdfPreview\" hidden class=\"wp-block-file__embed\" data=\"http:\/\/domounlaplaine.re\/wp-content\/uploads\/2021\/10\/demande-rdv.pdf\" type=\"application\/pdf\" style=\"width:100%;height:600px\" aria-label=\"Contenu embarqu\u00e9 demande rdv.\"><\/object><a id=\"wp-block-file--media-982f7c33-3609-4d7b-b70e-f6f6f340caa8\" href=\"http:\/\/domounlaplaine.re\/wp-content\/uploads\/2021\/10\/demande-rdv.pdf\">demande rdv<\/a><a href=\"http:\/\/domounlaplaine.re\/wp-content\/uploads\/2021\/10\/demande-rdv.pdf\" class=\"wp-block-file__button wp-element-button\" download aria-describedby=\"wp-block-file--media-982f7c33-3609-4d7b-b70e-f6f6f340caa8\">T\u00e9l\u00e9charger<\/a><\/div>\n\n\n\n<div data-wp-interactive=\"core\/file\" class=\"wp-block-file\"><object data-wp-bind--hidden=\"!state.hasPdfPreview\" hidden class=\"wp-block-file__embed\" data=\"http:\/\/domounlaplaine.re\/wp-content\/uploads\/2021\/10\/courrier-aux-associations.pdf\" type=\"application\/pdf\" style=\"width:100%;height:600px\" aria-label=\"Contenu embarqu\u00e9 courrier aux associations.\"><\/object><a id=\"wp-block-file--media-4507dc8e-d36b-4a64-81d4-b10298c654d4\" href=\"http:\/\/domounlaplaine.re\/wp-content\/uploads\/2021\/10\/courrier-aux-associations.pdf\">courrier aux associations<\/a><a href=\"http:\/\/domounlaplaine.re\/wp-content\/uploads\/2021\/10\/courrier-aux-associations.pdf\" class=\"wp-block-file__button wp-element-button\" download aria-describedby=\"wp-block-file--media-4507dc8e-d36b-4a64-81d4-b10298c654d4\">T\u00e9l\u00e9charger<\/a><\/div>\n\n\n\n<div data-wp-interactive=\"core\/file\" class=\"wp-block-file\"><object data-wp-bind--hidden=\"!state.hasPdfPreview\" hidden class=\"wp-block-file__embed\" data=\"http:\/\/domounlaplaine.re\/wp-content\/uploads\/2021\/11\/CIRCUIT-CROSS-LA-CRETE-ST-JO.pdf\" type=\"application\/pdf\" style=\"width:100%;height:600px\" aria-label=\"Contenu embarqu\u00e9 CIRCUIT CROSS LA CRETE ST JO.\"><\/object><a id=\"wp-block-file--media-5316bfb4-8bf4-4d4c-8912-8a3e94567ffb\" href=\"http:\/\/domounlaplaine.re\/wp-content\/uploads\/2021\/11\/CIRCUIT-CROSS-LA-CRETE-ST-JO.pdf\">CIRCUIT CROSS LA CRETE ST JO<\/a><a href=\"http:\/\/domounlaplaine.re\/wp-content\/uploads\/2021\/11\/CIRCUIT-CROSS-LA-CRETE-ST-JO.pdf\" class=\"wp-block-file__button wp-element-button\" download aria-describedby=\"wp-block-file--media-5316bfb4-8bf4-4d4c-8912-8a3e94567ffb\">T\u00e9l\u00e9charger<\/a><\/div>\n\n\n\n<div data-wp-interactive=\"core\/file\" class=\"wp-block-file\"><object data-wp-bind--hidden=\"!state.hasPdfPreview\" hidden class=\"wp-block-file__embed\" data=\"http:\/\/domounlaplaine.re\/wp-content\/uploads\/2021\/11\/ACSP-HELICOS.pdf\" type=\"application\/pdf\" style=\"width:100%;height:600px\" aria-label=\"Contenu embarqu\u00e9 ACSP HELICOS.\"><\/object><a id=\"wp-block-file--media-e15f893c-f625-4903-995a-e49f3075e2dd\" href=\"http:\/\/domounlaplaine.re\/wp-content\/uploads\/2021\/11\/ACSP-HELICOS.pdf\">ACSP HELICOS<\/a><a href=\"http:\/\/domounlaplaine.re\/wp-content\/uploads\/2021\/11\/ACSP-HELICOS.pdf\" class=\"wp-block-file__button wp-element-button\" download aria-describedby=\"wp-block-file--media-e15f893c-f625-4903-995a-e49f3075e2dd\">T\u00e9l\u00e9charger<\/a><\/div>\n\n\n\n<div data-wp-interactive=\"core\/file\" class=\"wp-block-file\"><object data-wp-bind--hidden=\"!state.hasPdfPreview\" hidden class=\"wp-block-file__embed\" data=\"http:\/\/domounlaplaine.re\/wp-content\/uploads\/2022\/07\/De_klarasyon-FH-po-Domoun-La-Plaine.pdf\" type=\"application\/pdf\" style=\"width:100%;height:600px\" aria-label=\"Contenu embarqu\u00e9 De_klarasyon FH po Domoun La Plaine.\"><\/object><a id=\"wp-block-file--media-ffe248f5-dcb7-4c81-93f5-09a7d1aa6320\" href=\"http:\/\/domounlaplaine.re\/wp-content\/uploads\/2022\/07\/De_klarasyon-FH-po-Domoun-La-Plaine.pdf\">De_klarasyon FH po Domoun La Plaine<\/a><a href=\"http:\/\/domounlaplaine.re\/wp-content\/uploads\/2022\/07\/De_klarasyon-FH-po-Domoun-La-Plaine.pdf\" class=\"wp-block-file__button wp-element-button\" download aria-describedby=\"wp-block-file--media-ffe248f5-dcb7-4c81-93f5-09a7d1aa6320\">T\u00e9l\u00e9charger<\/a><\/div>\n","protected":false},"excerpt":{"rendered":"<p>Liste des soutiens \u00e0 Domoun La Plaine Artistes\/Personnalit\u00e9s Maya Kamaty Annie Grondin Gilbert Pounia Dany\u00e8l Waro Elu.e.s Nathalie Bassire D\u00e9put\u00e9e Associations\/Organisations ATTAC ADEVO Association citoyenne de Saint Pierre Association les Chemins de traverse CMAC Comit\u00e9 de randonn\u00e9e p\u00e9destre de la R\u00e9union Greenpeace R\u00e9union QG Zazal\u00e9 Kolair Kolectif Aret Anter Anou Les r\u00e9volt\u00e9s du 974 Mouvman [&hellip;]<\/p>\n","protected":false},"author":1,"featured_media":0,"parent":0,"menu_order":0,"comment_status":"closed","ping_status":"closed","template":"","meta":{"footnotes":""},"class_list":["post-904","page","type-page","status-publish","hentry"],"_links":{"self":[{"href":"http:\/\/domounlaplaine.re\/index.php?rest_route=\/wp\/v2\/pages\/904","targetHints":{"allow":["GET"]}}],"collection":[{"href":"http:\/\/domounlaplaine.re\/index.php?rest_route=\/wp\/v2\/pages"}],"about":[{"href":"http:\/\/domounlaplaine.re\/index.php?rest_route=\/wp\/v2\/types\/page"}],"author":[{"embeddable":true,"href":"http:\/\/domounlaplaine.re\/index.php?rest_route=\/wp\/v2\/users\/1"}],"replies":[{"embeddable":true,"href":"http:\/\/domounlaplaine.re\/index.php?rest_route=%2Fwp%2Fv2%2Fcomments&post=904"}],"version-history":[{"count":8,"href":"http:\/\/domounlaplaine.re\/index.php?rest_route=\/wp\/v2\/pages\/904\/revisions"}],"predecessor-version":[{"id":2562,"href":"http:\/\/domounlaplaine.re\/index.php?rest_route=\/wp\/v2\/pages\/904\/revisions\/2562"}],"wp:attachment":[{"href":"http:\/\/domounlaplaine.re\/index.php?rest_route=%2Fwp%2Fv2%2Fmedia&parent=904"}],"curies":[{"name":"wp","href":"https:\/\/api.w.org\/{rel}","templated":true}]}}