{"id":845,"date":"2021-10-25T10:30:56","date_gmt":"2021-10-25T06:30:56","guid":{"rendered":"http:\/\/domounlaplaine.re\/?page_id=845"},"modified":"2023-02-10T11:53:34","modified_gmt":"2023-02-10T07:53:34","slug":"videos-domoun","status":"publish","type":"page","link":"http:\/\/domounlaplaine.re\/?page_id=845","title":{"rendered":"vid\u00e9os domoun"},"content":{"rendered":"\n<figure class=\"wp-block-image size-full\"><img loading=\"lazy\" decoding=\"async\" width=\"960\" height=\"720\" src=\"http:\/\/domounlaplaine.re\/wp-content\/uploads\/2021\/10\/246127642_10159574597149510_6602048896699324377_n-1.jpg\" alt=\"\" class=\"wp-image-895\" srcset=\"http:\/\/domounlaplaine.re\/wp-content\/uploads\/2021\/10\/246127642_10159574597149510_6602048896699324377_n-1.jpg 960w, http:\/\/domounlaplaine.re\/wp-content\/uploads\/2021\/10\/246127642_10159574597149510_6602048896699324377_n-1-300x225.jpg 300w, http:\/\/domounlaplaine.re\/wp-content\/uploads\/2021\/10\/246127642_10159574597149510_6602048896699324377_n-1-768x576.jpg 768w\" sizes=\"auto, (max-width: 960px) 100vw, 960px\" \/><figcaption class=\"wp-element-caption\">video conf\u00e9rence de presse 15 oct 2021<\/figcaption><\/figure>\n\n\n\n<p><a href=\"https:\/\/www.facebook.com\/watch\/?v=329927685135658\">https:\/\/www.facebook.com\/watch\/?v=329927685135658<\/a><\/p>\n\n\n\n<p><a href=\"https:\/\/www.facebook.com\/maloyab\/videos\/652711079450120\">https:\/\/www.facebook.com\/maloyab\/videos\/652711079450120<\/a><\/p>\n\n\n\n<p><a href=\"https:\/\/www.facebook.com\/828389509\/videos\/pcb.10159574617799510\/2926209854374992\">https:\/\/www.facebook.com\/828389509\/videos\/pcb.10159574617799510\/2926209854374992<\/a><\/p>\n\n\n\n<p><a href=\"https:\/\/www.facebook.com\/828389509\/videos\/pcb.10159574617799510\/281454867027029\">https:\/\/www.facebook.com\/828389509\/videos\/pcb.10159574617799510\/281454867027029<\/a><\/p>\n\n\n\n<p><a href=\"https:\/\/www.facebook.com\/828389509\/videos\/pcb.10159574617799510\/596102021429736\">https:\/\/www.facebook.com\/828389509\/videos\/pcb.10159574617799510\/596102021429736<\/a><\/p>\n\n\n\n<p><a href=\"https:\/\/www.facebook.com\/828389509\/videos\/pcb.10159574617799510\/197924489138847\">https:\/\/www.facebook.com\/828389509\/videos\/pcb.10159574617799510\/197924489138847<\/a><\/p>\n\n\n\n<p>les 50pecs de AV2M ANTENNE REUNION<\/p>\n\n\n\n<p><a href=\"https:\/\/www.facebook.com\/maloyab\/videos\/346576886845935\">https:\/\/www.facebook.com\/maloyab\/videos\/346576886845935<\/a><\/p>\n\n\n\n<p> \/<a href=\"https:\/\/l.facebook.com\/l.php?u=https%3A%2F%2Fwww.linfo.re%2Fvideos%3Fps%3D%252068963385%26fbclid%3DIwAR2FA-bq7HYJCEkgmr0lmchXNWl_iShxVrCmXV3B8A_a_JxbxIvW_iPuHiI&amp;h=AT0vI8yg644ZyQH5nbfp-WPcZiz5MGdK8_xpvEMSrx5yZW39lnb_Am_17KNR0U01r8FjoCkIgS331Frcl7laG6XK0AlzWQy_rf4hL6Gj4uuom-V-weycbvcjy7ARnugAItI&amp;__tn__=-UK-R&amp;c[0]=AT3ALUAbTYYL9qVUW-WE3_RYDC75SEAycsBj38W_pTXXW4PZZzzrtE4hQn-9SoHS0iJdz42Lbh0s2jk7Rtss9fQKdjmNwjntJtNn8PAKQMZ_rPq-JwEMQqQKVhQ8-Hye9CTBQkbljIqovE9JSp26rYd8DQvwo1kwGUNDpQJAKJIp7pUKQl9JVoMs8EFbD3U01TScCiaeWmbE6b-fQA\" rel=\"noreferrer noopener\" target=\"_blank\">https:\/\/www.linfo.re\/videos?ps=%2068963385<\/a><\/p>\n\n\n\n<p>SORTIE CONSEIL MUNICIPAL SEPTEMBRE 2021<\/p>\n\n\n\n<p>VOIR MALOYAB <\/p>\n\n\n\n<p><a href=\"https:\/\/www.facebook.com\/maloyab\/videos\/217797916998675\">https:\/\/www.facebook.com\/maloyab\/videos\/217797916998675<\/a><\/p>\n\n\n\n<p><a href=\"https:\/\/www.facebook.com\/maloyab\/videos\/652711079450120\">https:\/\/www.facebook.com\/maloyab\/videos\/652711079450120<\/a><\/p>\n\n\n\n<p>actuelles tendances<\/p>\n\n\n\n<p><a href=\"https:\/\/www.facebook.com\/Actuelle-Tendances-974-109252257880242\/\">https:\/\/www.facebook.com\/Actuelle-Tendances-974-109252257880242\/<\/a><\/p>\n\n\n\n<p><a href=\"https:\/\/www.facebook.com\/109252257880242\/videos\/600174051417066\">https:\/\/www.facebook.com\/109252257880242\/videos\/600174051417066<\/a><\/p>\n\n\n\n<p><a href=\"https:\/\/www.facebook.com\/109252257880242\/videos\/445740986894701\">https:\/\/www.facebook.com\/109252257880242\/videos\/445740986894701<\/a><\/p>\n\n\n\n<p>RADIO PIKAN OCT 2021<\/p>\n\n\n\n<p><a href=\"https:\/\/www.facebook.com\/radiopikan974\/videos\/264613945574549\">https:\/\/www.facebook.com\/radiopikan974\/videos\/264613945574549<\/a><\/p>\n\n\n\n<p>novembre <\/p>\n\n\n\n<figure class=\"wp-block-embed is-type-video is-provider-youtube wp-block-embed-youtube wp-embed-aspect-16-9 wp-has-aspect-ratio\"><div class=\"wp-block-embed__wrapper\">\n<iframe loading=\"lazy\" title=\"TYROLIENNES DUGAIN PARC DU VOLCAN\" width=\"640\" height=\"360\" src=\"https:\/\/www.youtube.com\/embed\/CFsccKBGv2I?feature=oembed\" frameborder=\"0\" allow=\"accelerometer; autoplay; clipboard-write; encrypted-media; gyroscope; picture-in-picture; web-share\" referrerpolicy=\"strict-origin-when-cross-origin\" allowfullscreen><\/iframe>\n<\/div><\/figure>\n\n\n\n<p>24 nov Maloyab t\u00e9moignage Sylvie Jala et Christine Laporte<\/p>\n\n\n\n<p><a href=\"https:\/\/www.facebook.com\/maloyab\/videos\/1219684965189470\">https:\/\/www.facebook.com\/maloyab\/videos\/1219684965189470<\/a><\/p>\n\n\n\n<p>25 nov Maloyab t\u00e9moignage Gilbert Laporte<\/p>\n\n\n\n<p><a href=\"https:\/\/www.facebook.com\/groups\/878173033119197\">https:\/\/www.facebook.com\/groups\/878173033119197<\/a><\/p>\n\n\n\n<p>239 nov t\u00e9moignage jacques aulet <\/p>\n\n\n\n<p><a href=\"https:\/\/www.facebook.com\/maloyab\/videos\/468531918280160\">https:\/\/www.facebook.com\/maloyab\/videos\/468531918280160<\/a><\/p>\n\n\n\n<p>12 DEC DELEIRE TAK REUNION LA 1ERE<\/p>\n\n\n\n<div class=\"wp-block-file\"><a id=\"wp-block-file--media-4ac29af5-c072-42ee-85c7-aa6f4a9fbf01\" href=\"http:\/\/domounlaplaine.re\/wp-content\/uploads\/2021\/12\/TAK-rfo-12-dec.mp4\">TAK rfo 12 dec<\/a><a href=\"http:\/\/domounlaplaine.re\/wp-content\/uploads\/2021\/12\/TAK-rfo-12-dec.mp4\" class=\"wp-block-file__button wp-element-button\" download aria-describedby=\"wp-block-file--media-4ac29af5-c072-42ee-85c7-aa6f4a9fbf01\">T\u00e9l\u00e9charger<\/a><\/div>\n\n\n\n<p>manifestation 23 janvier 2022 journal t\u00e9l\u00e9vis\u00e9 antenne reunion<\/p>\n\n\n\n<div class=\"wp-block-file\"><a id=\"wp-block-file--media-c297173a-8d4c-46e5-9c1e-9b74b8f2d2f5\" href=\"http:\/\/domounlaplaine.re\/wp-content\/uploads\/2022\/01\/Domoun20la20plaine20JT.mp4\">DomounlaplaineJT<\/a><a href=\"http:\/\/domounlaplaine.re\/wp-content\/uploads\/2022\/01\/Domoun20la20plaine20JT.mp4\" class=\"wp-block-file__button wp-element-button\" download aria-describedby=\"wp-block-file--media-c297173a-8d4c-46e5-9c1e-9b74b8f2d2f5\">T\u00e9l\u00e9charger<\/a><\/div>\n\n\n\n<p>maloyab 24 janvier avec antoine fontaine<\/p>\n\n\n\n<p><a href=\"https:\/\/www.facebook.com\/maloyab\/videos\/330571185631354\">https:\/\/www.facebook.com\/maloyab\/videos\/330571185631354<\/a><\/p>\n\n\n\n<p>maloyab journe\u00e9 manifestation 23 janvier 2021 <\/p>\n\n\n\n<p><a href=\"https:\/\/www.facebook.com\/maloyab\/videos\/1156948658395709\">https:\/\/www.facebook.com\/maloyab\/videos\/1156948658395709<\/a><\/p>\n\n\n\n<p>telekreol<\/p>\n\n\n\n<figure class=\"wp-block-embed is-type-video is-provider-youtube wp-block-embed-youtube wp-embed-aspect-16-9 wp-has-aspect-ratio\"><div class=\"wp-block-embed__wrapper\">\n<iframe loading=\"lazy\" title=\"LRLL Gilbert Laporte\" width=\"640\" height=\"360\" src=\"https:\/\/www.youtube.com\/embed\/bNVQfDWXByM?feature=oembed\" frameborder=\"0\" allow=\"accelerometer; autoplay; clipboard-write; encrypted-media; gyroscope; picture-in-picture; web-share\" referrerpolicy=\"strict-origin-when-cross-origin\" allowfullscreen><\/iframe>\n<\/div><\/figure>\n\n\n\n<figure class=\"wp-block-embed is-type-video is-provider-youtube wp-block-embed-youtube wp-embed-aspect-16-9 wp-has-aspect-ratio\"><div class=\"wp-block-embed__wrapper\">\n<iframe loading=\"lazy\" title=\"LRLL Jacques Olet Association domoun La Plaine\" width=\"640\" height=\"360\" src=\"https:\/\/www.youtube.com\/embed\/g5Y_Qa4V9-Q?feature=oembed\" frameborder=\"0\" allow=\"accelerometer; autoplay; clipboard-write; encrypted-media; gyroscope; picture-in-picture; web-share\" referrerpolicy=\"strict-origin-when-cross-origin\" allowfullscreen><\/iframe>\n<\/div><\/figure>\n\n\n\n<figure class=\"wp-block-embed is-type-video is-provider-youtube wp-block-embed-youtube wp-embed-aspect-16-9 wp-has-aspect-ratio\"><div class=\"wp-block-embed__wrapper\">\n<iframe loading=\"lazy\" title=\"LRLL Gilbert Laporte\" width=\"640\" height=\"360\" src=\"https:\/\/www.youtube.com\/embed\/6voYdJdJ38Y?feature=oembed\" frameborder=\"0\" allow=\"accelerometer; autoplay; clipboard-write; encrypted-media; gyroscope; picture-in-picture; web-share\" referrerpolicy=\"strict-origin-when-cross-origin\" allowfullscreen><\/iframe>\n<\/div><\/figure>\n\n\n\n<figure class=\"wp-block-embed is-type-video is-provider-youtube wp-block-embed-youtube wp-embed-aspect-16-9 wp-has-aspect-ratio\"><div class=\"wp-block-embed__wrapper\">\n<iframe loading=\"lazy\" title=\"LRLL  Gilbert Laporte\" width=\"640\" height=\"360\" src=\"https:\/\/www.youtube.com\/embed\/qgqyJvGPYgY?feature=oembed\" frameborder=\"0\" allow=\"accelerometer; autoplay; clipboard-write; encrypted-media; gyroscope; picture-in-picture; web-share\" referrerpolicy=\"strict-origin-when-cross-origin\" allowfullscreen><\/iframe>\n<\/div><\/figure>\n\n\n\n<figure class=\"wp-block-embed is-type-video is-provider-youtube wp-block-embed-youtube wp-embed-aspect-16-9 wp-has-aspect-ratio\"><div class=\"wp-block-embed__wrapper\">\n<iframe loading=\"lazy\" title=\"LRLL Jacques -Domoun La Plaine\" width=\"640\" height=\"360\" src=\"https:\/\/www.youtube.com\/embed\/ozOOp468wkY?feature=oembed\" frameborder=\"0\" allow=\"accelerometer; autoplay; clipboard-write; encrypted-media; gyroscope; picture-in-picture; web-share\" referrerpolicy=\"strict-origin-when-cross-origin\" allowfullscreen><\/iframe>\n<\/div><\/figure>\n\n\n\n<figure class=\"wp-block-embed is-type-video is-provider-youtube wp-block-embed-youtube wp-embed-aspect-16-9 wp-has-aspect-ratio\"><div class=\"wp-block-embed__wrapper\">\n<iframe loading=\"lazy\" title=\"LRLL  DOMOUN LA PLAINE\" width=\"640\" height=\"360\" src=\"https:\/\/www.youtube.com\/embed\/au2ikkC0kRY?feature=oembed\" frameborder=\"0\" allow=\"accelerometer; autoplay; clipboard-write; encrypted-media; gyroscope; picture-in-picture; web-share\" referrerpolicy=\"strict-origin-when-cross-origin\" allowfullscreen><\/iframe>\n<\/div><\/figure>\n\n\n\n<p> rtl reunion 30 mai 2022 emmission on refait la r\u00e9union <\/p>\n\n\n\n<p><a href=\"https:\/\/www.facebook.com\/maloyab\/videos\/1105030540075207\">https:\/\/www.facebook.com\/maloyab\/videos\/1105030540075207<\/a><\/p>\n\n\n\n<p>rtl reunion actualit\u00e9s 7 h<\/p>\n\n\n\n<figure class=\"wp-block-embed is-type-video is-provider-youtube wp-block-embed-youtube wp-embed-aspect-16-9 wp-has-aspect-ratio\"><div class=\"wp-block-embed__wrapper\">\n<iframe loading=\"lazy\" title=\"TYROLIENNES RTREUNION 30 MAI ACTUS 7H\" width=\"640\" height=\"360\" src=\"https:\/\/www.youtube.com\/embed\/apKcY1LoCZ8?feature=oembed\" frameborder=\"0\" allow=\"accelerometer; autoplay; clipboard-write; encrypted-media; gyroscope; picture-in-picture; web-share\" referrerpolicy=\"strict-origin-when-cross-origin\" allowfullscreen><\/iframe>\n<\/div><\/figure>\n\n\n\n<figure class=\"wp-block-embed is-type-video is-provider-youtube wp-block-embed-youtube wp-embed-aspect-16-9 wp-has-aspect-ratio\"><div class=\"wp-block-embed__wrapper\">\n<iframe loading=\"lazy\" title=\"LRLL  DOMOUN LA PLAINE\" width=\"640\" height=\"360\" src=\"https:\/\/www.youtube.com\/embed\/QzVtsu-fPl8?feature=oembed\" frameborder=\"0\" allow=\"accelerometer; autoplay; clipboard-write; encrypted-media; gyroscope; picture-in-picture; web-share\" referrerpolicy=\"strict-origin-when-cross-origin\" allowfullscreen><\/iframe>\n<\/div><figcaption class=\"wp-element-caption\">RFO MAI<\/figcaption><\/figure>\n\n\n\n<p><a href=\"https:\/\/la1ere.francetvinfo.fr\/reunion\/tampon\/parc-du-volcan-les-tyroliennes-du-piton-dugain-un-projet-ecocide-pour-les-opposants-1285744.html\">https:\/\/la1ere.francetvinfo.fr\/reunion\/tampon\/parc-du-volcan-les-tyroliennes-du-piton-dugain-un-projet-ecocide-pour-les-opposants-1285744.html<\/a><\/p>\n\n\n\n<figure class=\"wp-block-embed is-type-video is-provider-youtube wp-block-embed-youtube wp-embed-aspect-16-9 wp-has-aspect-ratio\"><div class=\"wp-block-embed__wrapper\">\n<iframe loading=\"lazy\" title=\"Verdun de la plaine 2\" width=\"640\" height=\"360\" src=\"https:\/\/www.youtube.com\/embed\/-sDQvyg0pIs?feature=oembed\" frameborder=\"0\" allow=\"accelerometer; autoplay; clipboard-write; encrypted-media; gyroscope; picture-in-picture; web-share\" referrerpolicy=\"strict-origin-when-cross-origin\" allowfullscreen><\/iframe>\n<\/div><\/figure>\n\n\n\n<figure class=\"wp-block-embed is-type-video is-provider-youtube wp-block-embed-youtube wp-embed-aspect-16-9 wp-has-aspect-ratio\"><div class=\"wp-block-embed__wrapper\">\n<iframe loading=\"lazy\" title=\"LRLL GILBERT LAPORTE DEMOUN LA PLAINE\" width=\"640\" height=\"360\" src=\"https:\/\/www.youtube.com\/embed\/CTpObaMh5Yc?feature=oembed\" frameborder=\"0\" allow=\"accelerometer; autoplay; clipboard-write; encrypted-media; gyroscope; picture-in-picture; web-share\" referrerpolicy=\"strict-origin-when-cross-origin\" allowfullscreen><\/iframe>\n<\/div><\/figure>\n","protected":false},"excerpt":{"rendered":"<p>https:\/\/www.facebook.com\/watch\/?v=329927685135658 https:\/\/www.facebook.com\/maloyab\/videos\/652711079450120 https:\/\/www.facebook.com\/828389509\/videos\/pcb.10159574617799510\/2926209854374992 https:\/\/www.facebook.com\/828389509\/videos\/pcb.10159574617799510\/281454867027029 https:\/\/www.facebook.com\/828389509\/videos\/pcb.10159574617799510\/596102021429736 https:\/\/www.facebook.com\/828389509\/videos\/pcb.10159574617799510\/197924489138847 les 50pecs de AV2M ANTENNE REUNION https:\/\/www.facebook.com\/maloyab\/videos\/346576886845935 \/https:\/\/www.linfo.re\/videos?ps=%2068963385 SORTIE CONSEIL MUNICIPAL SEPTEMBRE 2021 VOIR MALOYAB https:\/\/www.facebook.com\/maloyab\/videos\/217797916998675 https:\/\/www.facebook.com\/maloyab\/videos\/652711079450120 actuelles tendances https:\/\/www.facebook.com\/Actuelle-Tendances-974-109252257880242\/ https:\/\/www.facebook.com\/109252257880242\/videos\/600174051417066 https:\/\/www.facebook.com\/109252257880242\/videos\/445740986894701 RADIO PIKAN OCT 2021 https:\/\/www.facebook.com\/radiopikan974\/videos\/264613945574549 novembre 24 nov Maloyab t\u00e9moignage Sylvie Jala et Christine Laporte https:\/\/www.facebook.com\/maloyab\/videos\/1219684965189470 25 nov Maloyab t\u00e9moignage Gilbert Laporte https:\/\/www.facebook.com\/groups\/878173033119197 239 nov t\u00e9moignage jacques [&hellip;]<\/p>\n","protected":false},"author":1,"featured_media":0,"parent":0,"menu_order":0,"comment_status":"closed","ping_status":"closed","template":"","meta":{"footnotes":""},"class_list":["post-845","page","type-page","status-publish","hentry"],"_links":{"self":[{"href":"http:\/\/domounlaplaine.re\/index.php?rest_route=\/wp\/v2\/pages\/845","targetHints":{"allow":["GET"]}}],"collection":[{"href":"http:\/\/domounlaplaine.re\/index.php?rest_route=\/wp\/v2\/pages"}],"about":[{"href":"http:\/\/domounlaplaine.re\/index.php?rest_route=\/wp\/v2\/types\/page"}],"author":[{"embeddable":true,"href":"http:\/\/domounlaplaine.re\/index.php?rest_route=\/wp\/v2\/users\/1"}],"replies":[{"embeddable":true,"href":"http:\/\/domounlaplaine.re\/index.php?rest_route=%2Fwp%2Fv2%2Fcomments&post=845"}],"version-history":[{"count":33,"href":"http:\/\/domounlaplaine.re\/index.php?rest_route=\/wp\/v2\/pages\/845\/revisions"}],"predecessor-version":[{"id":2576,"href":"http:\/\/domounlaplaine.re\/index.php?rest_route=\/wp\/v2\/pages\/845\/revisions\/2576"}],"wp:attachment":[{"href":"http:\/\/domounlaplaine.re\/index.php?rest_route=%2Fwp%2Fv2%2Fmedia&parent=845"}],"curies":[{"name":"wp","href":"https:\/\/api.w.org\/{rel}","templated":true}]}}