{"id":841,"date":"2021-10-25T10:29:42","date_gmt":"2021-10-25T06:29:42","guid":{"rendered":"http:\/\/domounlaplaine.re\/?page_id=841"},"modified":"2024-02-18T16:21:56","modified_gmt":"2024-02-18T12:21:56","slug":"association-domoun-la-plaine","status":"publish","type":"page","link":"http:\/\/domounlaplaine.re\/?page_id=841","title":{"rendered":"association Domoun la Plaine"},"content":{"rendered":"\n<p><\/p>\n\n\n\n<p><\/p>\n\n\n\n<p><\/p>\n\n\n\n<figure class=\"wp-block-image size-full\"><img loading=\"lazy\" decoding=\"async\" width=\"240\" height=\"240\" src=\"http:\/\/domounlaplaine.re\/wp-content\/uploads\/2021\/10\/cropped-logo.png\" alt=\"\" class=\"wp-image-1219\" srcset=\"http:\/\/domounlaplaine.re\/wp-content\/uploads\/2021\/10\/cropped-logo.png 240w, http:\/\/domounlaplaine.re\/wp-content\/uploads\/2021\/10\/cropped-logo-150x150.png 150w\" sizes=\"auto, (max-width: 240px) 100vw, 240px\" \/><\/figure>\n\n\n\n<div data-wp-interactive=\"core\/file\" class=\"wp-block-file\"><object data-wp-bind--hidden=\"!state.hasPdfPreview\" hidden class=\"wp-block-file__embed\" data=\"http:\/\/domounlaplaine.re\/wp-content\/uploads\/2021\/12\/flyer-final.pdf\" type=\"application\/pdf\" style=\"width:100%;height:600px\" aria-label=\"Contenu embarqu\u00e9 flyer final.\"><\/object><a id=\"wp-block-file--media-da6e93da-a252-43a3-b6ed-ea6c23910153\" href=\"http:\/\/domounlaplaine.re\/wp-content\/uploads\/2021\/12\/flyer-final.pdf\">flyer final<\/a><a href=\"http:\/\/domounlaplaine.re\/wp-content\/uploads\/2021\/12\/flyer-final.pdf\" class=\"wp-block-file__button wp-element-button\" download aria-describedby=\"wp-block-file--media-da6e93da-a252-43a3-b6ed-ea6c23910153\">T\u00e9l\u00e9charger<\/a><\/div>\n\n\n\n<p>L&rsquo;association est n\u00e9e le 11 septembre  2021    <\/p>\n\n\n\n<p>si\u00e8ge social: 28 lotissement les Topazes 97418  Plaine des cafres<\/p>\n\n\n\n<p><strong>adh\u00e9sion gratuite par internet<\/strong> :<a href=\"https:\/\/www.helloasso.com\/associations\/domoun-la-plaine\/adhesions\/adhesion-domoun-la-plaine\">https:\/\/www.helloasso.com\/associations\/domoun-la-plaine\/adhesions\/adhesion-domoun-la-plaine<\/a><\/p>\n\n\n\n<p>contact administratif :<a rel=\"noreferrer noopener\" href=\"https:\/\/webmail1f.orange.fr\/webmail\/fr_RE\/read.html?FOLDER=UF_domounla+plaine&amp;IDMSG=12&amp;check=&amp;SORTBY=1#\" target=\"_blank\">domoun.la.plaine.97418@gmail.com<\/a><\/p>\n\n\n\n<p>TEL :0692880921<\/p>\n\n\n\n<p>pourquoi?<\/p>\n\n\n\n<p> L&rsquo;enqu\u00eate pr\u00e9alable du dossier du futur parc du volcan a eu lieu en juillet 2021 et de nombreuses et belles rencontres ont eu lieu pendant les r\u00e9unions publiques!!<\/p>\n\n\n\n<p>Nous consid\u00e9rons que ce projet sera une catastrophe \u00e9conomique, \u00e9cologique ,environnementale et humaine pour le tampon et les habitants du 27\u00e9me<\/p>\n\n\n\n<p>Nous avons donc cr\u00e9\u00e9 cette association pour lutter officiellement contre ce projet de parc d&rsquo;attraction surdimensionn\u00e9.  <\/p>\n\n\n\n<p>Avec la volont\u00e9 de mobiliser et de f\u00e9d\u00e9rer toutes les \u00e9nergies, comp\u00e9tences et savoir-faire, l\u2019association \u00ab Domoun La Plaine mais son champ d\u2019action s\u2019\u00e9tend \u00e9galement \u00e0 tout le territoire de la Commune du Tampon <\/p>\n\n\n\n\n\n<h2 class=\"wp-block-heading\" id=\"buts-de-l-association\">Buts de l\u2019association<\/h2>\n\n\n\n<p>Avec la volont\u00e9 de mobiliser et de f\u00e9d\u00e9rer toutes les \u00e9nergies, comp\u00e9tences et savoir-faire, l\u2019association \u00ab&nbsp;Domoun La Plaine&nbsp;\u00bb met au c\u0153ur de ses pr\u00e9occupations la pr\u00e9servation, la promotion et la valorisation du terroir cafriplainois mais son champ d\u2019action s\u2019\u00e9tend \u00e9galement \u00e0 tout le territoire de la Commune du Tampon notamment&nbsp;de La Plaine des Cafres et de toute la commune du Tampon.<\/p>\n\n\n\n<p>Pour tous les projets d\u2019am\u00e9nagement dans une acceptation large, de viabilisation, de construction\u2026, concernant les territoires vis\u00e9s ci-dessus, \u00ab&nbsp;Domoun La Plaine&nbsp;\u00bb veille au respect scrupuleux des r\u00e9ponses apport\u00e9es dans le temps&nbsp;aux besoins de la population et du territoire, des lois et r\u00e8glements ainsi que des imp\u00e9ratifs suivants :<\/p>\n\n\n\n<p>\u2013 la protection, la pr\u00e9servation et la restauration des espaces naturels et le respect absolu&nbsp;de la faune et de la flore.<\/p>\n\n\n\n<p>\u2013 Le respect et la valorisation de l\u2019identit\u00e9 culturelle r\u00e9unionnaise et plus particuli\u00e8rement la connaissance de l\u2019Histoire et des lieux de m\u00e9moire.<\/p>\n\n\n\n<p>\u2013 La participation des habitants, des acteurs associatifs, et culturels, \u00e9conomiques, institutionnels, y compris l\u2019ensemble de ceux concourant \u00e0 la transmission des savoirs et \u00e0 la cr\u00e9ation de liens sociaux\u2026et des \u00e9tablissements scolaires et autres lieux d\u2019\u00e9ducation et d\u2019insertion concern\u00e9s.<\/p>\n\n\n\n<p>-Le maintien et le d\u00e9veloppement des activit\u00e9s agricoles, pastorales, artisanales, respectueuses&nbsp;de la sant\u00e9 et de l\u2019environnement\u2026 ainsi que celles s\u2019inscrivant dans le cadre d\u2019un d\u00e9veloppement et d\u2019un tourisme durables<\/p>\n\n\n\n<figure class=\"wp-block-image size-large\"><img loading=\"lazy\" decoding=\"async\" width=\"1024\" height=\"536\" src=\"http:\/\/domounlaplaine.re\/wp-content\/uploads\/2021\/10\/bandeau-modifie-1024x536.png\" alt=\"\" class=\"wp-image-853\" srcset=\"http:\/\/domounlaplaine.re\/wp-content\/uploads\/2021\/10\/bandeau-modifie-1024x536.png 1024w, http:\/\/domounlaplaine.re\/wp-content\/uploads\/2021\/10\/bandeau-modifie-300x157.png 300w, http:\/\/domounlaplaine.re\/wp-content\/uploads\/2021\/10\/bandeau-modifie-768x402.png 768w, http:\/\/domounlaplaine.re\/wp-content\/uploads\/2021\/10\/bandeau-modifie.png 1200w\" sizes=\"auto, (max-width: 1024px) 100vw, 1024px\" \/><\/figure>\n\n\n\n<div data-wp-interactive=\"core\/file\" class=\"wp-block-file\"><object data-wp-bind--hidden=\"!state.hasPdfPreview\" hidden class=\"wp-block-file__embed\" data=\"http:\/\/domounlaplaine.re\/wp-content\/uploads\/2021\/10\/statuts_domoun.pdf\" type=\"application\/pdf\" style=\"width:100%;height:600px\" aria-label=\"Contenu embarqu\u00e9 statuts_domoun.\"><\/object><a id=\"wp-block-file--media-0081460b-e4f4-40d3-a429-301bc2361de8\" href=\"http:\/\/domounlaplaine.re\/wp-content\/uploads\/2021\/10\/statuts_domoun.pdf\">statuts_domoun<\/a><a href=\"http:\/\/domounlaplaine.re\/wp-content\/uploads\/2021\/10\/statuts_domoun.pdf\" class=\"wp-block-file__button wp-element-button\" download aria-describedby=\"wp-block-file--media-0081460b-e4f4-40d3-a429-301bc2361de8\">T\u00e9l\u00e9charger<\/a><\/div>\n\n\n\n<div data-wp-interactive=\"core\/file\" class=\"wp-block-file\"><object data-wp-bind--hidden=\"!state.hasPdfPreview\" hidden class=\"wp-block-file__embed\" data=\"http:\/\/domounlaplaine.re\/wp-content\/uploads\/2021\/10\/Recepisse-de-declaration-parution-au-JO.pdf\" type=\"application\/pdf\" style=\"width:100%;height:600px\" aria-label=\"Contenu embarqu\u00e9 R\u00e9c\u00e9piss\u00e9 de d\u00e9claration - parution au JO.\"><\/object><a id=\"wp-block-file--media-04d44fe6-e3a0-4ad0-8d44-ac75251a2ee2\" href=\"http:\/\/domounlaplaine.re\/wp-content\/uploads\/2021\/10\/Recepisse-de-declaration-parution-au-JO.pdf\">R\u00e9c\u00e9piss\u00e9 de d\u00e9claration &#8211; parution au JO<\/a><a href=\"http:\/\/domounlaplaine.re\/wp-content\/uploads\/2021\/10\/Recepisse-de-declaration-parution-au-JO.pdf\" class=\"wp-block-file__button wp-element-button\" download aria-describedby=\"wp-block-file--media-04d44fe6-e3a0-4ad0-8d44-ac75251a2ee2\">T\u00e9l\u00e9charger<\/a><\/div>\n\n\n\n<div data-wp-interactive=\"core\/file\" class=\"wp-block-file\"><object data-wp-bind--hidden=\"!state.hasPdfPreview\" hidden class=\"wp-block-file__embed\" data=\"http:\/\/domounlaplaine.re\/wp-content\/uploads\/2021\/10\/PV-AG-constitution11-SEPT-2021.pdf\" type=\"application\/pdf\" style=\"width:100%;height:600px\" aria-label=\"Contenu embarqu\u00e9 PV AG constitution11 SEPT 2021.\"><\/object><a id=\"wp-block-file--media-3ad17b46-263f-44ac-b479-ef1a802109d0\" href=\"http:\/\/domounlaplaine.re\/wp-content\/uploads\/2021\/10\/PV-AG-constitution11-SEPT-2021.pdf\">PV AG constitution11 SEPT 2021<\/a><a href=\"http:\/\/domounlaplaine.re\/wp-content\/uploads\/2021\/10\/PV-AG-constitution11-SEPT-2021.pdf\" class=\"wp-block-file__button wp-element-button\" download aria-describedby=\"wp-block-file--media-3ad17b46-263f-44ac-b479-ef1a802109d0\">T\u00e9l\u00e9charger<\/a><\/div>\n\n\n\n<div data-wp-interactive=\"core\/file\" class=\"wp-block-file\"><object data-wp-bind--hidden=\"!state.hasPdfPreview\" hidden class=\"wp-block-file__embed\" data=\"http:\/\/domounlaplaine.re\/wp-content\/uploads\/2024\/02\/PV_AGO_07022023.pdf\" type=\"application\/pdf\" style=\"width:100%;height:600px\" aria-label=\"Contenu embarqu\u00e9 PV_AGO_07022023.\"><\/object><a id=\"wp-block-file--media-bec00d2a-9e12-4282-b1fb-bafe2c7712b9\" href=\"http:\/\/domounlaplaine.re\/wp-content\/uploads\/2024\/02\/PV_AGO_07022023.pdf\">PV_AGO_07022023<\/a><a href=\"http:\/\/domounlaplaine.re\/wp-content\/uploads\/2024\/02\/PV_AGO_07022023.pdf\" class=\"wp-block-file__button wp-element-button\" download aria-describedby=\"wp-block-file--media-bec00d2a-9e12-4282-b1fb-bafe2c7712b9\">T\u00e9l\u00e9charger<\/a><\/div>\n\n\n\n<div data-wp-interactive=\"core\/file\" class=\"wp-block-file\"><object data-wp-bind--hidden=\"!state.hasPdfPreview\" hidden class=\"wp-block-file__embed\" data=\"http:\/\/domounlaplaine.re\/wp-content\/uploads\/2024\/02\/20220724_PV_AGE.pdf\" type=\"application\/pdf\" style=\"width:100%;height:600px\" aria-label=\"Contenu embarqu\u00e9 20220724_PV_AGE.\"><\/object><a id=\"wp-block-file--media-842b25a0-1e05-4301-aaa9-4e2489e7b287\" href=\"http:\/\/domounlaplaine.re\/wp-content\/uploads\/2024\/02\/20220724_PV_AGE.pdf\">20220724_PV_AGE<\/a><a href=\"http:\/\/domounlaplaine.re\/wp-content\/uploads\/2024\/02\/20220724_PV_AGE.pdf\" class=\"wp-block-file__button wp-element-button\" download aria-describedby=\"wp-block-file--media-842b25a0-1e05-4301-aaa9-4e2489e7b287\">T\u00e9l\u00e9charger<\/a><\/div>\n\n\n\n<div data-wp-interactive=\"core\/file\" class=\"wp-block-file\"><object data-wp-bind--hidden=\"!state.hasPdfPreview\" hidden class=\"wp-block-file__embed\" data=\"http:\/\/domounlaplaine.re\/wp-content\/uploads\/2024\/02\/20220724_PV_AGO.pdf\" type=\"application\/pdf\" style=\"width:100%;height:600px\" aria-label=\"Contenu embarqu\u00e9 20220724_PV_AGO.\"><\/object><a id=\"wp-block-file--media-ecf3f0a3-8b89-499c-ade0-cec16318c913\" href=\"http:\/\/domounlaplaine.re\/wp-content\/uploads\/2024\/02\/20220724_PV_AGO.pdf\">20220724_PV_AGO<\/a><a href=\"http:\/\/domounlaplaine.re\/wp-content\/uploads\/2024\/02\/20220724_PV_AGO.pdf\" class=\"wp-block-file__button wp-element-button\" download aria-describedby=\"wp-block-file--media-ecf3f0a3-8b89-499c-ade0-cec16318c913\">T\u00e9l\u00e9charger<\/a><\/div>\n\n\n\n<div data-wp-interactive=\"core\/file\" class=\"wp-block-file\"><object data-wp-bind--hidden=\"!state.hasPdfPreview\" hidden class=\"wp-block-file__embed\" data=\"http:\/\/domounlaplaine.re\/wp-content\/uploads\/2024\/02\/Statuts_modifies_24072022.pdf\" type=\"application\/pdf\" style=\"width:100%;height:600px\" aria-label=\"Contenu embarqu\u00e9 Statuts_modifies_24072022.\"><\/object><a id=\"wp-block-file--media-80713807-a25f-4e35-9492-e20aa517cc2a\" href=\"http:\/\/domounlaplaine.re\/wp-content\/uploads\/2024\/02\/Statuts_modifies_24072022.pdf\">Statuts_modifies_24072022<\/a><a href=\"http:\/\/domounlaplaine.re\/wp-content\/uploads\/2024\/02\/Statuts_modifies_24072022.pdf\" class=\"wp-block-file__button wp-element-button\" download aria-describedby=\"wp-block-file--media-80713807-a25f-4e35-9492-e20aa517cc2a\">T\u00e9l\u00e9charger<\/a><\/div>\n","protected":false},"excerpt":{"rendered":"<p>L&rsquo;association est n\u00e9e le 11 septembre 2021 si\u00e8ge social: 28 lotissement les Topazes 97418 Plaine des cafres adh\u00e9sion gratuite par internet :https:\/\/www.helloasso.com\/associations\/domoun-la-plaine\/adhesions\/adhesion-domoun-la-plaine contact administratif :domoun.la.plaine.97418@gmail.com TEL :0692880921 pourquoi? L&rsquo;enqu\u00eate pr\u00e9alable du dossier du futur parc du volcan a eu lieu en juillet 2021 et de nombreuses et belles rencontres ont eu lieu pendant les r\u00e9unions [&hellip;]<\/p>\n","protected":false},"author":1,"featured_media":0,"parent":0,"menu_order":0,"comment_status":"closed","ping_status":"closed","template":"","meta":{"footnotes":""},"class_list":["post-841","page","type-page","status-publish","hentry"],"_links":{"self":[{"href":"http:\/\/domounlaplaine.re\/index.php?rest_route=\/wp\/v2\/pages\/841","targetHints":{"allow":["GET"]}}],"collection":[{"href":"http:\/\/domounlaplaine.re\/index.php?rest_route=\/wp\/v2\/pages"}],"about":[{"href":"http:\/\/domounlaplaine.re\/index.php?rest_route=\/wp\/v2\/types\/page"}],"author":[{"embeddable":true,"href":"http:\/\/domounlaplaine.re\/index.php?rest_route=\/wp\/v2\/users\/1"}],"replies":[{"embeddable":true,"href":"http:\/\/domounlaplaine.re\/index.php?rest_route=%2Fwp%2Fv2%2Fcomments&post=841"}],"version-history":[{"count":34,"href":"http:\/\/domounlaplaine.re\/index.php?rest_route=\/wp\/v2\/pages\/841\/revisions"}],"predecessor-version":[{"id":3052,"href":"http:\/\/domounlaplaine.re\/index.php?rest_route=\/wp\/v2\/pages\/841\/revisions\/3052"}],"wp:attachment":[{"href":"http:\/\/domounlaplaine.re\/index.php?rest_route=%2Fwp%2Fv2%2Fmedia&parent=841"}],"curies":[{"name":"wp","href":"https:\/\/api.w.org\/{rel}","templated":true}]}}