{"id":693,"date":"2021-10-24T10:59:10","date_gmt":"2021-10-24T06:59:10","guid":{"rendered":"http:\/\/domounlaplaine.re\/?page_id=693"},"modified":"2023-08-14T14:25:52","modified_gmt":"2023-08-14T10:25:52","slug":"enquete-publique-parc","status":"publish","type":"page","link":"http:\/\/domounlaplaine.re\/?page_id=693","title":{"rendered":"enqu\u00eate publique parc"},"content":{"rendered":"\n<p>parti socialiste 14 aout  2023 <\/p>\n\n\n\n<p><a href=\"https:\/\/imazpress.com\/courrier-des-lecteurs\/le-parc-du-volcan-un-projet-bien-compromis\">https:\/\/imazpress.com\/courrier-des-lecteurs\/le-parc-du-volcan-un-projet-bien-compromis<\/a><\/p>\n\n\n\n<figure class=\"wp-block-embed is-type-video is-provider-youtube wp-block-embed-youtube wp-embed-aspect-16-9 wp-has-aspect-ratio\"><div class=\"wp-block-embed__wrapper\">\n<iframe loading=\"lazy\" title=\"PRESIDENTE AGENCE BIODIVERSITE PARC DU VOLCAN RTL14 AOUT 2023\" width=\"640\" height=\"360\" src=\"https:\/\/www.youtube.com\/embed\/GoF-JlWL05Y?feature=oembed\" frameborder=\"0\" allow=\"accelerometer; autoplay; clipboard-write; encrypted-media; gyroscope; picture-in-picture; web-share\" referrerpolicy=\"strict-origin-when-cross-origin\" allowfullscreen><\/iframe>\n<\/div><figcaption class=\"wp-element-caption\">RTL 14 AOUT 2023<\/figcaption><\/figure>\n\n\n\n<p>europe ecologie les verts 10 aout 2023<\/p>\n\n\n\n<p><a href=\"https:\/\/imazpress.com\/courrier-des-lecteurs\/-enquete-publique-sur-le-projet-de-parc-de-loisirs-a-bourg-murat\">https:\/\/imazpress.com\/courrier-des-lecteurs\/-enquete-publique-sur-le-projet-de-parc-de-loisirs-a-bourg-murat<\/a><\/p>\n\n\n\n<figure class=\"wp-block-image size-large\"><img loading=\"lazy\" decoding=\"async\" width=\"1024\" height=\"488\" src=\"http:\/\/domounlaplaine.re\/wp-content\/uploads\/2023\/08\/quotidien11-aout-2023-001-1024x488.jpg\" alt=\"\" class=\"wp-image-2882\" srcset=\"http:\/\/domounlaplaine.re\/wp-content\/uploads\/2023\/08\/quotidien11-aout-2023-001-1024x488.jpg 1024w, http:\/\/domounlaplaine.re\/wp-content\/uploads\/2023\/08\/quotidien11-aout-2023-001-300x143.jpg 300w, http:\/\/domounlaplaine.re\/wp-content\/uploads\/2023\/08\/quotidien11-aout-2023-001-768x366.jpg 768w, http:\/\/domounlaplaine.re\/wp-content\/uploads\/2023\/08\/quotidien11-aout-2023-001-1536x731.jpg 1536w, http:\/\/domounlaplaine.re\/wp-content\/uploads\/2023\/08\/quotidien11-aout-2023-001-2048x975.jpg 2048w\" sizes=\"auto, (max-width: 1024px) 100vw, 1024px\" \/><\/figure>\n\n\n\n<figure class=\"wp-block-embed is-type-wp-embed is-provider-zinfos-974 wp-block-embed-zinfos-974\"><div class=\"wp-block-embed__wrapper\">\nhttps:\/\/www.zinfos974.com\/les-contributions-des-vers-a-lenquete-publique-sur-le-projet-de-parc-de-loisirs-a-bourg-murat\/\n<\/div><\/figure>\n\n\n\n<p><a href=\"https:\/\/imazpress.com\/actus-reunion\/parc-volcan?fbclid=IwAR1-KCpxasBHGSDterQwpOHw5GisS8fpUDJUwktChJ2Zsp3Ncs8o1yCrnao\">https:\/\/imazpress.com\/actus-reunion\/parc-volcan?fbclid=IwAR1-KCpxasBHGSDterQwpOHw5GisS8fpUDJUwktChJ2Zsp3Ncs8o1yCrnao<\/a><\/p>\n\n\n\n<p><a href=\"https:\/\/www.clicanoo.re\/article\/societe\/2023\/08\/10\/parc-du-volcan-lenquete-publique-estterminee-64d44a4328983\">https:\/\/www.clicanoo.re\/article\/societe\/2023\/08\/10\/parc-du-volcan-lenquete-publique-estterminee-64d44a4328983<\/a><\/p>\n\n\n\n<p><a href=\"https:\/\/la1ere.francetvinfo.fr\/reunion\/tampon\/plaine-cafres\/projet-du-parc-du-volcan-l-enquete-publique-prend-fin-ce-mercredi-9-aout-1419794.html\">https:\/\/la1ere.francetvinfo.fr\/reunion\/tampon\/plaine-cafres\/projet-du-parc-du-volcan-l-enquete-publique-prend-fin-ce-mercredi-9-aout-1419794.html<\/a><\/p>\n\n\n\n<p><a href=\"https:\/\/www.zinfos974.com\/parc-du-volcan-domoun-la-plaine-rappelle-les-milliers-de-signatures-recoltees-par-les-petitions-opposees-au-projet\/\">https:\/\/www.zinfos974.com\/parc-du-volcan-domoun-la-plaine-rappelle-les-milliers-de-signatures-recoltees-par-les-petitions-opposees-au-projet\/<\/a><\/p>\n\n\n\n<div data-wp-interactive=\"core\/file\" class=\"wp-block-file\"><object data-wp-bind--hidden=\"!state.hasPdfPreview\" hidden class=\"wp-block-file__embed\" data=\"http:\/\/domounlaplaine.re\/wp-content\/uploads\/2023\/08\/Contribution-post-avis-de-la-CDPENAF-4.pdf\" type=\"application\/pdf\" style=\"width:100%;height:600px\" aria-label=\"Contenu embarqu\u00e9 Contribution post-avis de la CDPENAF (4).\"><\/object><a id=\"wp-block-file--media-4e23367e-81fc-43a6-92c5-f2b54fa14572\" href=\"http:\/\/domounlaplaine.re\/wp-content\/uploads\/2023\/08\/Contribution-post-avis-de-la-CDPENAF-4.pdf\">Contribution post-avis de la CDPENAF (4)<\/a><a href=\"http:\/\/domounlaplaine.re\/wp-content\/uploads\/2023\/08\/Contribution-post-avis-de-la-CDPENAF-4.pdf\" class=\"wp-block-file__button wp-element-button\" download aria-describedby=\"wp-block-file--media-4e23367e-81fc-43a6-92c5-f2b54fa14572\">T\u00e9l\u00e9charger<\/a><\/div>\n\n\n\n<p>arr\u00eat\u00e9 prefectoral<\/p>\n\n\n\n<div data-wp-interactive=\"core\/file\" class=\"wp-block-file\"><object data-wp-bind--hidden=\"!state.hasPdfPreview\" hidden class=\"wp-block-file__embed\" data=\"http:\/\/domounlaplaine.re\/wp-content\/uploads\/2023\/07\/AP-2023-1536-du-24-juillet-2023.pdf\" type=\"application\/pdf\" style=\"width:100%;height:600px\" aria-label=\"Contenu embarqu\u00e9 AP 2023-1536 du 24 juillet 2023.\"><\/object><a id=\"wp-block-file--media-6ea98cdf-c684-492c-8057-146dfb10d6f3\" href=\"http:\/\/domounlaplaine.re\/wp-content\/uploads\/2023\/07\/AP-2023-1536-du-24-juillet-2023.pdf\">AP 2023-1536 du 24 juillet 2023<\/a><a href=\"http:\/\/domounlaplaine.re\/wp-content\/uploads\/2023\/07\/AP-2023-1536-du-24-juillet-2023.pdf\" class=\"wp-block-file__button wp-element-button\" download aria-describedby=\"wp-block-file--media-6ea98cdf-c684-492c-8057-146dfb10d6f3\">T\u00e9l\u00e9charger<\/a><\/div>\n\n\n\n<p>prolongement enqu\u00eate jusqu&rsquo;au 9 aout<\/p>\n\n\n\n<div data-wp-interactive=\"core\/file\" class=\"wp-block-file\"><object data-wp-bind--hidden=\"!state.hasPdfPreview\" hidden class=\"wp-block-file__embed\" data=\"http:\/\/domounlaplaine.re\/wp-content\/uploads\/2023\/07\/communique_Avis-de-prolongation-denquete.odt.pdf\" type=\"application\/pdf\" style=\"width:100%;height:600px\" aria-label=\"Contenu embarqu\u00e9 communiqu\u00e9_Avis de prolongation d&apos;enqu\u00eate.odt.\"><\/object><a id=\"wp-block-file--media-6898764e-dabc-41c3-b2a6-877839432304\" href=\"http:\/\/domounlaplaine.re\/wp-content\/uploads\/2023\/07\/communique_Avis-de-prolongation-denquete.odt.pdf\">communiqu\u00e9_Avis de prolongation d&rsquo;enqu\u00eate.odt<\/a><a href=\"http:\/\/domounlaplaine.re\/wp-content\/uploads\/2023\/07\/communique_Avis-de-prolongation-denquete.odt.pdf\" class=\"wp-block-file__button wp-element-button\" download aria-describedby=\"wp-block-file--media-6898764e-dabc-41c3-b2a6-877839432304\">T\u00e9l\u00e9charger<\/a><\/div>\n\n\n\n<p>argumentaireparc<\/p>\n\n\n\n<div data-wp-interactive=\"core\/file\" class=\"wp-block-file\"><object data-wp-bind--hidden=\"!state.hasPdfPreview\" hidden class=\"wp-block-file__embed\" data=\"http:\/\/domounlaplaine.re\/wp-content\/uploads\/2023\/07\/argumentaire-final.pdf\" type=\"application\/pdf\" style=\"width:100%;height:600px\" aria-label=\"Contenu embarqu\u00e9 \u00e2rgumentaire final.\"><\/object><a id=\"wp-block-file--media-4deffd8f-2e3d-4092-996e-7343246d52f0\" href=\"http:\/\/domounlaplaine.re\/wp-content\/uploads\/2023\/07\/argumentaire-final.pdf\">\u00e2rgumentaire final<\/a><a href=\"http:\/\/domounlaplaine.re\/wp-content\/uploads\/2023\/07\/argumentaire-final.pdf\" class=\"wp-block-file__button wp-element-button\" download aria-describedby=\"wp-block-file--media-4deffd8f-2e3d-4092-996e-7343246d52f0\">T\u00e9l\u00e9charger<\/a><\/div>\n\n\n\n<p>ouverture enqu\u00eate rfo 1ere<\/p>\n\n\n\n<p><a href=\"https:\/\/www.facebook.com\/GEELLEPAIX\/videos\/980766376296559?idorvanity=878173033119197\">https:\/\/www.facebook.com\/GEELLEPAIX\/videos\/980766376296559?idorvanity=878173033119197<\/a><\/p>\n\n\n\n<p><a href=\"https:\/\/www.lequotidien.re\/actualites\/environnement\/video-la-plaine-des-cafres-les-tyroliennes-decrochees-du-parc-du-volcan\/?fbclid=IwAR02ARAMndzGZQHnMOnRnCAqZD2IO8PLM1WQaCNrO-1pYYOynlggPGXpHvc\">https:\/\/www.lequotidien.re\/actualites\/environnement\/video-la-plaine-des-cafres-les-tyroliennes-decrochees-du-parc-du-volcan\/?fbclid=IwAR02ARAMndzGZQHnMOnRnCAqZD2IO8PLM1WQaCNrO-1pYYOynlggPGXpHvc<\/a><\/p>\n\n\n\n<p> 22 juin 2023 <a href=\"https:\/\/www.zinfos974.com\/Debut-de-l-enquete-publique-sur-le-projet-de-parc-du-Volcan-Domoun-la-Plaine-expose-les-arguments_a197153.html\">https:\/\/www.zinfos974.com\/Debut-de-l-enquete-publique-sur-le-projet-de-parc-du-Volcan-Domoun-la-Plaine-expose-les-arguments_a197153.html<\/a><\/p>\n\n\n\n<div data-wp-interactive=\"core\/file\" class=\"wp-block-file\"><object data-wp-bind--hidden=\"!state.hasPdfPreview\" hidden class=\"wp-block-file__embed\" data=\"http:\/\/domounlaplaine.re\/wp-content\/uploads\/2023\/05\/2023apreu5_parc_volcan_tampon.pdf\" type=\"application\/pdf\" style=\"width:100%;height:600px\" aria-label=\"Contenu embarqu\u00e9 2023apreu5_parc_volcan_tampon.\"><\/object><a id=\"wp-block-file--media-758c1c9d-e810-41e0-b662-0e5899f44641\" href=\"http:\/\/domounlaplaine.re\/wp-content\/uploads\/2023\/05\/2023apreu5_parc_volcan_tampon.pdf\">2023apreu5_parc_volcan_tampon<\/a><a href=\"http:\/\/domounlaplaine.re\/wp-content\/uploads\/2023\/05\/2023apreu5_parc_volcan_tampon.pdf\" class=\"wp-block-file__button wp-element-button\" download aria-describedby=\"wp-block-file--media-758c1c9d-e810-41e0-b662-0e5899f44641\">T\u00e9l\u00e9charger<\/a><\/div>\n\n\n\n\n\n<div data-wp-interactive=\"core\/file\" class=\"wp-block-file\"><object data-wp-bind--hidden=\"!state.hasPdfPreview\" hidden class=\"wp-block-file__embed\" data=\"http:\/\/domounlaplaine.re\/wp-content\/uploads\/2023\/06\/Memoire-de-reponse-MRAe-2.pdf\" type=\"application\/pdf\" style=\"width:100%;height:600px\" aria-label=\"Contenu embarqu\u00e9 M\u00e9moire de r\u00e9ponse MRAe 2.\"><\/object><a id=\"wp-block-file--media-00d94407-4fdc-48d1-ad94-0d057009321f\" href=\"http:\/\/domounlaplaine.re\/wp-content\/uploads\/2023\/06\/Memoire-de-reponse-MRAe-2.pdf\">M\u00e9moire de r\u00e9ponse MRAe 2<\/a><a href=\"http:\/\/domounlaplaine.re\/wp-content\/uploads\/2023\/06\/Memoire-de-reponse-MRAe-2.pdf\" class=\"wp-block-file__button wp-element-button\" download aria-describedby=\"wp-block-file--media-00d94407-4fdc-48d1-ad94-0d057009321f\">T\u00e9l\u00e9charger<\/a><\/div>\n\n\n\n<div data-wp-interactive=\"core\/file\" class=\"wp-block-file\"><object data-wp-bind--hidden=\"!state.hasPdfPreview\" hidden class=\"wp-block-file__embed\" data=\"http:\/\/domounlaplaine.re\/wp-content\/uploads\/2023\/06\/Courrier-daccompagnement.pdf\" type=\"application\/pdf\" style=\"width:100%;height:600px\" aria-label=\"Contenu embarqu\u00e9 &lt;br&gt;Courrier d&apos;accompagnement.\"><\/object><a id=\"wp-block-file--media-13290bdf-93e8-4bfa-b545-d68c134f8ba1\" href=\"http:\/\/domounlaplaine.re\/wp-content\/uploads\/2023\/06\/Courrier-daccompagnement.pdf\"><br>Courrier d&rsquo;accompagnement<\/a><a href=\"http:\/\/domounlaplaine.re\/wp-content\/uploads\/2023\/06\/Courrier-daccompagnement.pdf\" class=\"wp-block-file__button wp-element-button\" download aria-describedby=\"wp-block-file--media-13290bdf-93e8-4bfa-b545-d68c134f8ba1\">T\u00e9l\u00e9charger<\/a><\/div>\n\n\n\n<div data-wp-interactive=\"core\/file\" class=\"wp-block-file\"><object data-wp-bind--hidden=\"!state.hasPdfPreview\" hidden class=\"wp-block-file__embed\" data=\"http:\/\/domounlaplaine.re\/wp-content\/uploads\/2023\/06\/Arrete-n\u00b02023-1081-du-1er-juin-2023.pdf\" type=\"application\/pdf\" style=\"width:100%;height:600px\" aria-label=\"Contenu embarqu\u00e9 &lt;br&gt;&lt;br&gt;Arr\u00eat\u00e9 n\u00b02023-1081 du 1er juin 2023.\"><\/object><a id=\"wp-block-file--media-7fa2fac1-467b-427f-abdc-4dbab5d5cbe2\" href=\"http:\/\/domounlaplaine.re\/wp-content\/uploads\/2023\/06\/Arrete-n\u00b02023-1081-du-1er-juin-2023.pdf\"><br><br>Arr\u00eat\u00e9 n\u00b02023-1081 du 1er juin 2023<\/a><a href=\"http:\/\/domounlaplaine.re\/wp-content\/uploads\/2023\/06\/Arrete-n\u00b02023-1081-du-1er-juin-2023.pdf\" class=\"wp-block-file__button wp-element-button\" download aria-describedby=\"wp-block-file--media-7fa2fac1-467b-427f-abdc-4dbab5d5cbe2\">T\u00e9l\u00e9charger<\/a><\/div>\n\n\n\n<div data-wp-interactive=\"core\/file\" class=\"wp-block-file\"><object data-wp-bind--hidden=\"!state.hasPdfPreview\" hidden class=\"wp-block-file__embed\" data=\"http:\/\/domounlaplaine.re\/wp-content\/uploads\/2023\/06\/ANNEXE-3-Bilan-concertation-1.pdf\" type=\"application\/pdf\" style=\"width:100%;height:600px\" aria-label=\"Contenu embarqu\u00e9 ANNEXE 3 Bilan concertation (1).\"><\/object><a id=\"wp-block-file--media-8ef910dd-5889-4334-8b73-9a873fe083e9\" href=\"http:\/\/domounlaplaine.re\/wp-content\/uploads\/2023\/06\/ANNEXE-3-Bilan-concertation-1.pdf\">ANNEXE 3 Bilan concertation (1)<\/a><a href=\"http:\/\/domounlaplaine.re\/wp-content\/uploads\/2023\/06\/ANNEXE-3-Bilan-concertation-1.pdf\" class=\"wp-block-file__button wp-element-button\" download aria-describedby=\"wp-block-file--media-8ef910dd-5889-4334-8b73-9a873fe083e9\">T\u00e9l\u00e9charger<\/a><\/div>\n\n\n\n<div data-wp-interactive=\"core\/file\" class=\"wp-block-file\"><object data-wp-bind--hidden=\"!state.hasPdfPreview\" hidden class=\"wp-block-file__embed\" data=\"http:\/\/domounlaplaine.re\/wp-content\/uploads\/2023\/06\/Avis-ARS.pdf\" type=\"application\/pdf\" style=\"width:100%;height:600px\" aria-label=\"Contenu embarqu\u00e9 Avis ARS.\"><\/object><a id=\"wp-block-file--media-d807b9ac-0367-4471-8e0c-355725d88ca0\" href=\"http:\/\/domounlaplaine.re\/wp-content\/uploads\/2023\/06\/Avis-ARS.pdf\">Avis ARS<\/a><a href=\"http:\/\/domounlaplaine.re\/wp-content\/uploads\/2023\/06\/Avis-ARS.pdf\" class=\"wp-block-file__button wp-element-button\" download aria-describedby=\"wp-block-file--media-d807b9ac-0367-4471-8e0c-355725d88ca0\">T\u00e9l\u00e9charger<\/a><\/div>\n\n\n\n<div data-wp-interactive=\"core\/file\" class=\"wp-block-file\"><object data-wp-bind--hidden=\"!state.hasPdfPreview\" hidden class=\"wp-block-file__embed\" data=\"http:\/\/domounlaplaine.re\/wp-content\/uploads\/2023\/06\/PJ7-AUE-Parc-du-Volcan-Note-de-presentation-non-technique_surligne-1.pdf\" type=\"application\/pdf\" style=\"width:100%;height:600px\" aria-label=\"Contenu embarqu\u00e9 PJ7 - AUE Parc du Volcan - Note de pr\u00e9sentation non technique_surlign\u00e9 (1).\"><\/object><a id=\"wp-block-file--media-81a51f0e-20cf-42cc-84a1-fc6f67aa6e85\" href=\"http:\/\/domounlaplaine.re\/wp-content\/uploads\/2023\/06\/PJ7-AUE-Parc-du-Volcan-Note-de-presentation-non-technique_surligne-1.pdf\">PJ7 &#8211; AUE Parc du Volcan &#8211; Note de pr\u00e9sentation non technique_surlign\u00e9 (1)<\/a><a href=\"http:\/\/domounlaplaine.re\/wp-content\/uploads\/2023\/06\/PJ7-AUE-Parc-du-Volcan-Note-de-presentation-non-technique_surligne-1.pdf\" class=\"wp-block-file__button wp-element-button\" download aria-describedby=\"wp-block-file--media-81a51f0e-20cf-42cc-84a1-fc6f67aa6e85\">T\u00e9l\u00e9charger<\/a><\/div>\n\n\n\n<div data-wp-interactive=\"core\/file\" class=\"wp-block-file\"><object data-wp-bind--hidden=\"!state.hasPdfPreview\" hidden class=\"wp-block-file__embed\" data=\"http:\/\/domounlaplaine.re\/wp-content\/uploads\/2023\/06\/02-Etude-dimpact.pdf\" type=\"application\/pdf\" style=\"width:100%;height:600px\" aria-label=\"Contenu embarqu\u00e9 02 - Etude d&apos;impact.\"><\/object><a id=\"wp-block-file--media-7a081201-9dc2-4ef6-9e14-7417e134f31d\" href=\"http:\/\/domounlaplaine.re\/wp-content\/uploads\/2023\/06\/02-Etude-dimpact.pdf\">02 &#8211; Etude d&rsquo;impact<\/a><a href=\"http:\/\/domounlaplaine.re\/wp-content\/uploads\/2023\/06\/02-Etude-dimpact.pdf\" class=\"wp-block-file__button wp-element-button\" download aria-describedby=\"wp-block-file--media-7a081201-9dc2-4ef6-9e14-7417e134f31d\">T\u00e9l\u00e9charger<\/a><\/div>\n\n\n","protected":false},"excerpt":{"rendered":"<p>parti socialiste 14 aout 2023 https:\/\/imazpress.com\/courrier-des-lecteurs\/le-parc-du-volcan-un-projet-bien-compromis europe ecologie les verts 10 aout 2023 https:\/\/imazpress.com\/courrier-des-lecteurs\/-enquete-publique-sur-le-projet-de-parc-de-loisirs-a-bourg-murat https:\/\/imazpress.com\/actus-reunion\/parc-volcan?fbclid=IwAR1-KCpxasBHGSDterQwpOHw5GisS8fpUDJUwktChJ2Zsp3Ncs8o1yCrnao https:\/\/www.clicanoo.re\/article\/societe\/2023\/08\/10\/parc-du-volcan-lenquete-publique-estterminee-64d44a4328983 https:\/\/la1ere.francetvinfo.fr\/reunion\/tampon\/plaine-cafres\/projet-du-parc-du-volcan-l-enquete-publique-prend-fin-ce-mercredi-9-aout-1419794.html https:\/\/www.zinfos974.com\/parc-du-volcan-domoun-la-plaine-rappelle-les-milliers-de-signatures-recoltees-par-les-petitions-opposees-au-projet\/ arr\u00eat\u00e9 prefectoral prolongement enqu\u00eate jusqu&rsquo;au 9 aout argumentaireparc ouverture enqu\u00eate rfo 1ere https:\/\/www.facebook.com\/GEELLEPAIX\/videos\/980766376296559?idorvanity=878173033119197 https:\/\/www.lequotidien.re\/actualites\/environnement\/video-la-plaine-des-cafres-les-tyroliennes-decrochees-du-parc-du-volcan\/?fbclid=IwAR02ARAMndzGZQHnMOnRnCAqZD2IO8PLM1WQaCNrO-1pYYOynlggPGXpHvc 22 juin 2023 https:\/\/www.zinfos974.com\/Debut-de-l-enquete-publique-sur-le-projet-de-parc-du-Volcan-Domoun-la-Plaine-expose-les-arguments_a197153.html<\/p>\n","protected":false},"author":1,"featured_media":0,"parent":0,"menu_order":0,"comment_status":"closed","ping_status":"closed","template":"","meta":{"footnotes":""},"class_list":["post-693","page","type-page","status-publish","hentry"],"_links":{"self":[{"href":"http:\/\/domounlaplaine.re\/index.php?rest_route=\/wp\/v2\/pages\/693","targetHints":{"allow":["GET"]}}],"collection":[{"href":"http:\/\/domounlaplaine.re\/index.php?rest_route=\/wp\/v2\/pages"}],"about":[{"href":"http:\/\/domounlaplaine.re\/index.php?rest_route=\/wp\/v2\/types\/page"}],"author":[{"embeddable":true,"href":"http:\/\/domounlaplaine.re\/index.php?rest_route=\/wp\/v2\/users\/1"}],"replies":[{"embeddable":true,"href":"http:\/\/domounlaplaine.re\/index.php?rest_route=%2Fwp%2Fv2%2Fcomments&post=693"}],"version-history":[{"count":34,"href":"http:\/\/domounlaplaine.re\/index.php?rest_route=\/wp\/v2\/pages\/693\/revisions"}],"predecessor-version":[{"id":2890,"href":"http:\/\/domounlaplaine.re\/index.php?rest_route=\/wp\/v2\/pages\/693\/revisions\/2890"}],"wp:attachment":[{"href":"http:\/\/domounlaplaine.re\/index.php?rest_route=%2Fwp%2Fv2%2Fmedia&parent=693"}],"curies":[{"name":"wp","href":"https:\/\/api.w.org\/{rel}","templated":true}]}}