{"id":685,"date":"2021-10-24T10:56:51","date_gmt":"2021-10-24T06:56:51","guid":{"rendered":"http:\/\/domounlaplaine.re\/?page_id=685"},"modified":"2021-12-29T21:54:42","modified_gmt":"2021-12-29T17:54:42","slug":"bilan-enquete-prealable-parc","status":"publish","type":"page","link":"http:\/\/domounlaplaine.re\/?page_id=685","title":{"rendered":"bilan enqu\u00eate pr\u00e9alable parc"},"content":{"rendered":"\n<figure class=\"wp-block-image size-large is-resized\"><img loading=\"lazy\" decoding=\"async\" src=\"http:\/\/domounlaplaine.re\/wp-content\/uploads\/2021\/10\/05-PLANCHE-03-724x1024.jpg\" alt=\"\" class=\"wp-image-737\" width=\"724\" height=\"1024\" srcset=\"http:\/\/domounlaplaine.re\/wp-content\/uploads\/2021\/10\/05-PLANCHE-03-724x1024.jpg 724w, http:\/\/domounlaplaine.re\/wp-content\/uploads\/2021\/10\/05-PLANCHE-03-212x300.jpg 212w, http:\/\/domounlaplaine.re\/wp-content\/uploads\/2021\/10\/05-PLANCHE-03-768x1086.jpg 768w, http:\/\/domounlaplaine.re\/wp-content\/uploads\/2021\/10\/05-PLANCHE-03-1087x1536.jpg 1087w, http:\/\/domounlaplaine.re\/wp-content\/uploads\/2021\/10\/05-PLANCHE-03.jpg 1192w\" sizes=\"auto, (max-width: 724px) 100vw, 724px\" \/><\/figure>\n\n\n\n<div data-wp-interactive=\"core\/file\" class=\"wp-block-file\"><object data-wp-bind--hidden=\"!state.hasPdfPreview\" hidden class=\"wp-block-file__embed\" data=\"http:\/\/domounlaplaine.re\/wp-content\/uploads\/2021\/10\/BILAN-enquete-prealable-parc-du-volcan-juillet-2021VF.pdf\" type=\"application\/pdf\" style=\"width:100%;height:600px\" aria-label=\"Contenu embarqu\u00e9 Contenu embarqu\u00e9 BILAN enqu\u00eate pr\u00e9alable parc du volcan juillet 2021VF..\"><\/object><a href=\"http:\/\/domounlaplaine.re\/wp-content\/uploads\/2021\/10\/BILAN-enquete-prealable-parc-du-volcan-juillet-2021VF.pdf\">BILAN enqu\u00eate pr\u00e9alable parc du volcan juillet 2021VF<\/a><a href=\"http:\/\/domounlaplaine.re\/wp-content\/uploads\/2021\/10\/BILAN-enquete-prealable-parc-du-volcan-juillet-2021VF.pdf\" class=\"wp-block-file__button\" download>T\u00e9l\u00e9charger<\/a><\/div>\n\n\n\n<p><a href=\"https:\/\/www.debatpublic.fr\/sites\/default\/files\/2021-08\/ANNEXES%20EXT%20%282%29.pdf\">https:\/\/www.debatpublic.fr\/sites\/default\/files\/2021-08\/ANNEXES%20EXT%20%282%29.pdf<\/a><\/p>\n\n\n\n<div data-wp-interactive=\"core\/file\" class=\"wp-block-file\"><object data-wp-bind--hidden=\"!state.hasPdfPreview\" hidden class=\"wp-block-file__embed\" data=\"http:\/\/domounlaplaine.re\/wp-content\/uploads\/2021\/10\/extrait-bilan-avant-propos.pdf\" type=\"application\/pdf\" style=\"width:100%;height:600px\" aria-label=\"Contenu embarqu\u00e9 Contenu embarqu\u00e9 extrait bilan avant propos..\"><\/object><a href=\"http:\/\/domounlaplaine.re\/wp-content\/uploads\/2021\/10\/extrait-bilan-avant-propos.pdf\">extrait bilan avant propos<\/a><a href=\"http:\/\/domounlaplaine.re\/wp-content\/uploads\/2021\/10\/extrait-bilan-avant-propos.pdf\" class=\"wp-block-file__button\" download>T\u00e9l\u00e9charger<\/a><\/div>\n\n\n\n<div data-wp-interactive=\"core\/file\" class=\"wp-block-file\"><object data-wp-bind--hidden=\"!state.hasPdfPreview\" hidden class=\"wp-block-file__embed\" data=\"http:\/\/domounlaplaine.re\/wp-content\/uploads\/2021\/10\/extrait-synthese.pdf\" type=\"application\/pdf\" style=\"width:100%;height:600px\" aria-label=\"Contenu embarqu\u00e9 Contenu embarqu\u00e9 extrait synthese..\"><\/object><a href=\"http:\/\/domounlaplaine.re\/wp-content\/uploads\/2021\/10\/extrait-synthese.pdf\">extrait synthese<\/a><a href=\"http:\/\/domounlaplaine.re\/wp-content\/uploads\/2021\/10\/extrait-synthese.pdf\" class=\"wp-block-file__button\" download>T\u00e9l\u00e9charger<\/a><\/div>\n\n\n\n<div data-wp-interactive=\"core\/file\" class=\"wp-block-file\"><object data-wp-bind--hidden=\"!state.hasPdfPreview\" hidden class=\"wp-block-file__embed\" data=\"http:\/\/domounlaplaine.re\/wp-content\/uploads\/2021\/10\/extrait-environnement.pdf\" type=\"application\/pdf\" style=\"width:100%;height:600px\" aria-label=\"Contenu embarqu\u00e9 Contenu embarqu\u00e9 extrait environnement..\"><\/object><a href=\"http:\/\/domounlaplaine.re\/wp-content\/uploads\/2021\/10\/extrait-environnement.pdf\">extrait environnement<\/a><a href=\"http:\/\/domounlaplaine.re\/wp-content\/uploads\/2021\/10\/extrait-environnement.pdf\" class=\"wp-block-file__button\" download>T\u00e9l\u00e9charger<\/a><\/div>\n\n\n\n<div data-wp-interactive=\"core\/file\" class=\"wp-block-file\"><object data-wp-bind--hidden=\"!state.hasPdfPreview\" hidden class=\"wp-block-file__embed\" data=\"http:\/\/domounlaplaine.re\/wp-content\/uploads\/2021\/10\/extrait-questions-peripheriques.pdf\" type=\"application\/pdf\" style=\"width:100%;height:600px\" aria-label=\"Contenu embarqu\u00e9 Contenu embarqu\u00e9 extrait questions peripheriques..\"><\/object><a href=\"http:\/\/domounlaplaine.re\/wp-content\/uploads\/2021\/10\/extrait-questions-peripheriques.pdf\">extrait questions peripheriques<\/a><a href=\"http:\/\/domounlaplaine.re\/wp-content\/uploads\/2021\/10\/extrait-questions-peripheriques.pdf\" class=\"wp-block-file__button\" download>T\u00e9l\u00e9charger<\/a><\/div>\n\n\n\n<div data-wp-interactive=\"core\/file\" class=\"wp-block-file\"><object data-wp-bind--hidden=\"!state.hasPdfPreview\" hidden class=\"wp-block-file__embed\" data=\"http:\/\/domounlaplaine.re\/wp-content\/uploads\/2021\/10\/extrait-fonctionnement.pdf\" type=\"application\/pdf\" style=\"width:100%;height:600px\" aria-label=\"Contenu embarqu\u00e9 Contenu embarqu\u00e9 extrait fonctionnement..\"><\/object><a href=\"http:\/\/domounlaplaine.re\/wp-content\/uploads\/2021\/10\/extrait-fonctionnement.pdf\">extrait fonctionnement<\/a><a href=\"http:\/\/domounlaplaine.re\/wp-content\/uploads\/2021\/10\/extrait-fonctionnement.pdf\" class=\"wp-block-file__button\" download>T\u00e9l\u00e9charger<\/a><\/div>\n\n\n\n<div data-wp-interactive=\"core\/file\" class=\"wp-block-file\"><object data-wp-bind--hidden=\"!state.hasPdfPreview\" hidden class=\"wp-block-file__embed\" data=\"http:\/\/domounlaplaine.re\/wp-content\/uploads\/2021\/10\/extrait-contexte-du-projet.pdf\" type=\"application\/pdf\" style=\"width:100%;height:600px\" aria-label=\"Contenu embarqu\u00e9 Contenu embarqu\u00e9 extrait contexte du projet..\"><\/object><a href=\"http:\/\/domounlaplaine.re\/wp-content\/uploads\/2021\/10\/extrait-contexte-du-projet.pdf\">extrait contexte du projet<\/a><a href=\"http:\/\/domounlaplaine.re\/wp-content\/uploads\/2021\/10\/extrait-contexte-du-projet.pdf\" class=\"wp-block-file__button\" download>T\u00e9l\u00e9charger<\/a><\/div>\n\n\n\n<div data-wp-interactive=\"core\/file\" class=\"wp-block-file\"><object data-wp-bind--hidden=\"!state.hasPdfPreview\" hidden class=\"wp-block-file__embed\" data=\"http:\/\/domounlaplaine.re\/wp-content\/uploads\/2021\/12\/Synthese-finale-sur-bilan-concertation-PDV1.pdf\" type=\"application\/pdf\" style=\"width:100%;height:600px\" aria-label=\"Contenu embarqu\u00e9 Contenu embarqu\u00e9 Synthese finale sur bilan concertation PDV(1)..\"><\/object><a href=\"http:\/\/domounlaplaine.re\/wp-content\/uploads\/2021\/12\/Synthese-finale-sur-bilan-concertation-PDV1.pdf\">Synthese finale sur bilan concertation PDV(1)<\/a><a href=\"http:\/\/domounlaplaine.re\/wp-content\/uploads\/2021\/12\/Synthese-finale-sur-bilan-concertation-PDV1.pdf\" class=\"wp-block-file__button\" download><\/a><\/div>\n","protected":false},"excerpt":{"rendered":"<p>https:\/\/www.debatpublic.fr\/sites\/default\/files\/2021-08\/ANNEXES%20EXT%20%282%29.pdf<\/p>\n","protected":false},"author":1,"featured_media":0,"parent":0,"menu_order":0,"comment_status":"closed","ping_status":"closed","template":"","meta":{"footnotes":""},"class_list":["post-685","page","type-page","status-publish","hentry"],"_links":{"self":[{"href":"http:\/\/domounlaplaine.re\/index.php?rest_route=\/wp\/v2\/pages\/685","targetHints":{"allow":["GET"]}}],"collection":[{"href":"http:\/\/domounlaplaine.re\/index.php?rest_route=\/wp\/v2\/pages"}],"about":[{"href":"http:\/\/domounlaplaine.re\/index.php?rest_route=\/wp\/v2\/types\/page"}],"author":[{"embeddable":true,"href":"http:\/\/domounlaplaine.re\/index.php?rest_route=\/wp\/v2\/users\/1"}],"replies":[{"embeddable":true,"href":"http:\/\/domounlaplaine.re\/index.php?rest_route=%2Fwp%2Fv2%2Fcomments&post=685"}],"version-history":[{"count":9,"href":"http:\/\/domounlaplaine.re\/index.php?rest_route=\/wp\/v2\/pages\/685\/revisions"}],"predecessor-version":[{"id":1546,"href":"http:\/\/domounlaplaine.re\/index.php?rest_route=\/wp\/v2\/pages\/685\/revisions\/1546"}],"wp:attachment":[{"href":"http:\/\/domounlaplaine.re\/index.php?rest_route=%2Fwp%2Fv2%2Fmedia&parent=685"}],"curies":[{"name":"wp","href":"https:\/\/api.w.org\/{rel}","templated":true}]}}