{"id":584,"date":"2021-10-19T11:49:00","date_gmt":"2021-10-19T11:49:00","guid":{"rendered":"http:\/\/domounlaplaine.re\/?page_id=584"},"modified":"2022-06-28T12:44:12","modified_gmt":"2022-06-28T08:44:12","slug":"tyrolienne","status":"publish","type":"page","link":"http:\/\/domounlaplaine.re\/?page_id=584","title":{"rendered":"10 Tyroliennes"},"content":{"rendered":"\n<p>( 4 de 850 m et 6 de 550m) record du monde !!!!catastrophe \u00e9cologique et \u00e9conomique annonc\u00e9e !!!!!!!!!!!<\/p>\n\n\n\n<figure class=\"wp-block-image size-large\"><img loading=\"lazy\" decoding=\"async\" width=\"1024\" height=\"619\" src=\"http:\/\/domounlaplaine.re\/wp-content\/uploads\/2022\/01\/TYROLIENNES-2022-1024x619.jpg\" alt=\"\" class=\"wp-image-1717\" srcset=\"http:\/\/domounlaplaine.re\/wp-content\/uploads\/2022\/01\/TYROLIENNES-2022-1024x619.jpg 1024w, http:\/\/domounlaplaine.re\/wp-content\/uploads\/2022\/01\/TYROLIENNES-2022-300x181.jpg 300w, http:\/\/domounlaplaine.re\/wp-content\/uploads\/2022\/01\/TYROLIENNES-2022-768x464.jpg 768w, http:\/\/domounlaplaine.re\/wp-content\/uploads\/2022\/01\/TYROLIENNES-2022-240x145.jpg 240w, http:\/\/domounlaplaine.re\/wp-content\/uploads\/2022\/01\/TYROLIENNES-2022.jpg 1046w\" sizes=\"auto, (max-width: 1024px) 100vw, 1024px\" \/><\/figure>\n\n\n\n<p><a href=\"http:\/\/domounlaplaine.re\/?page_id=584\">Voir la page<\/a><\/p>\n\n\n\n<figure class=\"wp-block-image size-full\"><img loading=\"lazy\" decoding=\"async\" width=\"675\" height=\"759\" src=\"http:\/\/domounlaplaine.re\/wp-content\/uploads\/2022\/06\/Capture-decran-2022-06-20-a-10.07.01-1.png\" alt=\"\" class=\"wp-image-2140\" srcset=\"http:\/\/domounlaplaine.re\/wp-content\/uploads\/2022\/06\/Capture-decran-2022-06-20-a-10.07.01-1.png 675w, http:\/\/domounlaplaine.re\/wp-content\/uploads\/2022\/06\/Capture-decran-2022-06-20-a-10.07.01-1-267x300.png 267w\" sizes=\"auto, (max-width: 675px) 100vw, 675px\" \/><\/figure>\n\n\n\n<figure class=\"wp-block-image size-full\"><img loading=\"lazy\" decoding=\"async\" width=\"677\" height=\"761\" src=\"http:\/\/domounlaplaine.re\/wp-content\/uploads\/2022\/06\/Capture-decran-2022-06-20-a-10.07.18-1.png\" alt=\"\" class=\"wp-image-2141\" srcset=\"http:\/\/domounlaplaine.re\/wp-content\/uploads\/2022\/06\/Capture-decran-2022-06-20-a-10.07.18-1.png 677w, http:\/\/domounlaplaine.re\/wp-content\/uploads\/2022\/06\/Capture-decran-2022-06-20-a-10.07.18-1-267x300.png 267w\" sizes=\"auto, (max-width: 677px) 100vw, 677px\" \/><\/figure>\n\n\n\n<figure class=\"wp-block-image size-full\"><img loading=\"lazy\" decoding=\"async\" width=\"681\" height=\"760\" src=\"http:\/\/domounlaplaine.re\/wp-content\/uploads\/2022\/06\/Capture-decran-2022-06-20-a-13.47.22.png\" alt=\"\" class=\"wp-image-2143\" srcset=\"http:\/\/domounlaplaine.re\/wp-content\/uploads\/2022\/06\/Capture-decran-2022-06-20-a-13.47.22.png 681w, http:\/\/domounlaplaine.re\/wp-content\/uploads\/2022\/06\/Capture-decran-2022-06-20-a-13.47.22-269x300.png 269w\" sizes=\"auto, (max-width: 681px) 100vw, 681px\" \/><\/figure>\n\n\n\n<figure class=\"wp-block-image size-full\"><img loading=\"lazy\" decoding=\"async\" width=\"677\" height=\"763\" src=\"http:\/\/domounlaplaine.re\/wp-content\/uploads\/2022\/06\/Capture-decran-2022-06-20-a-13.47.38.png\" alt=\"\" class=\"wp-image-2144\" srcset=\"http:\/\/domounlaplaine.re\/wp-content\/uploads\/2022\/06\/Capture-decran-2022-06-20-a-13.47.38.png 677w, http:\/\/domounlaplaine.re\/wp-content\/uploads\/2022\/06\/Capture-decran-2022-06-20-a-13.47.38-266x300.png 266w\" sizes=\"auto, (max-width: 677px) 100vw, 677px\" \/><\/figure>\n\n\n\n<figure class=\"wp-block-image size-full\"><img loading=\"lazy\" decoding=\"async\" width=\"678\" height=\"762\" src=\"http:\/\/domounlaplaine.re\/wp-content\/uploads\/2022\/06\/Capture-decran-2022-06-20-a-13.47.09.png\" alt=\"\" class=\"wp-image-2142\" srcset=\"http:\/\/domounlaplaine.re\/wp-content\/uploads\/2022\/06\/Capture-decran-2022-06-20-a-13.47.09.png 678w, http:\/\/domounlaplaine.re\/wp-content\/uploads\/2022\/06\/Capture-decran-2022-06-20-a-13.47.09-267x300.png 267w\" sizes=\"auto, (max-width: 678px) 100vw, 678px\" \/><\/figure>\n\n\n\n<figure class=\"wp-block-image size-full\"><img loading=\"lazy\" decoding=\"async\" width=\"674\" height=\"756\" src=\"http:\/\/domounlaplaine.re\/wp-content\/uploads\/2022\/06\/Capture-decran-2022-06-20-a-10.06.47-1.png\" alt=\"\" class=\"wp-image-2139\" srcset=\"http:\/\/domounlaplaine.re\/wp-content\/uploads\/2022\/06\/Capture-decran-2022-06-20-a-10.06.47-1.png 674w, http:\/\/domounlaplaine.re\/wp-content\/uploads\/2022\/06\/Capture-decran-2022-06-20-a-10.06.47-1-267x300.png 267w\" sizes=\"auto, (max-width: 674px) 100vw, 674px\" \/><\/figure>\n\n\n\n<figure class=\"wp-block-embed is-type-video is-provider-youtube wp-block-embed-youtube wp-embed-aspect-16-9 wp-has-aspect-ratio\"><div class=\"wp-block-embed__wrapper\">\n<iframe loading=\"lazy\" title=\"TYROLIENNES DUGAIN PARC DU VOLCAN\" width=\"640\" height=\"360\" src=\"https:\/\/www.youtube.com\/embed\/CFsccKBGv2I?feature=oembed\" frameborder=\"0\" allow=\"accelerometer; autoplay; clipboard-write; encrypted-media; gyroscope; picture-in-picture; web-share\" referrerpolicy=\"strict-origin-when-cross-origin\" allowfullscreen><\/iframe>\n<\/div><\/figure>\n\n\n\n<p><\/p>\n\n\n\n<figure class=\"wp-block-image size-large\"><img loading=\"lazy\" decoding=\"async\" width=\"1024\" height=\"576\" src=\"http:\/\/domounlaplaine.re\/wp-content\/uploads\/2021\/11\/parc-du-volcan-piton-dugain-tyroliennes-1024x576.jpg\" alt=\"\" class=\"wp-image-1273\" srcset=\"http:\/\/domounlaplaine.re\/wp-content\/uploads\/2021\/11\/parc-du-volcan-piton-dugain-tyroliennes-1024x576.jpg 1024w, http:\/\/domounlaplaine.re\/wp-content\/uploads\/2021\/11\/parc-du-volcan-piton-dugain-tyroliennes-300x169.jpg 300w, http:\/\/domounlaplaine.re\/wp-content\/uploads\/2021\/11\/parc-du-volcan-piton-dugain-tyroliennes-768x432.jpg 768w, http:\/\/domounlaplaine.re\/wp-content\/uploads\/2021\/11\/parc-du-volcan-piton-dugain-tyroliennes-1536x864.jpg 1536w, http:\/\/domounlaplaine.re\/wp-content\/uploads\/2021\/11\/parc-du-volcan-piton-dugain-tyroliennes-2048x1152.jpg 2048w\" sizes=\"auto, (max-width: 1024px) 100vw, 1024px\" \/><figcaption>DCIM100MEDIADJI_0004.JPG<\/figcaption><\/figure>\n\n\n\n<figure class=\"wp-block-image size-large is-resized\"><img loading=\"lazy\" decoding=\"async\" src=\"http:\/\/domounlaplaine.re\/wp-content\/uploads\/2021\/10\/plainedescafres-1024x277.jpg\" alt=\"\" class=\"wp-image-971\" width=\"840\" height=\"227\" srcset=\"http:\/\/domounlaplaine.re\/wp-content\/uploads\/2021\/10\/plainedescafres-1024x277.jpg 1024w, http:\/\/domounlaplaine.re\/wp-content\/uploads\/2021\/10\/plainedescafres-300x81.jpg 300w, http:\/\/domounlaplaine.re\/wp-content\/uploads\/2021\/10\/plainedescafres-768x207.jpg 768w, http:\/\/domounlaplaine.re\/wp-content\/uploads\/2021\/10\/plainedescafres.jpg 1422w\" sizes=\"auto, (max-width: 840px) 100vw, 840px\" \/><\/figure>\n","protected":false},"excerpt":{"rendered":"<p>( 4 de 850 m et 6 de 550m) record du monde !!!!catastrophe \u00e9cologique et \u00e9conomique annonc\u00e9e !!!!!!!!!!! Voir la page<\/p>\n","protected":false},"author":1,"featured_media":0,"parent":0,"menu_order":0,"comment_status":"closed","ping_status":"closed","template":"","meta":{"footnotes":""},"class_list":["post-584","page","type-page","status-publish","hentry"],"_links":{"self":[{"href":"http:\/\/domounlaplaine.re\/index.php?rest_route=\/wp\/v2\/pages\/584","targetHints":{"allow":["GET"]}}],"collection":[{"href":"http:\/\/domounlaplaine.re\/index.php?rest_route=\/wp\/v2\/pages"}],"about":[{"href":"http:\/\/domounlaplaine.re\/index.php?rest_route=\/wp\/v2\/types\/page"}],"author":[{"embeddable":true,"href":"http:\/\/domounlaplaine.re\/index.php?rest_route=\/wp\/v2\/users\/1"}],"replies":[{"embeddable":true,"href":"http:\/\/domounlaplaine.re\/index.php?rest_route=%2Fwp%2Fv2%2Fcomments&post=584"}],"version-history":[{"count":11,"href":"http:\/\/domounlaplaine.re\/index.php?rest_route=\/wp\/v2\/pages\/584\/revisions"}],"predecessor-version":[{"id":2210,"href":"http:\/\/domounlaplaine.re\/index.php?rest_route=\/wp\/v2\/pages\/584\/revisions\/2210"}],"wp:attachment":[{"href":"http:\/\/domounlaplaine.re\/index.php?rest_route=%2Fwp%2Fv2%2Fmedia&parent=584"}],"curies":[{"name":"wp","href":"https:\/\/api.w.org\/{rel}","templated":true}]}}