{"id":566,"date":"2021-10-19T11:37:03","date_gmt":"2021-10-19T11:37:03","guid":{"rendered":"http:\/\/domounlaplaine.re\/?page_id=566"},"modified":"2021-12-22T15:52:05","modified_gmt":"2021-12-22T11:52:05","slug":"enquete-prealable-parc-du-volcan","status":"publish","type":"page","link":"http:\/\/domounlaplaine.re\/?page_id=566","title":{"rendered":"Enqu\u00eate pr\u00e9alable PROJET tyroliennes"},"content":{"rendered":"\n<figure class=\"wp-block-image size-large\"><img loading=\"lazy\" decoding=\"async\" width=\"1024\" height=\"576\" src=\"http:\/\/domounlaplaine.re\/wp-content\/uploads\/2021\/11\/parc-du-volcan-piton-dugain-tyroliennes-1024x576.jpg\" alt=\"\" class=\"wp-image-1273\" srcset=\"http:\/\/domounlaplaine.re\/wp-content\/uploads\/2021\/11\/parc-du-volcan-piton-dugain-tyroliennes-1024x576.jpg 1024w, http:\/\/domounlaplaine.re\/wp-content\/uploads\/2021\/11\/parc-du-volcan-piton-dugain-tyroliennes-300x169.jpg 300w, http:\/\/domounlaplaine.re\/wp-content\/uploads\/2021\/11\/parc-du-volcan-piton-dugain-tyroliennes-768x432.jpg 768w, http:\/\/domounlaplaine.re\/wp-content\/uploads\/2021\/11\/parc-du-volcan-piton-dugain-tyroliennes-1536x864.jpg 1536w, http:\/\/domounlaplaine.re\/wp-content\/uploads\/2021\/11\/parc-du-volcan-piton-dugain-tyroliennes-2048x1152.jpg 2048w\" sizes=\"auto, (max-width: 1024px) 100vw, 1024px\" \/><figcaption>DCIM100MEDIADJI_0004.JPG<\/figcaption><\/figure>\n\n\n\n<div data-wp-interactive=\"core\/file\" class=\"wp-block-file\"><object data-wp-bind--hidden=\"!state.hasPdfPreview\" hidden class=\"wp-block-file__embed\" data=\"http:\/\/domounlaplaine.re\/wp-content\/uploads\/2021\/11\/conseil-municipal-du-23-juin-2018.pdf\" type=\"application\/pdf\" style=\"width:100%;height:600px\" aria-label=\"Contenu embarqu\u00e9 Contenu embarqu\u00e9 conseil municipal du 23 juin 2018..\"><\/object><a href=\"http:\/\/domounlaplaine.re\/wp-content\/uploads\/2021\/11\/conseil-municipal-du-23-juin-2018.pdf\">conseil municipal du 23 juin 2018<\/a><a href=\"http:\/\/domounlaplaine.re\/wp-content\/uploads\/2021\/11\/conseil-municipal-du-23-juin-2018.pdf\" class=\"wp-block-file__button\" download>T\u00e9l\u00e9charger<\/a><\/div>\n\n\n\n<div data-wp-interactive=\"core\/file\" class=\"wp-block-file\"><object data-wp-bind--hidden=\"!state.hasPdfPreview\" hidden class=\"wp-block-file__embed\" data=\"http:\/\/domounlaplaine.re\/wp-content\/uploads\/2021\/10\/arrete_no2018-1200_du_10_juillet_2018-1.pdf\" type=\"application\/pdf\" style=\"width:100%;height:600px\" aria-label=\"Contenu embarqu\u00e9 Contenu embarqu\u00e9 arrete_no2018-1200_du_10_juillet_2018..\"><\/object><a href=\"http:\/\/domounlaplaine.re\/wp-content\/uploads\/2021\/10\/arrete_no2018-1200_du_10_juillet_2018-1.pdf\">arrete_no2018-1200_du_10_juillet_2018<\/a><a href=\"http:\/\/domounlaplaine.re\/wp-content\/uploads\/2021\/10\/arrete_no2018-1200_du_10_juillet_2018-1.pdf\" class=\"wp-block-file__button\" download>T\u00e9l\u00e9charger<\/a><\/div>\n\n\n\n<p>conseil municipal 25 aout 2018 <\/p>\n\n\n\n<div data-wp-interactive=\"core\/file\" class=\"wp-block-file\"><object data-wp-bind--hidden=\"!state.hasPdfPreview\" hidden class=\"wp-block-file__embed\" data=\"http:\/\/domounlaplaine.re\/wp-content\/uploads\/2021\/12\/TYROLLIENNES-Compte-rendu-du-Conseil-Municipal-du-samedi-25-aout-2018-S-MARCHE-LOT-2-ET-3.pdf\" type=\"application\/pdf\" style=\"width:100%;height:600px\" aria-label=\"Contenu embarqu\u00e9 Contenu embarqu\u00e9 TYROLLIENNES Compte rendu du Conseil Municipal du samedi 25 ao\u00fbt 2018 S MARCHE LOT 2 ET 3..\"><\/object><a href=\"http:\/\/domounlaplaine.re\/wp-content\/uploads\/2021\/12\/TYROLLIENNES-Compte-rendu-du-Conseil-Municipal-du-samedi-25-aout-2018-S-MARCHE-LOT-2-ET-3.pdf\">TYROLLIENNES Compte rendu du Conseil Municipal du samedi 25 ao\u00fbt 2018 S MARCHE LOT 2 ET 3<\/a><a href=\"http:\/\/domounlaplaine.re\/wp-content\/uploads\/2021\/12\/TYROLLIENNES-Compte-rendu-du-Conseil-Municipal-du-samedi-25-aout-2018-S-MARCHE-LOT-2-ET-3.pdf\" class=\"wp-block-file__button\" download>T\u00e9l\u00e9charger<\/a><\/div>\n\n\n\n<p>conseil municipal du 29 septembre 2018<\/p>\n\n\n\n<div data-wp-interactive=\"core\/file\" class=\"wp-block-file\"><object data-wp-bind--hidden=\"!state.hasPdfPreview\" hidden class=\"wp-block-file__embed\" data=\"http:\/\/domounlaplaine.re\/wp-content\/uploads\/2021\/10\/APPEL-OFFRES-TYROLIENNES-1.pdf\" type=\"application\/pdf\" style=\"width:100%;height:600px\" aria-label=\"Contenu embarqu\u00e9 Contenu embarqu\u00e9 APPEL OFFRES TYROLIENNES..\"><\/object><a href=\"http:\/\/domounlaplaine.re\/wp-content\/uploads\/2021\/10\/APPEL-OFFRES-TYROLIENNES-1.pdf\">APPEL OFFRES TYROLIENNES<\/a><a href=\"http:\/\/domounlaplaine.re\/wp-content\/uploads\/2021\/10\/APPEL-OFFRES-TYROLIENNES-1.pdf\" class=\"wp-block-file__button\" download>T\u00e9l\u00e9charger<\/a><\/div>\n\n\n\n<div data-wp-interactive=\"core\/file\" class=\"wp-block-file\"><object data-wp-bind--hidden=\"!state.hasPdfPreview\" hidden class=\"wp-block-file__embed\" data=\"http:\/\/domounlaplaine.re\/wp-content\/uploads\/2021\/12\/tyroliennes-compte-rendu-du-conseil-municipal-du-samedi-29-septembre-2018-attribution-lot-1.pdf\" type=\"application\/pdf\" style=\"width:100%;height:600px\" aria-label=\"Contenu embarqu\u00e9 Contenu embarqu\u00e9 tyroliennes compte rendu du conseil municipal du samedi 29 septembre 2018 attribution lot 1..\"><\/object><a href=\"http:\/\/domounlaplaine.re\/wp-content\/uploads\/2021\/12\/tyroliennes-compte-rendu-du-conseil-municipal-du-samedi-29-septembre-2018-attribution-lot-1.pdf\">tyroliennes compte rendu du conseil municipal du samedi 29 septembre 2018 attribution lot 1<\/a><a href=\"http:\/\/domounlaplaine.re\/wp-content\/uploads\/2021\/12\/tyroliennes-compte-rendu-du-conseil-municipal-du-samedi-29-septembre-2018-attribution-lot-1.pdf\" class=\"wp-block-file__button\" download>T\u00e9l\u00e9charger<\/a><\/div>\n\n\n\n<p>http:\/\/citoyennedestpierre.viabloga.com\/news\/la-folie-des-grandeurs-au-tampon-ile-de-la-reunion<\/p>\n\n\n\n<div data-wp-interactive=\"core\/file\" class=\"wp-block-file\"><object data-wp-bind--hidden=\"!state.hasPdfPreview\" hidden class=\"wp-block-file__embed\" data=\"http:\/\/domounlaplaine.re\/wp-content\/uploads\/2021\/11\/tyroliennes-centraledesmarches-1638100581.pdf\" type=\"application\/pdf\" style=\"width:100%;height:600px\" aria-label=\"Contenu embarqu\u00e9 Contenu embarqu\u00e9 tyroliennes centraledesmarches-1638100581..\"><\/object><a href=\"http:\/\/domounlaplaine.re\/wp-content\/uploads\/2021\/11\/tyroliennes-centraledesmarches-1638100581.pdf\">tyroliennes centraledesmarches-1638100581<\/a><a href=\"http:\/\/domounlaplaine.re\/wp-content\/uploads\/2021\/11\/tyroliennes-centraledesmarches-1638100581.pdf\" class=\"wp-block-file__button\" download>T\u00e9l\u00e9charger<\/a><\/div>\n\n\n\n<p><a href=\"https:\/\/reunion.orange.fr\/actu\/reunion\/une-concertation-sur-le-projet-des-tyroliennes-a-la-plaine-des-cafres.html\">https:\/\/reunion.orange.fr\/actu\/reunion\/une-concertation-sur-le-projet-des-tyroliennes-a-la-plaine-des-cafres.html<\/a><\/p>\n\n\n\n<p><a href=\"https:\/\/www.letampon.fr\/toute-l-actualite-ville-2\/articles\/353-concertation-sur-le-projet-de-tyrolienne\">https:\/\/www.letampon.fr\/toute-l-actualite-ville-2\/articles\/353-concertation-sur-le-projet-de-tyrolienne<\/a><\/p>\n\n\n\n<div data-wp-interactive=\"core\/file\" class=\"wp-block-file\"><object data-wp-bind--hidden=\"!state.hasPdfPreview\" hidden class=\"wp-block-file__embed\" data=\"http:\/\/domounlaplaine.re\/wp-content\/uploads\/2021\/10\/Annexe_3_DClibCration_du_CM_du_28_mai_2019_-lancement_de_la_concertation-1.pdf\" type=\"application\/pdf\" style=\"width:100%;height:600px\" aria-label=\"Contenu embarqu\u00e9 Contenu embarqu\u00e9 Annexe_3_DClibCration_du_CM_du_28_mai_2019_-lancement_de_la_concertation..\"><\/object><a href=\"http:\/\/domounlaplaine.re\/wp-content\/uploads\/2021\/10\/Annexe_3_DClibCration_du_CM_du_28_mai_2019_-lancement_de_la_concertation-1.pdf\">Annexe_3_DClibCration_du_CM_du_28_mai_2019_-lancement_de_la_concertation<\/a><a href=\"http:\/\/domounlaplaine.re\/wp-content\/uploads\/2021\/10\/Annexe_3_DClibCration_du_CM_du_28_mai_2019_-lancement_de_la_concertation-1.pdf\" class=\"wp-block-file__button\" download>T\u00e9l\u00e9charger<\/a><\/div>\n\n\n\n<div data-wp-interactive=\"core\/file\" class=\"wp-block-file\"><object data-wp-bind--hidden=\"!state.hasPdfPreview\" hidden class=\"wp-block-file__embed\" data=\"http:\/\/domounlaplaine.re\/wp-content\/uploads\/2021\/10\/Annexe_2_Avis_de_concertation-1.pdf\" type=\"application\/pdf\" style=\"width:100%;height:600px\" aria-label=\"Contenu embarqu\u00e9 Contenu embarqu\u00e9 Annexe_2_Avis_de_concertation..\"><\/object><a href=\"http:\/\/domounlaplaine.re\/wp-content\/uploads\/2021\/10\/Annexe_2_Avis_de_concertation-1.pdf\">Annexe_2_Avis_de_concertation<\/a><a href=\"http:\/\/domounlaplaine.re\/wp-content\/uploads\/2021\/10\/Annexe_2_Avis_de_concertation-1.pdf\" class=\"wp-block-file__button\" download>T\u00e9l\u00e9charger<\/a><\/div>\n\n\n\n<div data-wp-interactive=\"core\/file\" class=\"wp-block-file\"><object data-wp-bind--hidden=\"!state.hasPdfPreview\" hidden class=\"wp-block-file__embed\" data=\"http:\/\/domounlaplaine.re\/wp-content\/uploads\/2021\/10\/Annexe_4_CommuniquC_de_presse_suite_rCunion_publique_03072019-1.pdf\" type=\"application\/pdf\" style=\"width:100%;height:600px\" aria-label=\"Contenu embarqu\u00e9 Contenu embarqu\u00e9 Annexe_4_CommuniquC_de_presse_suite_rCunion_publique_03072019..\"><\/object><a href=\"http:\/\/domounlaplaine.re\/wp-content\/uploads\/2021\/10\/Annexe_4_CommuniquC_de_presse_suite_rCunion_publique_03072019-1.pdf\">Annexe_4_CommuniquC_de_presse_suite_rCunion_publique_03072019<\/a><a href=\"http:\/\/domounlaplaine.re\/wp-content\/uploads\/2021\/10\/Annexe_4_CommuniquC_de_presse_suite_rCunion_publique_03072019-1.pdf\" class=\"wp-block-file__button\" download>T\u00e9l\u00e9charger<\/a><\/div>\n\n\n\n<div data-wp-interactive=\"core\/file\" class=\"wp-block-file\"><object data-wp-bind--hidden=\"!state.hasPdfPreview\" hidden class=\"wp-block-file__embed\" data=\"http:\/\/domounlaplaine.re\/wp-content\/uploads\/2021\/10\/Annexe_5_Compte-rendu_de_la_rCunion_publique_du_03_Juillet_2019_1-1.pdf\" type=\"application\/pdf\" style=\"width:100%;height:600px\" aria-label=\"Contenu embarqu\u00e9 PDF embarqu\u00e9.\"><\/object><a href=\"http:\/\/domounlaplaine.re\/wp-content\/uploads\/2021\/10\/Annexe_5_Compte-rendu_de_la_rCunion_publique_du_03_Juillet_2019_1-1.pdf\" class=\"wp-block-file__button\" download>T\u00e9l\u00e9charger<\/a><\/div>\n\n\n\n<div class=\"wp-block-file\"><a href=\"http:\/\/domounlaplaine.re\/wp-content\/uploads\/2021\/10\/arrete-prefectoral-1.jpg\" class=\"wp-block-file__button\" download>T\u00e9l\u00e9charger<\/a><\/div>\n\n\n\n<div class=\"wp-block-file\"><a href=\"http:\/\/domounlaplaine.re\/wp-content\/uploads\/2021\/10\/arrete-prefectoral-1.jpg\" class=\"wp-block-file__button\" download>T\u00e9l\u00e9charger<\/a><\/div>\n\n\n\n<p><\/p>\n\n\n\n<div data-wp-interactive=\"core\/file\" class=\"wp-block-file\"><object data-wp-bind--hidden=\"!state.hasPdfPreview\" hidden class=\"wp-block-file__embed\" data=\"http:\/\/domounlaplaine.re\/wp-content\/uploads\/2021\/10\/DOSSIER-DE-CONSERTATION-2.pdf\" type=\"application\/pdf\" style=\"width:100%;height:600px\" aria-label=\"Contenu embarqu\u00e9 Contenu embarqu\u00e9 DOSSIER DE CONSERTATION..\"><\/object><a href=\"http:\/\/domounlaplaine.re\/wp-content\/uploads\/2021\/10\/DOSSIER-DE-CONSERTATION-2.pdf\">DOSSIER DE CONSERTATION<\/a><a href=\"http:\/\/domounlaplaine.re\/wp-content\/uploads\/2021\/10\/DOSSIER-DE-CONSERTATION-2.pdf\" class=\"wp-block-file__button\" download><\/a><\/div>\n\n\n\n<div data-wp-interactive=\"core\/file\" class=\"wp-block-file\"><object data-wp-bind--hidden=\"!state.hasPdfPreview\" hidden class=\"wp-block-file__embed\" data=\"http:\/\/domounlaplaine.re\/wp-content\/uploads\/2021\/11\/conseilmunicipal-27-nov-2021appel-offre-Affaire-n\u00b0-20-20211127.pdf\" type=\"application\/pdf\" style=\"width:100%;height:600px\" aria-label=\"Contenu embarqu\u00e9 Contenu embarqu\u00e9 conseilmunicipal 27 nov 2021appel offre Affaire n\u00b0 20-20211127..\"><\/object><a href=\"http:\/\/domounlaplaine.re\/wp-content\/uploads\/2021\/11\/conseilmunicipal-27-nov-2021appel-offre-Affaire-n\u00b0-20-20211127.pdf\">conseilmunicipal 27 nov 2021appel offre Affaire n\u00b0 20-20211127<\/a><a href=\"http:\/\/domounlaplaine.re\/wp-content\/uploads\/2021\/11\/conseilmunicipal-27-nov-2021appel-offre-Affaire-n\u00b0-20-20211127.pdf\" class=\"wp-block-file__button\" download>T\u00e9l\u00e9charger<\/a><\/div>\n","protected":false},"excerpt":{"rendered":"<p>conseil municipal 25 aout 2018 conseil municipal du 29 septembre 2018 http:\/\/citoyennedestpierre.viabloga.com\/news\/la-folie-des-grandeurs-au-tampon-ile-de-la-reunion https:\/\/reunion.orange.fr\/actu\/reunion\/une-concertation-sur-le-projet-des-tyroliennes-a-la-plaine-des-cafres.html https:\/\/www.letampon.fr\/toute-l-actualite-ville-2\/articles\/353-concertation-sur-le-projet-de-tyrolienne<\/p>\n","protected":false},"author":1,"featured_media":0,"parent":0,"menu_order":0,"comment_status":"closed","ping_status":"closed","template":"","meta":{"footnotes":""},"class_list":["post-566","page","type-page","status-publish","hentry"],"_links":{"self":[{"href":"http:\/\/domounlaplaine.re\/index.php?rest_route=\/wp\/v2\/pages\/566","targetHints":{"allow":["GET"]}}],"collection":[{"href":"http:\/\/domounlaplaine.re\/index.php?rest_route=\/wp\/v2\/pages"}],"about":[{"href":"http:\/\/domounlaplaine.re\/index.php?rest_route=\/wp\/v2\/types\/page"}],"author":[{"embeddable":true,"href":"http:\/\/domounlaplaine.re\/index.php?rest_route=\/wp\/v2\/users\/1"}],"replies":[{"embeddable":true,"href":"http:\/\/domounlaplaine.re\/index.php?rest_route=%2Fwp%2Fv2%2Fcomments&post=566"}],"version-history":[{"count":29,"href":"http:\/\/domounlaplaine.re\/index.php?rest_route=\/wp\/v2\/pages\/566\/revisions"}],"predecessor-version":[{"id":1785,"href":"http:\/\/domounlaplaine.re\/index.php?rest_route=\/wp\/v2\/pages\/566\/revisions\/1785"}],"wp:attachment":[{"href":"http:\/\/domounlaplaine.re\/index.php?rest_route=%2Fwp%2Fv2%2Fmedia&parent=566"}],"curies":[{"name":"wp","href":"https:\/\/api.w.org\/{rel}","templated":true}]}}