{"id":3290,"date":"2025-07-15T19:47:31","date_gmt":"2025-07-15T15:47:31","guid":{"rendered":"http:\/\/domounlaplaine.re\/?page_id=3290"},"modified":"2025-12-14T10:34:26","modified_gmt":"2025-12-14T06:34:26","slug":"telepherique-le-tampon-st-pierre","status":"publish","type":"page","link":"http:\/\/domounlaplaine.re\/?page_id=3290","title":{"rendered":"t\u00e9l\u00e9ph\u00e9rique le tampon\/st pierre"},"content":{"rendered":"\n<p>dec 2025 casud <\/p>\n\n\n\n<p><a href=\"https:\/\/www.zinfos974.com\/telepherique-une-solution-davenir-selon-la-casud\">https:\/\/www.zinfos974.com\/telepherique-une-solution-davenir-selon-la-casud<\/a><\/p>\n\n\n\n<p>15 JUILLET 2025 CONFERENCE DE PRESSE<\/p>\n\n\n\n<p><a href=\"https:\/\/imazpress.com\/zoom\/cooperation-intercommunale-pour-le-developpement-du-sud-de-la-reunion\">https:\/\/imazpress.com\/zoom\/cooperation-intercommunale-pour-le-developpement-du-sud-de-la-reunion<\/a><\/p>\n\n\n\n<p><a href=\"https:\/\/www.zinfos974.com\/quand-la-politique-prend-de-la-hauteur-deux-telepheriques-pour-un-sud-uni\">https:\/\/www.zinfos974.com\/quand-la-politique-prend-de-la-hauteur-deux-telepheriques-pour-un-sud-uni<\/a><\/p>\n","protected":false},"excerpt":{"rendered":"<p>dec 2025 casud https:\/\/www.zinfos974.com\/telepherique-une-solution-davenir-selon-la-casud 15 JUILLET 2025 CONFERENCE DE PRESSE https:\/\/imazpress.com\/zoom\/cooperation-intercommunale-pour-le-developpement-du-sud-de-la-reunion https:\/\/www.zinfos974.com\/quand-la-politique-prend-de-la-hauteur-deux-telepheriques-pour-un-sud-uni<\/p>\n","protected":false},"author":1,"featured_media":0,"parent":0,"menu_order":0,"comment_status":"closed","ping_status":"closed","template":"","meta":{"footnotes":""},"class_list":["post-3290","page","type-page","status-publish","hentry"],"_links":{"self":[{"href":"http:\/\/domounlaplaine.re\/index.php?rest_route=\/wp\/v2\/pages\/3290","targetHints":{"allow":["GET"]}}],"collection":[{"href":"http:\/\/domounlaplaine.re\/index.php?rest_route=\/wp\/v2\/pages"}],"about":[{"href":"http:\/\/domounlaplaine.re\/index.php?rest_route=\/wp\/v2\/types\/page"}],"author":[{"embeddable":true,"href":"http:\/\/domounlaplaine.re\/index.php?rest_route=\/wp\/v2\/users\/1"}],"replies":[{"embeddable":true,"href":"http:\/\/domounlaplaine.re\/index.php?rest_route=%2Fwp%2Fv2%2Fcomments&post=3290"}],"version-history":[{"count":5,"href":"http:\/\/domounlaplaine.re\/index.php?rest_route=\/wp\/v2\/pages\/3290\/revisions"}],"predecessor-version":[{"id":3480,"href":"http:\/\/domounlaplaine.re\/index.php?rest_route=\/wp\/v2\/pages\/3290\/revisions\/3480"}],"wp:attachment":[{"href":"http:\/\/domounlaplaine.re\/index.php?rest_route=%2Fwp%2Fv2%2Fmedia&parent=3290"}],"curies":[{"name":"wp","href":"https:\/\/api.w.org\/{rel}","templated":true}]}}