{"id":2814,"date":"2023-07-26T12:43:43","date_gmt":"2023-07-26T08:43:43","guid":{"rendered":"http:\/\/domounlaplaine.re\/?page_id=2814"},"modified":"2025-03-21T12:16:12","modified_gmt":"2025-03-21T08:16:12","slug":"piton-sahales","status":"publish","type":"page","link":"http:\/\/domounlaplaine.re\/?page_id=2814","title":{"rendered":"piton sahales"},"content":{"rendered":"\n<figure class=\"wp-block-embed is-type-video is-provider-youtube wp-block-embed-youtube wp-embed-aspect-16-9 wp-has-aspect-ratio\"><div class=\"wp-block-embed__wrapper\">\n<iframe loading=\"lazy\" title=\"SAHALES DEC 2024\" width=\"640\" height=\"360\" src=\"https:\/\/www.youtube.com\/embed\/MbMiI3k_OXE?feature=oembed\" frameborder=\"0\" allow=\"accelerometer; autoplay; clipboard-write; encrypted-media; gyroscope; picture-in-picture; web-share\" referrerpolicy=\"strict-origin-when-cross-origin\" allowfullscreen><\/iframe>\n<\/div><\/figure>\n\n\n\n<div data-wp-interactive=\"core\/file\" class=\"wp-block-file\"><object data-wp-bind--hidden=\"!state.hasPdfPreview\" hidden class=\"wp-block-file__embed\" data=\"http:\/\/domounlaplaine.re\/wp-content\/uploads\/2023\/09\/Arrete-autorisation-Piton-Sahales-n\u00b02023-1860-SG-SCoPP-BCPE-du-4.09.23.pdf\" type=\"application\/pdf\" style=\"width:100%;height:600px\" aria-label=\"Contenu embarqu\u00e9 Arr\u00eat\u00e9 autorisation Piton Sahales - n\u00b02023-1860-SG-SCoPP-BCPE du 4.09.23.\"><\/object><a id=\"wp-block-file--media-90a3b7ce-174d-4099-a059-dfc7533c3260\" href=\"http:\/\/domounlaplaine.re\/wp-content\/uploads\/2023\/09\/Arrete-autorisation-Piton-Sahales-n\u00b02023-1860-SG-SCoPP-BCPE-du-4.09.23.pdf\">Arr\u00eat\u00e9 autorisation Piton Sahales &#8211; n\u00b02023-1860-SG-SCoPP-BCPE du 4.09.23<\/a><a href=\"http:\/\/domounlaplaine.re\/wp-content\/uploads\/2023\/09\/Arrete-autorisation-Piton-Sahales-n\u00b02023-1860-SG-SCoPP-BCPE-du-4.09.23.pdf\" class=\"wp-block-file__button wp-element-button\" download aria-describedby=\"wp-block-file--media-90a3b7ce-174d-4099-a059-dfc7533c3260\">T\u00e9l\u00e9charger<\/a><\/div>\n\n\n\n<figure class=\"wp-block-embed is-type-video is-provider-youtube wp-block-embed-youtube wp-embed-aspect-16-9 wp-has-aspect-ratio\"><div class=\"wp-block-embed__wrapper\">\n<iframe loading=\"lazy\" title=\"Opposition a\u0300 la bassine de Piton Sahales (Bourg Murat - La R\u00e9union)\" width=\"640\" height=\"360\" src=\"https:\/\/www.youtube.com\/embed\/mVtOEePK1Mc?feature=oembed\" frameborder=\"0\" allow=\"accelerometer; autoplay; clipboard-write; encrypted-media; gyroscope; picture-in-picture; web-share\" referrerpolicy=\"strict-origin-when-cross-origin\" allowfullscreen><\/iframe>\n<\/div><\/figure>\n\n\n\n<div data-wp-interactive=\"core\/file\" class=\"wp-block-file\"><object data-wp-bind--hidden=\"!state.hasPdfPreview\" hidden class=\"wp-block-file__embed\" data=\"http:\/\/domounlaplaine.re\/wp-content\/uploads\/2023\/09\/ordre-du-jour-Conseil-Municipal-du-jeudi-7-septembre-2023.pdf\" type=\"application\/pdf\" style=\"width:100%;height:600px\" aria-label=\"Contenu embarqu\u00e9 ordre du jour - Conseil Municipal du jeudi 7 septembre 2023.\"><\/object><a id=\"wp-block-file--media-212d1074-e957-4989-bce2-efb2e6d8340b\" href=\"http:\/\/domounlaplaine.re\/wp-content\/uploads\/2023\/09\/ordre-du-jour-Conseil-Municipal-du-jeudi-7-septembre-2023.pdf\">ordre du jour &#8211; Conseil Municipal du jeudi 7 septembre 2023<\/a><a href=\"http:\/\/domounlaplaine.re\/wp-content\/uploads\/2023\/09\/ordre-du-jour-Conseil-Municipal-du-jeudi-7-septembre-2023.pdf\" class=\"wp-block-file__button wp-element-button\" download aria-describedby=\"wp-block-file--media-212d1074-e957-4989-bce2-efb2e6d8340b\">T\u00e9l\u00e9charger<\/a><\/div>\n\n\n\n<div data-wp-interactive=\"core\/file\" class=\"wp-block-file\"><object data-wp-bind--hidden=\"!state.hasPdfPreview\" hidden class=\"wp-block-file__embed\" data=\"http:\/\/domounlaplaine.re\/wp-content\/uploads\/2023\/08\/Note_de_presentation_non_technique.pdf\" type=\"application\/pdf\" style=\"width:100%;height:600px\" aria-label=\"Contenu embarqu\u00e9 Note_de_presentation_non_technique.\"><\/object><a id=\"wp-block-file--media-e628f1fc-dfea-4a3f-a756-0b17d6794fda\" href=\"http:\/\/domounlaplaine.re\/wp-content\/uploads\/2023\/08\/Note_de_presentation_non_technique.pdf\">Note_de_presentation_non_technique<\/a><a href=\"http:\/\/domounlaplaine.re\/wp-content\/uploads\/2023\/08\/Note_de_presentation_non_technique.pdf\" class=\"wp-block-file__button wp-element-button\" download aria-describedby=\"wp-block-file--media-e628f1fc-dfea-4a3f-a756-0b17d6794fda\">T\u00e9l\u00e9charger<\/a><\/div>\n\n\n\n<p><\/p>\n\n\n\n<figure class=\"wp-block-image size-large is-resized\"><img loading=\"lazy\" decoding=\"async\" width=\"1024\" height=\"619\" src=\"http:\/\/domounlaplaine.re\/wp-content\/uploads\/2023\/07\/sahales-plan-1024x619.jpg\" alt=\"\" class=\"wp-image-2822\" style=\"width:840px;height:507px\" srcset=\"http:\/\/domounlaplaine.re\/wp-content\/uploads\/2023\/07\/sahales-plan-1024x619.jpg 1024w, http:\/\/domounlaplaine.re\/wp-content\/uploads\/2023\/07\/sahales-plan-300x181.jpg 300w, http:\/\/domounlaplaine.re\/wp-content\/uploads\/2023\/07\/sahales-plan-768x464.jpg 768w, http:\/\/domounlaplaine.re\/wp-content\/uploads\/2023\/07\/sahales-plan-240x145.jpg 240w, http:\/\/domounlaplaine.re\/wp-content\/uploads\/2023\/07\/sahales-plan.jpg 1046w\" sizes=\"auto, (max-width: 1024px) 100vw, 1024px\" \/><\/figure>\n\n\n\n<div data-wp-interactive=\"core\/file\" class=\"wp-block-file\"><object data-wp-bind--hidden=\"!state.hasPdfPreview\" hidden class=\"wp-block-file__embed\" data=\"http:\/\/domounlaplaine.re\/wp-content\/uploads\/2023\/07\/Conclusions-EP.pdf\" type=\"application\/pdf\" style=\"width:100%;height:600px\" aria-label=\"Contenu embarqu\u00e9 Conclusions EP.\"><\/object><a id=\"wp-block-file--media-3d9ad73b-b587-4343-98b5-5511366797ba\" href=\"http:\/\/domounlaplaine.re\/wp-content\/uploads\/2023\/07\/Conclusions-EP.pdf\">Conclusions EP<\/a><a href=\"http:\/\/domounlaplaine.re\/wp-content\/uploads\/2023\/07\/Conclusions-EP.pdf\" class=\"wp-block-file__button wp-element-button\" download aria-describedby=\"wp-block-file--media-3d9ad73b-b587-4343-98b5-5511366797ba\">T\u00e9l\u00e9charger<\/a><\/div>\n\n\n\n<div data-wp-interactive=\"core\/file\" class=\"wp-block-file\"><object data-wp-bind--hidden=\"!state.hasPdfPreview\" hidden class=\"wp-block-file__embed\" data=\"http:\/\/domounlaplaine.re\/wp-content\/uploads\/2023\/07\/OBSERVATIONS-1-13.pdf\" type=\"application\/pdf\" style=\"width:100%;height:600px\" aria-label=\"Contenu embarqu\u00e9 OBSERVATIONS 1-13.\"><\/object><a id=\"wp-block-file--media-66ed2721-f409-47e9-aefc-d70fb13ba0dd\" href=\"http:\/\/domounlaplaine.re\/wp-content\/uploads\/2023\/07\/OBSERVATIONS-1-13.pdf\">OBSERVATIONS 1-13<\/a><a href=\"http:\/\/domounlaplaine.re\/wp-content\/uploads\/2023\/07\/OBSERVATIONS-1-13.pdf\" class=\"wp-block-file__button wp-element-button\" download aria-describedby=\"wp-block-file--media-66ed2721-f409-47e9-aefc-d70fb13ba0dd\">T\u00e9l\u00e9charger<\/a><\/div>\n\n\n\n<div data-wp-interactive=\"core\/file\" class=\"wp-block-file\"><object data-wp-bind--hidden=\"!state.hasPdfPreview\" hidden class=\"wp-block-file__embed\" data=\"http:\/\/domounlaplaine.re\/wp-content\/uploads\/2023\/07\/OBSERVATIONS-14-a-18.pdf\" type=\"application\/pdf\" style=\"width:100%;height:600px\" aria-label=\"Contenu embarqu\u00e9 OBSERVATIONS 14 \u00e0 18.\"><\/object><a id=\"wp-block-file--media-0f3d8f64-fd0f-4c6d-b2e3-e03b1a416153\" href=\"http:\/\/domounlaplaine.re\/wp-content\/uploads\/2023\/07\/OBSERVATIONS-14-a-18.pdf\">OBSERVATIONS 14 \u00e0 18<\/a><a href=\"http:\/\/domounlaplaine.re\/wp-content\/uploads\/2023\/07\/OBSERVATIONS-14-a-18.pdf\" class=\"wp-block-file__button wp-element-button\" download aria-describedby=\"wp-block-file--media-0f3d8f64-fd0f-4c6d-b2e3-e03b1a416153\">T\u00e9l\u00e9charger<\/a><\/div>\n\n\n\n<div data-wp-interactive=\"core\/file\" class=\"wp-block-file\"><object data-wp-bind--hidden=\"!state.hasPdfPreview\" hidden class=\"wp-block-file__embed\" data=\"http:\/\/domounlaplaine.re\/wp-content\/uploads\/2023\/07\/comunique-de-presse-piton-sahales-DOMOUN-LA-PLAINE.pdf\" type=\"application\/pdf\" style=\"width:100%;height:600px\" aria-label=\"Contenu embarqu\u00e9 comunique de presse piton sahales DOMOUN LA PLAINE.\"><\/object><a id=\"wp-block-file--media-c721773a-5a74-4a96-9e39-6cd03c6af47d\" href=\"http:\/\/domounlaplaine.re\/wp-content\/uploads\/2023\/07\/comunique-de-presse-piton-sahales-DOMOUN-LA-PLAINE.pdf\">comunique de presse piton sahales DOMOUN LA PLAINE<\/a><a href=\"http:\/\/domounlaplaine.re\/wp-content\/uploads\/2023\/07\/comunique-de-presse-piton-sahales-DOMOUN-LA-PLAINE.pdf\" class=\"wp-block-file__button wp-element-button\" download aria-describedby=\"wp-block-file--media-c721773a-5a74-4a96-9e39-6cd03c6af47d\">T\u00e9l\u00e9charger<\/a><\/div>\n\n\n\n<div data-wp-interactive=\"core\/file\" class=\"wp-block-file\"><object data-wp-bind--hidden=\"!state.hasPdfPreview\" hidden class=\"wp-block-file__embed\" data=\"http:\/\/domounlaplaine.re\/wp-content\/uploads\/2023\/07\/courrier_accord_mise_a_l_enquete.pdf\" type=\"application\/pdf\" style=\"width:100%;height:600px\" aria-label=\"Contenu embarqu\u00e9 courrier_accord_mise_a_l_enquete.\"><\/object><a id=\"wp-block-file--media-cca64dc9-70a3-48f2-b25c-a7d6c598a08a\" href=\"http:\/\/domounlaplaine.re\/wp-content\/uploads\/2023\/07\/courrier_accord_mise_a_l_enquete.pdf\">courrier_accord_mise_a_l_enquete<\/a><a href=\"http:\/\/domounlaplaine.re\/wp-content\/uploads\/2023\/07\/courrier_accord_mise_a_l_enquete.pdf\" class=\"wp-block-file__button wp-element-button\" download aria-describedby=\"wp-block-file--media-cca64dc9-70a3-48f2-b25c-a7d6c598a08a\">T\u00e9l\u00e9charger<\/a><\/div>\n\n\n\n<div data-wp-interactive=\"core\/file\" class=\"wp-block-file\"><object data-wp-bind--hidden=\"!state.hasPdfPreview\" hidden class=\"wp-block-file__embed\" data=\"http:\/\/domounlaplaine.re\/wp-content\/uploads\/2023\/07\/arrete-prfet-15-mars-2023.pdf\" type=\"application\/pdf\" style=\"width:100%;height:600px\" aria-label=\"Contenu embarqu\u00e9 arrete prfet 15 mars 2023.\"><\/object><a id=\"wp-block-file--media-432a001a-1dc0-41f1-b977-5201c65bcd56\" href=\"http:\/\/domounlaplaine.re\/wp-content\/uploads\/2023\/07\/arrete-prfet-15-mars-2023.pdf\">arrete prfet 15 mars 2023<\/a><a href=\"http:\/\/domounlaplaine.re\/wp-content\/uploads\/2023\/07\/arrete-prfet-15-mars-2023.pdf\" class=\"wp-block-file__button wp-element-button\" download aria-describedby=\"wp-block-file--media-432a001a-1dc0-41f1-b977-5201c65bcd56\">T\u00e9l\u00e9charger<\/a><\/div>\n\n\n\n<div data-wp-interactive=\"core\/file\" class=\"wp-block-file\"><object data-wp-bind--hidden=\"!state.hasPdfPreview\" hidden class=\"wp-block-file__embed\" data=\"http:\/\/domounlaplaine.re\/wp-content\/uploads\/2023\/07\/courrier_accord_mise_a_l_enquete.pdf\" type=\"application\/pdf\" style=\"width:100%;height:600px\" aria-label=\"Contenu embarqu\u00e9 courrier_accord_mise_a_l_enquete.\"><\/object><a id=\"wp-block-file--media-82a0a709-a651-45cd-b052-e2c4d70a54b2\" href=\"http:\/\/domounlaplaine.re\/wp-content\/uploads\/2023\/07\/courrier_accord_mise_a_l_enquete.pdf\">courrier_accord_mise_a_l_enquete<\/a><a href=\"http:\/\/domounlaplaine.re\/wp-content\/uploads\/2023\/07\/courrier_accord_mise_a_l_enquete.pdf\" class=\"wp-block-file__button wp-element-button\" download aria-describedby=\"wp-block-file--media-82a0a709-a651-45cd-b052-e2c4d70a54b2\">T\u00e9l\u00e9charger<\/a><\/div>\n\n\n\n<div data-wp-interactive=\"core\/file\" class=\"wp-block-file\"><object data-wp-bind--hidden=\"!state.hasPdfPreview\" hidden class=\"wp-block-file__embed\" data=\"http:\/\/domounlaplaine.re\/wp-content\/uploads\/2023\/07\/2023apreu1_retenue_collinaire_sahales.pdf\" type=\"application\/pdf\" style=\"width:100%;height:600px\" aria-label=\"Contenu embarqu\u00e9 2023apreu1_retenue_collinaire_sahales.\"><\/object><a id=\"wp-block-file--media-6c1cd8fd-90cf-4762-a2ee-c32c0d1645ba\" href=\"http:\/\/domounlaplaine.re\/wp-content\/uploads\/2023\/07\/2023apreu1_retenue_collinaire_sahales.pdf\">2023apreu1_retenue_collinaire_sahales<\/a><a href=\"http:\/\/domounlaplaine.re\/wp-content\/uploads\/2023\/07\/2023apreu1_retenue_collinaire_sahales.pdf\" class=\"wp-block-file__button wp-element-button\" download aria-describedby=\"wp-block-file--media-6c1cd8fd-90cf-4762-a2ee-c32c0d1645ba\">T\u00e9l\u00e9charger<\/a><\/div>\n\n\n\n<figure class=\"wp-block-embed is-type-video is-provider-youtube wp-block-embed-youtube wp-embed-aspect-16-9 wp-has-aspect-ratio\"><div class=\"wp-block-embed__wrapper\">\n<iframe loading=\"lazy\" title=\"Opposition a\u0300 la bassine de Piton Sahales (Bourg Murat - La R\u00e9union)\" width=\"640\" height=\"360\" src=\"https:\/\/www.youtube.com\/embed\/mVtOEePK1Mc?feature=oembed\" frameborder=\"0\" allow=\"accelerometer; autoplay; clipboard-write; encrypted-media; gyroscope; picture-in-picture; web-share\" referrerpolicy=\"strict-origin-when-cross-origin\" allowfullscreen><\/iframe>\n<\/div><\/figure>\n","protected":false},"excerpt":{"rendered":"","protected":false},"author":1,"featured_media":0,"parent":0,"menu_order":0,"comment_status":"closed","ping_status":"closed","template":"","meta":{"footnotes":""},"class_list":["post-2814","page","type-page","status-publish","hentry"],"_links":{"self":[{"href":"http:\/\/domounlaplaine.re\/index.php?rest_route=\/wp\/v2\/pages\/2814","targetHints":{"allow":["GET"]}}],"collection":[{"href":"http:\/\/domounlaplaine.re\/index.php?rest_route=\/wp\/v2\/pages"}],"about":[{"href":"http:\/\/domounlaplaine.re\/index.php?rest_route=\/wp\/v2\/types\/page"}],"author":[{"embeddable":true,"href":"http:\/\/domounlaplaine.re\/index.php?rest_route=\/wp\/v2\/users\/1"}],"replies":[{"embeddable":true,"href":"http:\/\/domounlaplaine.re\/index.php?rest_route=%2Fwp%2Fv2%2Fcomments&post=2814"}],"version-history":[{"count":12,"href":"http:\/\/domounlaplaine.re\/index.php?rest_route=\/wp\/v2\/pages\/2814\/revisions"}],"predecessor-version":[{"id":3181,"href":"http:\/\/domounlaplaine.re\/index.php?rest_route=\/wp\/v2\/pages\/2814\/revisions\/3181"}],"wp:attachment":[{"href":"http:\/\/domounlaplaine.re\/index.php?rest_route=%2Fwp%2Fv2%2Fmedia&parent=2814"}],"curies":[{"name":"wp","href":"https:\/\/api.w.org\/{rel}","templated":true}]}}