{"id":2694,"date":"2023-05-31T16:40:09","date_gmt":"2023-05-31T12:40:09","guid":{"rendered":"http:\/\/domounlaplaine.re\/?page_id=2694"},"modified":"2025-06-14T11:25:39","modified_gmt":"2025-06-14T07:25:39","slug":"parc-2023","status":"publish","type":"page","link":"http:\/\/domounlaplaine.re\/?page_id=2694","title":{"rendered":"parc 2023"},"content":{"rendered":"\n<p>nov  2023  <a href=\"https:\/\/www.zinfos974.com\/parc-du-volcan-la-mairie-attribue-les-premiers-lots-les-opposants-contestent-le-financement\">https:\/\/www.zinfos974.com\/parc-du-volcan-la-mairie-attribue-les-premiers-lots-les-opposants-contestent-le-financement<\/a><\/p>\n\n\n\n<div data-wp-interactive=\"core\/file\" class=\"wp-block-file\"><object data-wp-bind--hidden=\"!state.hasPdfPreview\" hidden class=\"wp-block-file__embed\" data=\"http:\/\/domounlaplaine.re\/wp-content\/uploads\/2025\/04\/Arrete-n\u00b02023-2480-SG-SCOPP-BCPE-du-14.11.23annexes.pdf\" type=\"application\/pdf\" style=\"width:100%;height:600px\" aria-label=\"Contenu embarqu\u00e9 Arr\u00eat\u00e9 n\u00b02023-2480-SG-SCOPP-BCPE du 14.11.23+annexes.\"><\/object><a id=\"wp-block-file--media-c108d56d-e385-4f23-93a5-4f27934fbc6b\" href=\"http:\/\/domounlaplaine.re\/wp-content\/uploads\/2025\/04\/Arrete-n\u00b02023-2480-SG-SCOPP-BCPE-du-14.11.23annexes.pdf\">Arr\u00eat\u00e9 n\u00b02023-2480-SG-SCOPP-BCPE du 14.11.23+annexes<\/a><a href=\"http:\/\/domounlaplaine.re\/wp-content\/uploads\/2025\/04\/Arrete-n\u00b02023-2480-SG-SCOPP-BCPE-du-14.11.23annexes.pdf\" class=\"wp-block-file__button wp-element-button\" download aria-describedby=\"wp-block-file--media-c108d56d-e385-4f23-93a5-4f27934fbc6b\">T\u00e9l\u00e9charger<\/a><\/div>\n\n\n\n<div data-wp-interactive=\"core\/file\" class=\"wp-block-file\"><object data-wp-bind--hidden=\"!state.hasPdfPreview\" hidden class=\"wp-block-file__embed\" data=\"http:\/\/domounlaplaine.re\/wp-content\/uploads\/2023\/05\/2023apreu5_parc_volcan_tampon.pdf\" type=\"application\/pdf\" style=\"width:100%;height:600px\" aria-label=\"Contenu embarqu\u00e9 2023apreu5_parc_volcan_tampon.\"><\/object><a id=\"wp-block-file--media-84eccb68-ac1f-42ed-9efc-2d4e28079760\" href=\"http:\/\/domounlaplaine.re\/wp-content\/uploads\/2023\/05\/2023apreu5_parc_volcan_tampon.pdf\">2023apreu5_parc_volcan_tampon<\/a><a href=\"http:\/\/domounlaplaine.re\/wp-content\/uploads\/2023\/05\/2023apreu5_parc_volcan_tampon.pdf\" class=\"wp-block-file__button wp-element-button\" download aria-describedby=\"wp-block-file--media-84eccb68-ac1f-42ed-9efc-2d4e28079760\">T\u00e9l\u00e9charger<\/a><\/div>\n\n\n\n<figure class=\"wp-block-image size-full\"><img loading=\"lazy\" decoding=\"async\" width=\"526\" height=\"934\" src=\"http:\/\/domounlaplaine.re\/wp-content\/uploads\/2023\/05\/conseil-27-mai.jpg\" alt=\"\" class=\"wp-image-2677\" srcset=\"http:\/\/domounlaplaine.re\/wp-content\/uploads\/2023\/05\/conseil-27-mai.jpg 526w, http:\/\/domounlaplaine.re\/wp-content\/uploads\/2023\/05\/conseil-27-mai-169x300.jpg 169w\" sizes=\"auto, (max-width: 526px) 100vw, 526px\" \/><\/figure>\n\n\n\n<p><a href=\"https:\/\/la1ere.francetvinfo.fr\/reunion\/tampon\/plaine-cafres\/le-projet-du-parc-du-volcan-examine-ce-samedi-au-conseil-municipal-du-tampon-1399898.html\">https:\/\/la1ere.francetvinfo.fr\/reunion\/tampon\/plaine-cafres\/le-projet-du-parc-du-volcan-examine-ce-samedi-au-conseil-municipal-du-tampon-1399898.html<\/a><\/p>\n\n\n\n<div data-wp-interactive=\"core\/file\" class=\"wp-block-file\"><object data-wp-bind--hidden=\"!state.hasPdfPreview\" hidden class=\"wp-block-file__embed\" data=\"http:\/\/domounlaplaine.re\/wp-content\/uploads\/2023\/05\/40-mission-elus-mai-2023-tampon.pdf\" type=\"application\/pdf\" style=\"width:100%;height:600px\" aria-label=\"Contenu embarqu\u00e9 40 - mission elus - mai 2023-tampon.\"><\/object><a id=\"wp-block-file--media-e2adaa51-a3e3-4492-9446-aeba8a8d8fde\" href=\"http:\/\/domounlaplaine.re\/wp-content\/uploads\/2023\/05\/40-mission-elus-mai-2023-tampon.pdf\">40 &#8211; mission elus &#8211; mai 2023-tampon<\/a><a href=\"http:\/\/domounlaplaine.re\/wp-content\/uploads\/2023\/05\/40-mission-elus-mai-2023-tampon.pdf\" class=\"wp-block-file__button wp-element-button\" download aria-describedby=\"wp-block-file--media-e2adaa51-a3e3-4492-9446-aeba8a8d8fde\">T\u00e9l\u00e9charger<\/a><\/div>\n\n\n\n<figure class=\"wp-block-image size-large\"><img loading=\"lazy\" decoding=\"async\" width=\"1024\" height=\"704\" src=\"http:\/\/domounlaplaine.re\/wp-content\/uploads\/2023\/05\/jir-28-mai-2023-1024x704.jpg\" alt=\"\" class=\"wp-image-2685\" srcset=\"http:\/\/domounlaplaine.re\/wp-content\/uploads\/2023\/05\/jir-28-mai-2023-1024x704.jpg 1024w, http:\/\/domounlaplaine.re\/wp-content\/uploads\/2023\/05\/jir-28-mai-2023-300x206.jpg 300w, http:\/\/domounlaplaine.re\/wp-content\/uploads\/2023\/05\/jir-28-mai-2023-768x528.jpg 768w, http:\/\/domounlaplaine.re\/wp-content\/uploads\/2023\/05\/jir-28-mai-2023-1536x1056.jpg 1536w, http:\/\/domounlaplaine.re\/wp-content\/uploads\/2023\/05\/jir-28-mai-2023-2048x1408.jpg 2048w\" sizes=\"auto, (max-width: 1024px) 100vw, 1024px\" \/><\/figure>\n\n\n\n<figure class=\"wp-block-image size-large\"><img loading=\"lazy\" decoding=\"async\" width=\"1024\" height=\"745\" src=\"http:\/\/domounlaplaine.re\/wp-content\/uploads\/2023\/05\/quotidien-parc-31-mai-2023-001-1024x745.jpg\" alt=\"\" class=\"wp-image-2690\" srcset=\"http:\/\/domounlaplaine.re\/wp-content\/uploads\/2023\/05\/quotidien-parc-31-mai-2023-001-1024x745.jpg 1024w, http:\/\/domounlaplaine.re\/wp-content\/uploads\/2023\/05\/quotidien-parc-31-mai-2023-001-300x218.jpg 300w, http:\/\/domounlaplaine.re\/wp-content\/uploads\/2023\/05\/quotidien-parc-31-mai-2023-001-768x558.jpg 768w, http:\/\/domounlaplaine.re\/wp-content\/uploads\/2023\/05\/quotidien-parc-31-mai-2023-001-1536x1117.jpg 1536w, http:\/\/domounlaplaine.re\/wp-content\/uploads\/2023\/05\/quotidien-parc-31-mai-2023-001-2048x1489.jpg 2048w\" sizes=\"auto, (max-width: 1024px) 100vw, 1024px\" \/><\/figure>\n\n\n\n<div data-wp-interactive=\"core\/file\" class=\"wp-block-file\"><object data-wp-bind--hidden=\"!state.hasPdfPreview\" hidden class=\"wp-block-file__embed\" data=\"http:\/\/domounlaplaine.re\/wp-content\/uploads\/2023\/05\/ordre-du-jour-du-Conseil-Municipal-du-samedi-27.05.2023-1.pdf\" type=\"application\/pdf\" style=\"width:100%;height:600px\" aria-label=\"Contenu embarqu\u00e9 ordre du jour du Conseil Municipal du samedi 27.05.2023 (1).\"><\/object><a id=\"wp-block-file--media-54c43216-5e8d-4466-8ff8-c49f598389a4\" href=\"http:\/\/domounlaplaine.re\/wp-content\/uploads\/2023\/05\/ordre-du-jour-du-Conseil-Municipal-du-samedi-27.05.2023-1.pdf\">ordre du jour du Conseil Municipal du samedi 27.05.2023 (1)<\/a><a href=\"http:\/\/domounlaplaine.re\/wp-content\/uploads\/2023\/05\/ordre-du-jour-du-Conseil-Municipal-du-samedi-27.05.2023-1.pdf\" class=\"wp-block-file__button wp-element-button\" download aria-describedby=\"wp-block-file--media-54c43216-5e8d-4466-8ff8-c49f598389a4\">T\u00e9l\u00e9charger<\/a><\/div>\n","protected":false},"excerpt":{"rendered":"<p>nov 2023 https:\/\/www.zinfos974.com\/parc-du-volcan-la-mairie-attribue-les-premiers-lots-les-opposants-contestent-le-financement https:\/\/la1ere.francetvinfo.fr\/reunion\/tampon\/plaine-cafres\/le-projet-du-parc-du-volcan-examine-ce-samedi-au-conseil-municipal-du-tampon-1399898.html<\/p>\n","protected":false},"author":1,"featured_media":0,"parent":0,"menu_order":0,"comment_status":"closed","ping_status":"closed","template":"","meta":{"footnotes":""},"class_list":["post-2694","page","type-page","status-publish","hentry"],"_links":{"self":[{"href":"http:\/\/domounlaplaine.re\/index.php?rest_route=\/wp\/v2\/pages\/2694","targetHints":{"allow":["GET"]}}],"collection":[{"href":"http:\/\/domounlaplaine.re\/index.php?rest_route=\/wp\/v2\/pages"}],"about":[{"href":"http:\/\/domounlaplaine.re\/index.php?rest_route=\/wp\/v2\/types\/page"}],"author":[{"embeddable":true,"href":"http:\/\/domounlaplaine.re\/index.php?rest_route=\/wp\/v2\/users\/1"}],"replies":[{"embeddable":true,"href":"http:\/\/domounlaplaine.re\/index.php?rest_route=%2Fwp%2Fv2%2Fcomments&post=2694"}],"version-history":[{"count":6,"href":"http:\/\/domounlaplaine.re\/index.php?rest_route=\/wp\/v2\/pages\/2694\/revisions"}],"predecessor-version":[{"id":3256,"href":"http:\/\/domounlaplaine.re\/index.php?rest_route=\/wp\/v2\/pages\/2694\/revisions\/3256"}],"wp:attachment":[{"href":"http:\/\/domounlaplaine.re\/index.php?rest_route=%2Fwp%2Fv2%2Fmedia&parent=2694"}],"curies":[{"name":"wp","href":"https:\/\/api.w.org\/{rel}","templated":true}]}}