{"id":2500,"date":"2023-01-05T11:51:24","date_gmt":"2023-01-05T07:51:24","guid":{"rendered":"http:\/\/domounlaplaine.re\/?page_id=2500"},"modified":"2023-05-10T16:55:31","modified_gmt":"2023-05-10T12:55:31","slug":"retenues-collinaires7","status":"publish","type":"page","link":"http:\/\/domounlaplaine.re\/?page_id=2500","title":{"rendered":"retenues collinaires7"},"content":{"rendered":"\n<p>piton sahales<\/p>\n\n\n\n<div data-wp-interactive=\"core\/file\" class=\"wp-block-file\"><object data-wp-bind--hidden=\"!state.hasPdfPreview\" hidden class=\"wp-block-file__embed\" data=\"http:\/\/domounlaplaine.re\/wp-content\/uploads\/2023\/05\/comunique-de-presse-piton-sahales-DOMOUN-LA-PLAINE.pdf\" type=\"application\/pdf\" style=\"width:100%;height:600px\" aria-label=\"Contenu embarqu\u00e9 comunique de presse piton sahales DOMOUN LA PLAINE.\"><\/object><a id=\"wp-block-file--media-a5275ef2-1c61-4152-8f90-1a000c5a2e67\" href=\"http:\/\/domounlaplaine.re\/wp-content\/uploads\/2023\/05\/comunique-de-presse-piton-sahales-DOMOUN-LA-PLAINE.pdf\">comunique de presse piton sahales DOMOUN LA PLAINE<\/a><a href=\"http:\/\/domounlaplaine.re\/wp-content\/uploads\/2023\/05\/comunique-de-presse-piton-sahales-DOMOUN-LA-PLAINE.pdf\" class=\"wp-block-file__button wp-element-button\" download aria-describedby=\"wp-block-file--media-a5275ef2-1c61-4152-8f90-1a000c5a2e67\">T\u00e9l\u00e9charger<\/a><\/div>\n\n\n\n<p><a href=\"https:\/\/la1ere.francetvinfo.fr\/reunion\/tampon\/le-tampon-un-reseau-d-irrigation-pour-250-agriculteurs-de-l-est-de-la-commune-902324.html\">https:\/\/la1ere.francetvinfo.fr\/reunion\/tampon\/le-tampon-un-reseau-d-irrigation-pour-250-agriculteurs-de-l-est-de-la-commune-902324.html<\/a><\/p>\n\n\n\n<div data-wp-interactive=\"core\/file\" class=\"wp-block-file\"><object data-wp-bind--hidden=\"!state.hasPdfPreview\" hidden class=\"wp-block-file__embed\" data=\"http:\/\/domounlaplaine.re\/wp-content\/uploads\/2023\/01\/2023apreu1_retenue_collinaire_sahales.pdf\" type=\"application\/pdf\" style=\"width:100%;height:600px\" aria-label=\"Contenu embarqu\u00e9 2023apreu1_retenue_collinaire_sahales.\"><\/object><a id=\"wp-block-file--media-e9039dd6-6fe6-4898-bc7f-5b3514398d04\" href=\"http:\/\/domounlaplaine.re\/wp-content\/uploads\/2023\/01\/2023apreu1_retenue_collinaire_sahales.pdf\">2023apreu1_retenue_collinaire_sahales<\/a><a href=\"http:\/\/domounlaplaine.re\/wp-content\/uploads\/2023\/01\/2023apreu1_retenue_collinaire_sahales.pdf\" class=\"wp-block-file__button wp-element-button\" download aria-describedby=\"wp-block-file--media-e9039dd6-6fe6-4898-bc7f-5b3514398d04\">T\u00e9l\u00e9charger<\/a><\/div>\n\n\n\n<div data-wp-interactive=\"core\/file\" class=\"wp-block-file\"><object data-wp-bind--hidden=\"!state.hasPdfPreview\" hidden class=\"wp-block-file__embed\" data=\"http:\/\/domounlaplaine.re\/wp-content\/uploads\/2023\/03\/arrete_2023-552-sg-scopp-bcpe_du_15_mars_2023-2-1.pdf\" type=\"application\/pdf\" style=\"width:100%;height:600px\" aria-label=\"Contenu embarqu\u00e9 arrete_2023-552-sg-scopp-bcpe_du_15_mars_2023-2 (1).\"><\/object><a id=\"wp-block-file--media-c28b4829-420e-4792-b159-01ef91f14aab\" href=\"http:\/\/domounlaplaine.re\/wp-content\/uploads\/2023\/03\/arrete_2023-552-sg-scopp-bcpe_du_15_mars_2023-2-1.pdf\">arrete_2023-552-sg-scopp-bcpe_du_15_mars_2023-2 (1)<\/a><a href=\"http:\/\/domounlaplaine.re\/wp-content\/uploads\/2023\/03\/arrete_2023-552-sg-scopp-bcpe_du_15_mars_2023-2-1.pdf\" class=\"wp-block-file__button wp-element-button\" download aria-describedby=\"wp-block-file--media-c28b4829-420e-4792-b159-01ef91f14aab\">T\u00e9l\u00e9charger<\/a><\/div>\n\n\n\n<div data-wp-interactive=\"core\/file\" class=\"wp-block-file\"><object data-wp-bind--hidden=\"!state.hasPdfPreview\" hidden class=\"wp-block-file__embed\" data=\"http:\/\/domounlaplaine.re\/wp-content\/uploads\/2023\/03\/6-Piece-1-PJ17-et-47_ADM_TECHN.pdf-Nextcloud.pdf\" type=\"application\/pdf\" style=\"width:100%;height:600px\" aria-label=\"Contenu embarqu\u00e9 6 - Pi\u00e8ce 1 - PJ17 et 47_ADM_TECHN.pdf - Nextcloud.\"><\/object><a id=\"wp-block-file--media-91e81ad7-3db7-452c-a9bb-1ac31010d948\" href=\"http:\/\/domounlaplaine.re\/wp-content\/uploads\/2023\/03\/6-Piece-1-PJ17-et-47_ADM_TECHN.pdf-Nextcloud.pdf\">6 &#8211; Pi\u00e8ce 1 &#8211; PJ17 et 47_ADM_TECHN.pdf &#8211; Nextcloud<\/a><a href=\"http:\/\/domounlaplaine.re\/wp-content\/uploads\/2023\/03\/6-Piece-1-PJ17-et-47_ADM_TECHN.pdf-Nextcloud.pdf\" class=\"wp-block-file__button wp-element-button\" download aria-describedby=\"wp-block-file--media-91e81ad7-3db7-452c-a9bb-1ac31010d948\">T\u00e9l\u00e9charger<\/a><\/div>\n\n\n\n<div data-wp-interactive=\"core\/file\" class=\"wp-block-file\"><object data-wp-bind--hidden=\"!state.hasPdfPreview\" hidden class=\"wp-block-file__embed\" data=\"http:\/\/domounlaplaine.re\/wp-content\/uploads\/2023\/03\/5-Dossier-de-declaration-ICPE.pdf-Nextcloud-zone-stockage-materiaux.pdf\" type=\"application\/pdf\" style=\"width:100%;height:600px\" aria-label=\"Contenu embarqu\u00e9 5 - Dossier de d\u00e9claration ICPE.pdf - Nextcloud zone stockage mat\u00e9riaux.\"><\/object><a id=\"wp-block-file--media-f687a2b1-dbca-4fc5-8909-8a1989938c68\" href=\"http:\/\/domounlaplaine.re\/wp-content\/uploads\/2023\/03\/5-Dossier-de-declaration-ICPE.pdf-Nextcloud-zone-stockage-materiaux.pdf\">5 &#8211; Dossier de d\u00e9claration ICPE.pdf &#8211; Nextcloud zone stockage mat\u00e9riaux<\/a><a href=\"http:\/\/domounlaplaine.re\/wp-content\/uploads\/2023\/03\/5-Dossier-de-declaration-ICPE.pdf-Nextcloud-zone-stockage-materiaux.pdf\" class=\"wp-block-file__button wp-element-button\" download aria-describedby=\"wp-block-file--media-f687a2b1-dbca-4fc5-8909-8a1989938c68\">T\u00e9l\u00e9charger<\/a><\/div>\n\n\n\n<div data-wp-interactive=\"core\/file\" class=\"wp-block-file\"><object data-wp-bind--hidden=\"!state.hasPdfPreview\" hidden class=\"wp-block-file__embed\" data=\"http:\/\/domounlaplaine.re\/wp-content\/uploads\/2023\/03\/2-demande-autorisationenvironnepmentale-Cerfa15694-2.pdf-Nextcloud.pdf\" type=\"application\/pdf\" style=\"width:100%;height:600px\" aria-label=\"Contenu embarqu\u00e9 2 - demande autorisationenvironnepmentale Cerfa15694-2.pdf - Nextcloud.\"><\/object><a id=\"wp-block-file--media-54a7fbc7-843e-49e3-bc73-c161ff6b1e75\" href=\"http:\/\/domounlaplaine.re\/wp-content\/uploads\/2023\/03\/2-demande-autorisationenvironnepmentale-Cerfa15694-2.pdf-Nextcloud.pdf\">2 &#8211; demande autorisationenvironnepmentale Cerfa15694-2.pdf &#8211; Nextcloud<\/a><a href=\"http:\/\/domounlaplaine.re\/wp-content\/uploads\/2023\/03\/2-demande-autorisationenvironnepmentale-Cerfa15694-2.pdf-Nextcloud.pdf\" class=\"wp-block-file__button wp-element-button\" download aria-describedby=\"wp-block-file--media-54a7fbc7-843e-49e3-bc73-c161ff6b1e75\">T\u00e9l\u00e9charger<\/a><\/div>\n\n\n\n<div data-wp-interactive=\"core\/file\" class=\"wp-block-file\"><object data-wp-bind--hidden=\"!state.hasPdfPreview\" hidden class=\"wp-block-file__embed\" data=\"http:\/\/domounlaplaine.re\/wp-content\/uploads\/2023\/03\/A4-Document-organisation.pdf-Nextcloud.pdf\" type=\"application\/pdf\" style=\"width:100%;height:600px\" aria-label=\"Contenu embarqu\u00e9 A4-Document organisation.pdf - Nextcloud.\"><\/object><a id=\"wp-block-file--media-e4fbec50-4944-463c-9ebb-7076a45764bd\" href=\"http:\/\/domounlaplaine.re\/wp-content\/uploads\/2023\/03\/A4-Document-organisation.pdf-Nextcloud.pdf\">A4-Document organisation.pdf &#8211; Nextcloud<\/a><a href=\"http:\/\/domounlaplaine.re\/wp-content\/uploads\/2023\/03\/A4-Document-organisation.pdf-Nextcloud.pdf\" class=\"wp-block-file__button wp-element-button\" download aria-describedby=\"wp-block-file--media-e4fbec50-4944-463c-9ebb-7076a45764bd\">T\u00e9l\u00e9charger<\/a><\/div>\n\n\n\n<div data-wp-interactive=\"core\/file\" class=\"wp-block-file\"><object data-wp-bind--hidden=\"!state.hasPdfPreview\" hidden class=\"wp-block-file__embed\" data=\"http:\/\/domounlaplaine.re\/wp-content\/uploads\/2023\/03\/presentation-non-technique.pdf\" type=\"application\/pdf\" style=\"width:100%;height:600px\" aria-label=\"Contenu embarqu\u00e9 presentation non technique.\"><\/object><a id=\"wp-block-file--media-c056bad6-dd28-448e-92c2-2d2737a286b2\" href=\"http:\/\/domounlaplaine.re\/wp-content\/uploads\/2023\/03\/presentation-non-technique.pdf\">presentation non technique<\/a><a href=\"http:\/\/domounlaplaine.re\/wp-content\/uploads\/2023\/03\/presentation-non-technique.pdf\" class=\"wp-block-file__button wp-element-button\" download aria-describedby=\"wp-block-file--media-c056bad6-dd28-448e-92c2-2d2737a286b2\">T\u00e9l\u00e9charger<\/a><\/div>\n\n\n\n<div data-wp-interactive=\"core\/file\" class=\"wp-block-file\"><object data-wp-bind--hidden=\"!state.hasPdfPreview\" hidden class=\"wp-block-file__embed\" data=\"http:\/\/domounlaplaine.re\/wp-content\/uploads\/2023\/03\/Fichiers-Nextcloud-dangers.pdf\" type=\"application\/pdf\" style=\"width:100%;height:600px\" aria-label=\"Contenu embarqu\u00e9 Fichiers - Nextcloud dangers.\"><\/object><a id=\"wp-block-file--media-da128be2-2497-4473-b73b-9ffe9330dc2d\" href=\"http:\/\/domounlaplaine.re\/wp-content\/uploads\/2023\/03\/Fichiers-Nextcloud-dangers.pdf\">Fichiers &#8211; Nextcloud dangers<\/a><a href=\"http:\/\/domounlaplaine.re\/wp-content\/uploads\/2023\/03\/Fichiers-Nextcloud-dangers.pdf\" class=\"wp-block-file__button wp-element-button\" download aria-describedby=\"wp-block-file--media-da128be2-2497-4473-b73b-9ffe9330dc2d\">T\u00e9l\u00e9charger<\/a><\/div>\n","protected":false},"excerpt":{"rendered":"<p>piton sahales https:\/\/la1ere.francetvinfo.fr\/reunion\/tampon\/le-tampon-un-reseau-d-irrigation-pour-250-agriculteurs-de-l-est-de-la-commune-902324.html<\/p>\n","protected":false},"author":1,"featured_media":0,"parent":0,"menu_order":0,"comment_status":"closed","ping_status":"closed","template":"","meta":{"footnotes":""},"class_list":["post-2500","page","type-page","status-publish","hentry"],"_links":{"self":[{"href":"http:\/\/domounlaplaine.re\/index.php?rest_route=\/wp\/v2\/pages\/2500","targetHints":{"allow":["GET"]}}],"collection":[{"href":"http:\/\/domounlaplaine.re\/index.php?rest_route=\/wp\/v2\/pages"}],"about":[{"href":"http:\/\/domounlaplaine.re\/index.php?rest_route=\/wp\/v2\/types\/page"}],"author":[{"embeddable":true,"href":"http:\/\/domounlaplaine.re\/index.php?rest_route=\/wp\/v2\/users\/1"}],"replies":[{"embeddable":true,"href":"http:\/\/domounlaplaine.re\/index.php?rest_route=%2Fwp%2Fv2%2Fcomments&post=2500"}],"version-history":[{"count":7,"href":"http:\/\/domounlaplaine.re\/index.php?rest_route=\/wp\/v2\/pages\/2500\/revisions"}],"predecessor-version":[{"id":2660,"href":"http:\/\/domounlaplaine.re\/index.php?rest_route=\/wp\/v2\/pages\/2500\/revisions\/2660"}],"wp:attachment":[{"href":"http:\/\/domounlaplaine.re\/index.php?rest_route=%2Fwp%2Fv2%2Fmedia&parent=2500"}],"curies":[{"name":"wp","href":"https:\/\/api.w.org\/{rel}","templated":true}]}}