{"id":1723,"date":"2022-01-30T17:12:28","date_gmt":"2022-01-30T13:12:28","guid":{"rendered":"http:\/\/domounlaplaine.re\/?page_id=1723"},"modified":"2022-01-30T17:17:14","modified_gmt":"2022-01-30T13:17:14","slug":"projet-alternatif-dlp","status":"publish","type":"page","link":"http:\/\/domounlaplaine.re\/?page_id=1723","title":{"rendered":"projet alternatif DLP"},"content":{"rendered":"\n<figure class=\"wp-block-image size-large\"><img loading=\"lazy\" decoding=\"async\" width=\"459\" height=\"1024\" src=\"http:\/\/domounlaplaine.re\/wp-content\/uploads\/2022\/01\/volcan-artiste-459x1024.jpg\" alt=\"\" class=\"wp-image-1727\" srcset=\"http:\/\/domounlaplaine.re\/wp-content\/uploads\/2022\/01\/volcan-artiste-459x1024.jpg 459w, http:\/\/domounlaplaine.re\/wp-content\/uploads\/2022\/01\/volcan-artiste-134x300.jpg 134w, http:\/\/domounlaplaine.re\/wp-content\/uploads\/2022\/01\/volcan-artiste-768x1715.jpg 768w, http:\/\/domounlaplaine.re\/wp-content\/uploads\/2022\/01\/volcan-artiste-688x1536.jpg 688w, http:\/\/domounlaplaine.re\/wp-content\/uploads\/2022\/01\/volcan-artiste.jpg 832w\" sizes=\"auto, (max-width: 459px) 100vw, 459px\" \/><\/figure>\n\n\n\n<div data-wp-interactive=\"core\/file\" class=\"wp-block-file\"><object data-wp-bind--hidden=\"!state.hasPdfPreview\" hidden class=\"wp-block-file__embed\" data=\"http:\/\/domounlaplaine.re\/wp-content\/uploads\/2022\/01\/gilbert-Bourg-Murat-Village-detape-Projet-alternatif-1.pdf\" type=\"application\/pdf\" style=\"width:100%;height:600px\" aria-label=\"Contenu embarqu\u00e9 Contenu embarqu\u00e9 gilbert Bourg Murat Village d&apos;\u00e9tape - Projet alternatif (1)..\"><\/object><a id=\"wp-block-file--media-ea4f2df9-4da8-4e1a-8513-0ca1216f0753\" href=\"http:\/\/domounlaplaine.re\/wp-content\/uploads\/2022\/01\/gilbert-Bourg-Murat-Village-detape-Projet-alternatif-1.pdf\">gilbert Bourg Murat Village d&rsquo;\u00e9tape &#8211; Projet alternatif (1)<\/a><a href=\"http:\/\/domounlaplaine.re\/wp-content\/uploads\/2022\/01\/gilbert-Bourg-Murat-Village-detape-Projet-alternatif-1.pdf\" class=\"wp-block-file__button\" download aria-describedby=\"wp-block-file--media-ea4f2df9-4da8-4e1a-8513-0ca1216f0753\">T\u00e9l\u00e9charger<\/a><\/div>\n","protected":false},"excerpt":{"rendered":"","protected":false},"author":1,"featured_media":0,"parent":0,"menu_order":0,"comment_status":"closed","ping_status":"closed","template":"","meta":{"footnotes":""},"class_list":["post-1723","page","type-page","status-publish","hentry"],"_links":{"self":[{"href":"http:\/\/domounlaplaine.re\/index.php?rest_route=\/wp\/v2\/pages\/1723","targetHints":{"allow":["GET"]}}],"collection":[{"href":"http:\/\/domounlaplaine.re\/index.php?rest_route=\/wp\/v2\/pages"}],"about":[{"href":"http:\/\/domounlaplaine.re\/index.php?rest_route=\/wp\/v2\/types\/page"}],"author":[{"embeddable":true,"href":"http:\/\/domounlaplaine.re\/index.php?rest_route=\/wp\/v2\/users\/1"}],"replies":[{"embeddable":true,"href":"http:\/\/domounlaplaine.re\/index.php?rest_route=%2Fwp%2Fv2%2Fcomments&post=1723"}],"version-history":[{"count":3,"href":"http:\/\/domounlaplaine.re\/index.php?rest_route=\/wp\/v2\/pages\/1723\/revisions"}],"predecessor-version":[{"id":1728,"href":"http:\/\/domounlaplaine.re\/index.php?rest_route=\/wp\/v2\/pages\/1723\/revisions\/1728"}],"wp:attachment":[{"href":"http:\/\/domounlaplaine.re\/index.php?rest_route=%2Fwp%2Fv2%2Fmedia&parent=1723"}],"curies":[{"name":"wp","href":"https:\/\/api.w.org\/{rel}","templated":true}]}}