{"id":1582,"date":"2022-01-11T16:29:38","date_gmt":"2022-01-11T12:29:38","guid":{"rendered":"http:\/\/domounlaplaine.re\/?page_id=1582"},"modified":"2025-05-04T10:37:36","modified_gmt":"2025-05-04T06:37:36","slug":"documents-officiels","status":"publish","type":"page","link":"http:\/\/domounlaplaine.re\/?page_id=1582","title":{"rendered":"documents officiels"},"content":{"rendered":"\n<div data-wp-interactive=\"core\/file\" class=\"wp-block-file\"><object data-wp-bind--hidden=\"!state.hasPdfPreview\" hidden class=\"wp-block-file__embed\" data=\"http:\/\/domounlaplaine.re\/wp-content\/uploads\/2025\/05\/20250503_PV_AGO-1.pdf\" type=\"application\/pdf\" style=\"width:100%;height:600px\" aria-label=\"Contenu embarqu\u00e9 20250503_PV_AGO (1).\"><\/object><a id=\"wp-block-file--media-ac062383-709e-46d2-aa4f-d05c55ac8d0c\" href=\"http:\/\/domounlaplaine.re\/wp-content\/uploads\/2025\/05\/20250503_PV_AGO-1.pdf\">20250503_PV_AGO (1)<\/a><a href=\"http:\/\/domounlaplaine.re\/wp-content\/uploads\/2025\/05\/20250503_PV_AGO-1.pdf\" class=\"wp-block-file__button wp-element-button\" download aria-describedby=\"wp-block-file--media-ac062383-709e-46d2-aa4f-d05c55ac8d0c\">T\u00e9l\u00e9charger<\/a><\/div>\n\n\n\n<div data-wp-interactive=\"core\/file\" class=\"wp-block-file\"><object data-wp-bind--hidden=\"!state.hasPdfPreview\" hidden class=\"wp-block-file__embed\" data=\"http:\/\/domounlaplaine.re\/wp-content\/uploads\/2025\/05\/20250503_PV_AGE-1.pdf\" type=\"application\/pdf\" style=\"width:100%;height:600px\" aria-label=\"Contenu embarqu\u00e9 20250503_PV_AGE (1).\"><\/object><a id=\"wp-block-file--media-85084869-6792-4725-b476-7003216ba8c8\" href=\"http:\/\/domounlaplaine.re\/wp-content\/uploads\/2025\/05\/20250503_PV_AGE-1.pdf\">20250503_PV_AGE (1)<\/a><a href=\"http:\/\/domounlaplaine.re\/wp-content\/uploads\/2025\/05\/20250503_PV_AGE-1.pdf\" class=\"wp-block-file__button wp-element-button\" download aria-describedby=\"wp-block-file--media-85084869-6792-4725-b476-7003216ba8c8\">T\u00e9l\u00e9charger<\/a><\/div>\n\n\n\n<div data-wp-interactive=\"core\/file\" class=\"wp-block-file\"><object data-wp-bind--hidden=\"!state.hasPdfPreview\" hidden class=\"wp-block-file__embed\" data=\"http:\/\/domounlaplaine.re\/wp-content\/uploads\/2025\/05\/20250503_modification_statuts_DLP_r-1.pdf\" type=\"application\/pdf\" style=\"width:100%;height:600px\" aria-label=\"Contenu embarqu\u00e9 20250503_modification_statuts_DLP_r (1).\"><\/object><a id=\"wp-block-file--media-bcf14b8e-be2d-4b3c-a6d4-89ad7bf73a26\" href=\"http:\/\/domounlaplaine.re\/wp-content\/uploads\/2025\/05\/20250503_modification_statuts_DLP_r-1.pdf\">20250503_modification_statuts_DLP_r (1)<\/a><a href=\"http:\/\/domounlaplaine.re\/wp-content\/uploads\/2025\/05\/20250503_modification_statuts_DLP_r-1.pdf\" class=\"wp-block-file__button wp-element-button\" download aria-describedby=\"wp-block-file--media-bcf14b8e-be2d-4b3c-a6d4-89ad7bf73a26\">T\u00e9l\u00e9charger<\/a><\/div>\n\n\n\n<div class=\"wp-block-file\"><a href=\"http:\/\/domounlaplaine.re\/wp-content\/uploads\/2025\/04\/statuts_domoun_modifes_projet.docx\" class=\"wp-block-file__button wp-element-button\" download>T\u00e9l\u00e9charger<\/a><\/div>\n\n\n\n<div data-wp-interactive=\"core\/file\" class=\"wp-block-file\"><object data-wp-bind--hidden=\"!state.hasPdfPreview\" hidden class=\"wp-block-file__embed\" data=\"http:\/\/domounlaplaine.re\/wp-content\/uploads\/2025\/04\/20250503_Rapport_activite_2024.pdf\" type=\"application\/pdf\" style=\"width:100%;height:600px\" aria-label=\"Contenu embarqu\u00e9 20250503_Rapport_activite_2024.\"><\/object><a id=\"wp-block-file--media-0ebea6a7-dfc1-4041-b6f1-a5a377d09473\" href=\"http:\/\/domounlaplaine.re\/wp-content\/uploads\/2025\/04\/20250503_Rapport_activite_2024.pdf\">20250503_Rapport_activite_2024<\/a><a href=\"http:\/\/domounlaplaine.re\/wp-content\/uploads\/2025\/04\/20250503_Rapport_activite_2024.pdf\" class=\"wp-block-file__button wp-element-button\" download aria-describedby=\"wp-block-file--media-0ebea6a7-dfc1-4041-b6f1-a5a377d09473\">T\u00e9l\u00e9charger<\/a><\/div>\n\n\n\n<div data-wp-interactive=\"core\/file\" class=\"wp-block-file\"><object data-wp-bind--hidden=\"!state.hasPdfPreview\" hidden class=\"wp-block-file__embed\" data=\"http:\/\/domounlaplaine.re\/wp-content\/uploads\/2025\/04\/20250503_Rapport_moral-2024-1.pdf\" type=\"application\/pdf\" style=\"width:100%;height:600px\" aria-label=\"Contenu embarqu\u00e9 20250503_Rapport_moral-2024 (1).\"><\/object><a id=\"wp-block-file--media-3877d68c-51f2-4ed2-a852-55bc28a367e0\" href=\"http:\/\/domounlaplaine.re\/wp-content\/uploads\/2025\/04\/20250503_Rapport_moral-2024-1.pdf\">20250503_Rapport_moral-2024 (1)<\/a><a href=\"http:\/\/domounlaplaine.re\/wp-content\/uploads\/2025\/04\/20250503_Rapport_moral-2024-1.pdf\" class=\"wp-block-file__button wp-element-button\" download aria-describedby=\"wp-block-file--media-3877d68c-51f2-4ed2-a852-55bc28a367e0\">T\u00e9l\u00e9charger<\/a><\/div>\n\n\n\n<div data-wp-interactive=\"core\/file\" class=\"wp-block-file\"><object data-wp-bind--hidden=\"!state.hasPdfPreview\" hidden class=\"wp-block-file__embed\" data=\"http:\/\/domounlaplaine.re\/wp-content\/uploads\/2025\/04\/Rapport_Gestion2024.pdf\" type=\"application\/pdf\" style=\"width:100%;height:600px\" aria-label=\"Contenu embarqu\u00e9 Rapport_Gestion2024.\"><\/object><a id=\"wp-block-file--media-abd37bed-58a0-4515-94dd-eb3de64a1152\" href=\"http:\/\/domounlaplaine.re\/wp-content\/uploads\/2025\/04\/Rapport_Gestion2024.pdf\">Rapport_Gestion2024<\/a><a href=\"http:\/\/domounlaplaine.re\/wp-content\/uploads\/2025\/04\/Rapport_Gestion2024.pdf\" class=\"wp-block-file__button wp-element-button\" download aria-describedby=\"wp-block-file--media-abd37bed-58a0-4515-94dd-eb3de64a1152\">T\u00e9l\u00e9charger<\/a><\/div>\n\n\n\n<div data-wp-interactive=\"core\/file\" class=\"wp-block-file\"><object data-wp-bind--hidden=\"!state.hasPdfPreview\" hidden class=\"wp-block-file__embed\" data=\"http:\/\/domounlaplaine.re\/wp-content\/uploads\/2025\/04\/Bilan_financier2024.pdf\" type=\"application\/pdf\" style=\"width:100%;height:600px\" aria-label=\"Contenu embarqu\u00e9 Bilan_financier2024.\"><\/object><a id=\"wp-block-file--media-9ee8f0cb-4e7b-47f9-9c8c-a475ee08c209\" href=\"http:\/\/domounlaplaine.re\/wp-content\/uploads\/2025\/04\/Bilan_financier2024.pdf\">Bilan_financier2024<\/a><a href=\"http:\/\/domounlaplaine.re\/wp-content\/uploads\/2025\/04\/Bilan_financier2024.pdf\" class=\"wp-block-file__button wp-element-button\" download aria-describedby=\"wp-block-file--media-9ee8f0cb-4e7b-47f9-9c8c-a475ee08c209\">T\u00e9l\u00e9charger<\/a><\/div>\n\n\n\n<div data-wp-interactive=\"core\/file\" class=\"wp-block-file\"><object data-wp-bind--hidden=\"!state.hasPdfPreview\" hidden class=\"wp-block-file__embed\" data=\"http:\/\/domounlaplaine.re\/wp-content\/uploads\/2024\/03\/20240203_PV_AGO.pdf\" type=\"application\/pdf\" style=\"width:100%;height:600px\" aria-label=\"Contenu embarqu\u00e9 20240203_PV_AGO.\"><\/object><a id=\"wp-block-file--media-0f22b682-f3ce-4b36-a45c-350249a8ea4b\" href=\"http:\/\/domounlaplaine.re\/wp-content\/uploads\/2024\/03\/20240203_PV_AGO.pdf\">20240203_PV_AGO<\/a><a href=\"http:\/\/domounlaplaine.re\/wp-content\/uploads\/2024\/03\/20240203_PV_AGO.pdf\" class=\"wp-block-file__button wp-element-button\" download aria-describedby=\"wp-block-file--media-0f22b682-f3ce-4b36-a45c-350249a8ea4b\">T\u00e9l\u00e9charger<\/a><\/div>\n\n\n\n<figure class=\"wp-block-image size-full\"><img loading=\"lazy\" decoding=\"async\" width=\"240\" height=\"240\" src=\"http:\/\/domounlaplaine.re\/wp-content\/uploads\/2021\/10\/cropped-logo.png\" alt=\"\" class=\"wp-image-1219\" srcset=\"http:\/\/domounlaplaine.re\/wp-content\/uploads\/2021\/10\/cropped-logo.png 240w, http:\/\/domounlaplaine.re\/wp-content\/uploads\/2021\/10\/cropped-logo-150x150.png 150w\" sizes=\"auto, (max-width: 240px) 100vw, 240px\" \/><\/figure>\n\n\n\n<figure class=\"wp-block-image size-large\"><img loading=\"lazy\" decoding=\"async\" width=\"1024\" height=\"577\" src=\"http:\/\/domounlaplaine.re\/wp-content\/uploads\/2023\/02\/329522669_2171344429717738_5321017018074967956_n-1024x577.jpg\" alt=\"\" class=\"wp-image-2567\" srcset=\"http:\/\/domounlaplaine.re\/wp-content\/uploads\/2023\/02\/329522669_2171344429717738_5321017018074967956_n-1024x577.jpg 1024w, http:\/\/domounlaplaine.re\/wp-content\/uploads\/2023\/02\/329522669_2171344429717738_5321017018074967956_n-300x169.jpg 300w, http:\/\/domounlaplaine.re\/wp-content\/uploads\/2023\/02\/329522669_2171344429717738_5321017018074967956_n-768x432.jpg 768w, http:\/\/domounlaplaine.re\/wp-content\/uploads\/2023\/02\/329522669_2171344429717738_5321017018074967956_n-1536x865.jpg 1536w, http:\/\/domounlaplaine.re\/wp-content\/uploads\/2023\/02\/329522669_2171344429717738_5321017018074967956_n.jpg 2048w\" sizes=\"auto, (max-width: 1024px) 100vw, 1024px\" \/><\/figure>\n\n\n\n<figure class=\"wp-block-image size-large\"><img loading=\"lazy\" decoding=\"async\" width=\"1024\" height=\"577\" src=\"http:\/\/domounlaplaine.re\/wp-content\/uploads\/2023\/02\/329454561_779411216944330_8284402466503561981_n-1024x577.jpg\" alt=\"\" class=\"wp-image-2566\" srcset=\"http:\/\/domounlaplaine.re\/wp-content\/uploads\/2023\/02\/329454561_779411216944330_8284402466503561981_n-1024x577.jpg 1024w, http:\/\/domounlaplaine.re\/wp-content\/uploads\/2023\/02\/329454561_779411216944330_8284402466503561981_n-300x169.jpg 300w, http:\/\/domounlaplaine.re\/wp-content\/uploads\/2023\/02\/329454561_779411216944330_8284402466503561981_n-768x432.jpg 768w, http:\/\/domounlaplaine.re\/wp-content\/uploads\/2023\/02\/329454561_779411216944330_8284402466503561981_n-1536x865.jpg 1536w, http:\/\/domounlaplaine.re\/wp-content\/uploads\/2023\/02\/329454561_779411216944330_8284402466503561981_n.jpg 2048w\" sizes=\"auto, (max-width: 1024px) 100vw, 1024px\" \/><\/figure>\n\n\n\n<figure class=\"wp-block-image size-large\"><img loading=\"lazy\" decoding=\"async\" width=\"1024\" height=\"577\" src=\"http:\/\/domounlaplaine.re\/wp-content\/uploads\/2023\/02\/329318271_1142480366468485_2588542275145347183_n-1024x577.jpg\" alt=\"\" class=\"wp-image-2565\" srcset=\"http:\/\/domounlaplaine.re\/wp-content\/uploads\/2023\/02\/329318271_1142480366468485_2588542275145347183_n-1024x577.jpg 1024w, http:\/\/domounlaplaine.re\/wp-content\/uploads\/2023\/02\/329318271_1142480366468485_2588542275145347183_n-300x169.jpg 300w, http:\/\/domounlaplaine.re\/wp-content\/uploads\/2023\/02\/329318271_1142480366468485_2588542275145347183_n-768x432.jpg 768w, http:\/\/domounlaplaine.re\/wp-content\/uploads\/2023\/02\/329318271_1142480366468485_2588542275145347183_n-1536x865.jpg 1536w, http:\/\/domounlaplaine.re\/wp-content\/uploads\/2023\/02\/329318271_1142480366468485_2588542275145347183_n.jpg 2048w\" sizes=\"auto, (max-width: 1024px) 100vw, 1024px\" \/><\/figure>\n\n\n\n<figure class=\"wp-block-image size-large\"><img loading=\"lazy\" decoding=\"async\" width=\"1024\" height=\"577\" src=\"http:\/\/domounlaplaine.re\/wp-content\/uploads\/2023\/02\/329287685_522393593215815_9089941230894484946_n-1024x577.jpg\" alt=\"\" class=\"wp-image-2564\" srcset=\"http:\/\/domounlaplaine.re\/wp-content\/uploads\/2023\/02\/329287685_522393593215815_9089941230894484946_n-1024x577.jpg 1024w, http:\/\/domounlaplaine.re\/wp-content\/uploads\/2023\/02\/329287685_522393593215815_9089941230894484946_n-300x169.jpg 300w, http:\/\/domounlaplaine.re\/wp-content\/uploads\/2023\/02\/329287685_522393593215815_9089941230894484946_n-768x432.jpg 768w, http:\/\/domounlaplaine.re\/wp-content\/uploads\/2023\/02\/329287685_522393593215815_9089941230894484946_n-1536x865.jpg 1536w, http:\/\/domounlaplaine.re\/wp-content\/uploads\/2023\/02\/329287685_522393593215815_9089941230894484946_n.jpg 2048w\" sizes=\"auto, (max-width: 1024px) 100vw, 1024px\" \/><\/figure>\n\n\n\n<div data-wp-interactive=\"core\/file\" class=\"wp-block-file\"><object data-wp-bind--hidden=\"!state.hasPdfPreview\" hidden class=\"wp-block-file__embed\" data=\"http:\/\/domounlaplaine.re\/wp-content\/uploads\/2021\/10\/CR-ASSEMBLEE-GENERALE-CONSTITUTIVE.pdf\" type=\"application\/pdf\" style=\"width:100%;height:600px\" aria-label=\"Contenu embarqu\u00e9 CR ASSEMBLEE GENERALE CONSTITUTIVE.\"><\/object><a id=\"wp-block-file--media-19f1f651-4654-4f28-bac8-3d5890241504\" href=\"http:\/\/domounlaplaine.re\/wp-content\/uploads\/2021\/10\/CR-ASSEMBLEE-GENERALE-CONSTITUTIVE.pdf\">CR ASSEMBLEE GENERALE CONSTITUTIVE<\/a><a href=\"http:\/\/domounlaplaine.re\/wp-content\/uploads\/2021\/10\/CR-ASSEMBLEE-GENERALE-CONSTITUTIVE.pdf\" class=\"wp-block-file__button wp-element-button\" download aria-describedby=\"wp-block-file--media-19f1f651-4654-4f28-bac8-3d5890241504\">T\u00e9l\u00e9charger<\/a><\/div>\n\n\n\n<div data-wp-interactive=\"core\/file\" class=\"wp-block-file\"><object data-wp-bind--hidden=\"!state.hasPdfPreview\" hidden class=\"wp-block-file__embed\" data=\"http:\/\/domounlaplaine.re\/wp-content\/uploads\/2021\/10\/statuts_domoun.pdf\" type=\"application\/pdf\" style=\"width:100%;height:600px\" aria-label=\"Contenu embarqu\u00e9 statuts_domoun.\"><\/object><a id=\"wp-block-file--media-21a74633-a6d9-4ff4-b9c7-b2d97a144784\" href=\"http:\/\/domounlaplaine.re\/wp-content\/uploads\/2021\/10\/statuts_domoun.pdf\">statuts_domoun<\/a><a href=\"http:\/\/domounlaplaine.re\/wp-content\/uploads\/2021\/10\/statuts_domoun.pdf\" class=\"wp-block-file__button wp-element-button\" download aria-describedby=\"wp-block-file--media-21a74633-a6d9-4ff4-b9c7-b2d97a144784\">T\u00e9l\u00e9charger<\/a><\/div>\n\n\n\n<div data-wp-interactive=\"core\/file\" class=\"wp-block-file\"><object data-wp-bind--hidden=\"!state.hasPdfPreview\" hidden class=\"wp-block-file__embed\" data=\"http:\/\/domounlaplaine.re\/wp-content\/uploads\/2021\/10\/Recepisse-de-declaration-parution-au-JO.pdf\" type=\"application\/pdf\" style=\"width:100%;height:600px\" aria-label=\"Contenu embarqu\u00e9 R\u00e9c\u00e9piss\u00e9 de d\u00e9claration - parution au JO.\"><\/object><a id=\"wp-block-file--media-118726e1-aa7f-40d7-878c-9881b0402889\" href=\"http:\/\/domounlaplaine.re\/wp-content\/uploads\/2021\/10\/Recepisse-de-declaration-parution-au-JO.pdf\">R\u00e9c\u00e9piss\u00e9 de d\u00e9claration &#8211; parution au JO<\/a><a href=\"http:\/\/domounlaplaine.re\/wp-content\/uploads\/2021\/10\/Recepisse-de-declaration-parution-au-JO.pdf\" class=\"wp-block-file__button wp-element-button\" download aria-describedby=\"wp-block-file--media-118726e1-aa7f-40d7-878c-9881b0402889\">T\u00e9l\u00e9charger<\/a><\/div>\n\n\n\n<div data-wp-interactive=\"core\/file\" class=\"wp-block-file\"><object data-wp-bind--hidden=\"!state.hasPdfPreview\" hidden class=\"wp-block-file__embed\" data=\"http:\/\/domounlaplaine.re\/wp-content\/uploads\/2022\/07\/Statuts_modifies_24072022.pdf\" type=\"application\/pdf\" style=\"width:100%;height:600px\" aria-label=\"Contenu embarqu\u00e9 Statuts_modifies_24072022.\"><\/object><a id=\"wp-block-file--media-7ddbd6a2-3bab-42b3-a04a-d203410badb3\" href=\"http:\/\/domounlaplaine.re\/wp-content\/uploads\/2022\/07\/Statuts_modifies_24072022.pdf\">Statuts_modifies_24072022<\/a><a href=\"http:\/\/domounlaplaine.re\/wp-content\/uploads\/2022\/07\/Statuts_modifies_24072022.pdf\" class=\"wp-block-file__button wp-element-button\" download aria-describedby=\"wp-block-file--media-7ddbd6a2-3bab-42b3-a04a-d203410badb3\">T\u00e9l\u00e9charger<\/a><\/div>\n\n\n\n<div data-wp-interactive=\"core\/file\" class=\"wp-block-file\"><object data-wp-bind--hidden=\"!state.hasPdfPreview\" hidden class=\"wp-block-file__embed\" data=\"http:\/\/domounlaplaine.re\/wp-content\/uploads\/2022\/07\/20220724_PV_AGO.pdf\" type=\"application\/pdf\" style=\"width:100%;height:600px\" aria-label=\"Contenu embarqu\u00e9 20220724_PV_AGO.\"><\/object><a id=\"wp-block-file--media-97e74881-acbe-44d0-8f81-3a0507b7b542\" href=\"http:\/\/domounlaplaine.re\/wp-content\/uploads\/2022\/07\/20220724_PV_AGO.pdf\">20220724_PV_AGO<\/a><a href=\"http:\/\/domounlaplaine.re\/wp-content\/uploads\/2022\/07\/20220724_PV_AGO.pdf\" class=\"wp-block-file__button wp-element-button\" download aria-describedby=\"wp-block-file--media-97e74881-acbe-44d0-8f81-3a0507b7b542\">T\u00e9l\u00e9charger<\/a><\/div>\n\n\n\n<div data-wp-interactive=\"core\/file\" class=\"wp-block-file\"><object data-wp-bind--hidden=\"!state.hasPdfPreview\" hidden class=\"wp-block-file__embed\" data=\"http:\/\/domounlaplaine.re\/wp-content\/uploads\/2022\/07\/20220724_PV_AGE.pdf\" type=\"application\/pdf\" style=\"width:100%;height:600px\" aria-label=\"Contenu embarqu\u00e9 20220724_PV_AGE.\"><\/object><a id=\"wp-block-file--media-8d967dc2-4fa9-4c7e-97ce-e50612ab8c42\" href=\"http:\/\/domounlaplaine.re\/wp-content\/uploads\/2022\/07\/20220724_PV_AGE.pdf\">20220724_PV_AGE<\/a><a href=\"http:\/\/domounlaplaine.re\/wp-content\/uploads\/2022\/07\/20220724_PV_AGE.pdf\" class=\"wp-block-file__button wp-element-button\" download aria-describedby=\"wp-block-file--media-8d967dc2-4fa9-4c7e-97ce-e50612ab8c42\">T\u00e9l\u00e9charger<\/a><\/div>\n\n\n\n<div data-wp-interactive=\"core\/file\" class=\"wp-block-file\"><object data-wp-bind--hidden=\"!state.hasPdfPreview\" hidden class=\"wp-block-file__embed\" data=\"http:\/\/domounlaplaine.re\/wp-content\/uploads\/2022\/12\/CASUD-TAMPON-TOURISME-loi-notre-transfert-competences.pdf\" type=\"application\/pdf\" style=\"width:100%;height:600px\" aria-label=\"Contenu embarqu\u00e9 CASUD TAMPON TOURISME loi notre transfert competences.\"><\/object><a id=\"wp-block-file--media-cfe18ce1-9e02-40ff-b9a8-5138ce896643\" href=\"http:\/\/domounlaplaine.re\/wp-content\/uploads\/2022\/12\/CASUD-TAMPON-TOURISME-loi-notre-transfert-competences.pdf\">CASUD TAMPON TOURISME loi notre transfert competences<\/a><a href=\"http:\/\/domounlaplaine.re\/wp-content\/uploads\/2022\/12\/CASUD-TAMPON-TOURISME-loi-notre-transfert-competences.pdf\" class=\"wp-block-file__button wp-element-button\" download aria-describedby=\"wp-block-file--media-cfe18ce1-9e02-40ff-b9a8-5138ce896643\">T\u00e9l\u00e9charger<\/a><\/div>\n\n\n\n<div data-wp-interactive=\"core\/file\" class=\"wp-block-file\"><object data-wp-bind--hidden=\"!state.hasPdfPreview\" hidden class=\"wp-block-file__embed\" data=\"http:\/\/domounlaplaine.re\/wp-content\/uploads\/2022\/12\/casud-tampon-tourisme-compte-rendu-Cl-Ml-12dec2016.pdf\" type=\"application\/pdf\" style=\"width:100%;height:600px\" aria-label=\"Contenu embarqu\u00e9 casud tampon tourisme compte-rendu-Cl-Ml-12dec2016.\"><\/object><a id=\"wp-block-file--media-7c9c25f6-465e-40e6-8495-1d368794a9b1\" href=\"http:\/\/domounlaplaine.re\/wp-content\/uploads\/2022\/12\/casud-tampon-tourisme-compte-rendu-Cl-Ml-12dec2016.pdf\">casud tampon tourisme compte-rendu-Cl-Ml-12dec2016<\/a><a href=\"http:\/\/domounlaplaine.re\/wp-content\/uploads\/2022\/12\/casud-tampon-tourisme-compte-rendu-Cl-Ml-12dec2016.pdf\" class=\"wp-block-file__button wp-element-button\" download aria-describedby=\"wp-block-file--media-7c9c25f6-465e-40e6-8495-1d368794a9b1\">T\u00e9l\u00e9charger<\/a><\/div>\n","protected":false},"excerpt":{"rendered":"","protected":false},"author":1,"featured_media":0,"parent":0,"menu_order":0,"comment_status":"closed","ping_status":"closed","template":"","meta":{"footnotes":""},"class_list":["post-1582","page","type-page","status-publish","hentry"],"_links":{"self":[{"href":"http:\/\/domounlaplaine.re\/index.php?rest_route=\/wp\/v2\/pages\/1582","targetHints":{"allow":["GET"]}}],"collection":[{"href":"http:\/\/domounlaplaine.re\/index.php?rest_route=\/wp\/v2\/pages"}],"about":[{"href":"http:\/\/domounlaplaine.re\/index.php?rest_route=\/wp\/v2\/types\/page"}],"author":[{"embeddable":true,"href":"http:\/\/domounlaplaine.re\/index.php?rest_route=\/wp\/v2\/users\/1"}],"replies":[{"embeddable":true,"href":"http:\/\/domounlaplaine.re\/index.php?rest_route=%2Fwp%2Fv2%2Fcomments&post=1582"}],"version-history":[{"count":12,"href":"http:\/\/domounlaplaine.re\/index.php?rest_route=\/wp\/v2\/pages\/1582\/revisions"}],"predecessor-version":[{"id":3238,"href":"http:\/\/domounlaplaine.re\/index.php?rest_route=\/wp\/v2\/pages\/1582\/revisions\/3238"}],"wp:attachment":[{"href":"http:\/\/domounlaplaine.re\/index.php?rest_route=%2Fwp%2Fv2%2Fmedia&parent=1582"}],"curies":[{"name":"wp","href":"https:\/\/api.w.org\/{rel}","templated":true}]}}