{"id":1337,"date":"2021-11-19T18:53:06","date_gmt":"2021-11-19T14:53:06","guid":{"rendered":"http:\/\/domounlaplaine.re\/?page_id=1337"},"modified":"2022-03-11T13:12:57","modified_gmt":"2022-03-11T09:12:57","slug":"rencontres","status":"publish","type":"page","link":"http:\/\/domounlaplaine.re\/?page_id=1337","title":{"rendered":"rencontres"},"content":{"rendered":"\n<h2 class=\"wp-block-heading\" id=\"visio-conference-avec-srepen-le-26-nov-2021\">visio conf\u00e9rence avec srepen  le 26 nov 2021<\/h2>\n\n\n\n<p>premier RDV: mercredi 8 D\u00e9cembre  CCEE\/ Conseil de la Culture , Education et Environnement <\/p>\n\n\n\n<figure class=\"wp-block-image size-full\"><img loading=\"lazy\" decoding=\"async\" width=\"443\" height=\"173\" src=\"http:\/\/domounlaplaine.re\/wp-content\/uploads\/2021\/11\/SREPEN-LOGO-COULEUR.png\" alt=\"\" class=\"wp-image-1389\" srcset=\"http:\/\/domounlaplaine.re\/wp-content\/uploads\/2021\/11\/SREPEN-LOGO-COULEUR.png 443w, http:\/\/domounlaplaine.re\/wp-content\/uploads\/2021\/11\/SREPEN-LOGO-COULEUR-300x117.png 300w\" sizes=\"auto, (max-width: 443px) 100vw, 443px\" \/><figcaption>visio conf\u00e9rence 26 nov <\/figcaption><\/figure>\n\n\n\n<div data-wp-interactive=\"core\/file\" class=\"wp-block-file\"><object data-wp-bind--hidden=\"!state.hasPdfPreview\" hidden class=\"wp-block-file__embed\" data=\"http:\/\/domounlaplaine.re\/wp-content\/uploads\/2021\/12\/reunion-ccee-8dec-2021.pdf\" type=\"application\/pdf\" style=\"width:100%;height:600px\" aria-label=\"Contenu embarqu\u00e9 Contenu embarqu\u00e9 r\u00e9union ccee 8dec 2021..\"><\/object><a id=\"wp-block-file--media-8ee2f342-4fc9-4bbe-8542-8b980a3b8893\" href=\"http:\/\/domounlaplaine.re\/wp-content\/uploads\/2021\/12\/reunion-ccee-8dec-2021.pdf\">r\u00e9union ccee 8dec 2021<\/a><a href=\"http:\/\/domounlaplaine.re\/wp-content\/uploads\/2021\/12\/reunion-ccee-8dec-2021.pdf\" class=\"wp-block-file__button\" download aria-describedby=\"wp-block-file--media-8ee2f342-4fc9-4bbe-8542-8b980a3b8893\">T\u00e9l\u00e9charger<\/a><\/div>\n\n\n\n<div data-wp-interactive=\"core\/file\" class=\"wp-block-file\"><object data-wp-bind--hidden=\"!state.hasPdfPreview\" hidden class=\"wp-block-file__embed\" data=\"http:\/\/domounlaplaine.re\/wp-content\/uploads\/2022\/01\/reunion-CONSEIL-GENERAL-19-JANVIER-2022.pdf\" type=\"application\/pdf\" style=\"width:100%;height:600px\" aria-label=\"Contenu embarqu\u00e9 Contenu embarqu\u00e9 r\u00e9union CONSEIL GENERAL 19 JANVIER 2022..\"><\/object><a id=\"wp-block-file--media-b5ff370b-e809-441b-9fae-9223daf05780\" href=\"http:\/\/domounlaplaine.re\/wp-content\/uploads\/2022\/01\/reunion-CONSEIL-GENERAL-19-JANVIER-2022.pdf\">r\u00e9union CONSEIL GENERAL 19 JANVIER 2022<\/a><a href=\"http:\/\/domounlaplaine.re\/wp-content\/uploads\/2022\/01\/reunion-CONSEIL-GENERAL-19-JANVIER-2022.pdf\" class=\"wp-block-file__button\" download aria-describedby=\"wp-block-file--media-b5ff370b-e809-441b-9fae-9223daf05780\">T\u00e9l\u00e9charger<\/a><\/div>\n\n\n\n<div data-wp-interactive=\"core\/file\" class=\"wp-block-file\"><object data-wp-bind--hidden=\"!state.hasPdfPreview\" hidden class=\"wp-block-file__embed\" data=\"http:\/\/domounlaplaine.re\/wp-content\/uploads\/2022\/01\/Rencontre-avec-le-Departement-avec-Mme-Zeganadin.pdf\" type=\"application\/pdf\" style=\"width:100%;height:600px\" aria-label=\"Contenu embarqu\u00e9 Contenu embarqu\u00e9 Rencontre avec le D\u00e9partement avec Mme Zeganadin..\"><\/object><a id=\"wp-block-file--media-95a3ffd4-1a09-48f9-9cb8-2be7093e7c3f\" href=\"http:\/\/domounlaplaine.re\/wp-content\/uploads\/2022\/01\/Rencontre-avec-le-Departement-avec-Mme-Zeganadin.pdf\">Rencontre avec le D\u00e9partement avec Mme Zeganadin<\/a><a href=\"http:\/\/domounlaplaine.re\/wp-content\/uploads\/2022\/01\/Rencontre-avec-le-Departement-avec-Mme-Zeganadin.pdf\" class=\"wp-block-file__button\" download aria-describedby=\"wp-block-file--media-95a3ffd4-1a09-48f9-9cb8-2be7093e7c3f\">T\u00e9l\u00e9charger<\/a><\/div>\n\n\n\n<p>rencontre avec la pr\u00e9sidente du conseil r\u00e9gional le 31 janvier 2022<\/p>\n\n\n\n<div data-wp-interactive=\"core\/file\" class=\"wp-block-file\"><object data-wp-bind--hidden=\"!state.hasPdfPreview\" hidden class=\"wp-block-file__embed\" data=\"http:\/\/domounlaplaine.re\/wp-content\/uploads\/2022\/01\/RENCONTRE-conseil-regional.pdf\" type=\"application\/pdf\" style=\"width:100%;height:600px\" aria-label=\"Contenu embarqu\u00e9 Contenu embarqu\u00e9 RENCONTRE conseil regional..\"><\/object><a id=\"wp-block-file--media-fe9718ce-c38a-4d00-ae40-3e0bddb1314a\" href=\"http:\/\/domounlaplaine.re\/wp-content\/uploads\/2022\/01\/RENCONTRE-conseil-regional.pdf\">RENCONTRE conseil regional<\/a><a href=\"http:\/\/domounlaplaine.re\/wp-content\/uploads\/2022\/01\/RENCONTRE-conseil-regional.pdf\" class=\"wp-block-file__button\" download aria-describedby=\"wp-block-file--media-fe9718ce-c38a-4d00-ae40-3e0bddb1314a\">T\u00e9l\u00e9charger<\/a><\/div>\n\n\n\n<div data-wp-interactive=\"core\/file\" class=\"wp-block-file\"><object data-wp-bind--hidden=\"!state.hasPdfPreview\" hidden class=\"wp-block-file__embed\" data=\"http:\/\/domounlaplaine.re\/wp-content\/uploads\/2022\/01\/20220131_Rencontre_Huguette_Bello.pdf\" type=\"application\/pdf\" style=\"width:100%;height:600px\" aria-label=\"Contenu embarqu\u00e9 Contenu embarqu\u00e9 20220131_Rencontre_Huguette_Bello..\"><\/object><a id=\"wp-block-file--media-1aedbe86-adfc-4da3-82f1-db45113278b4\" href=\"http:\/\/domounlaplaine.re\/wp-content\/uploads\/2022\/01\/20220131_Rencontre_Huguette_Bello.pdf\">20220131_Rencontre_Huguette_Bello<\/a><a href=\"http:\/\/domounlaplaine.re\/wp-content\/uploads\/2022\/01\/20220131_Rencontre_Huguette_Bello.pdf\" class=\"wp-block-file__button\" download aria-describedby=\"wp-block-file--media-1aedbe86-adfc-4da3-82f1-db45113278b4\">T\u00e9l\u00e9charger<\/a><\/div>\n\n\n\n<figure class=\"wp-block-image size-full\"><img loading=\"lazy\" decoding=\"async\" width=\"714\" height=\"540\" src=\"http:\/\/domounlaplaine.re\/wp-content\/uploads\/2022\/01\/272907466_226114969732087_1426633088671780468_n.jpg\" alt=\"\" class=\"wp-image-1734\" srcset=\"http:\/\/domounlaplaine.re\/wp-content\/uploads\/2022\/01\/272907466_226114969732087_1426633088671780468_n.jpg 714w, http:\/\/domounlaplaine.re\/wp-content\/uploads\/2022\/01\/272907466_226114969732087_1426633088671780468_n-300x227.jpg 300w\" sizes=\"auto, (max-width: 714px) 100vw, 714px\" \/><\/figure>\n\n\n\n<div data-wp-interactive=\"core\/file\" class=\"wp-block-file\"><object data-wp-bind--hidden=\"!state.hasPdfPreview\" hidden class=\"wp-block-file__embed\" data=\"http:\/\/domounlaplaine.re\/wp-content\/uploads\/2022\/01\/avi_2021apreu17_tyrolienne_piton_dugain.pdf\" type=\"application\/pdf\" style=\"width:100%;height:600px\" aria-label=\"Contenu embarqu\u00e9 Contenu embarqu\u00e9 avi_2021apreu17_tyrolienne_piton_dugain..\"><\/object><a id=\"wp-block-file--media-e52fc3c5-cbdc-4b8c-a0c7-a17e277db4e0\" href=\"http:\/\/domounlaplaine.re\/wp-content\/uploads\/2022\/01\/avi_2021apreu17_tyrolienne_piton_dugain.pdf\">avi_2021apreu17_tyrolienne_piton_dugain<\/a><a href=\"http:\/\/domounlaplaine.re\/wp-content\/uploads\/2022\/01\/avi_2021apreu17_tyrolienne_piton_dugain.pdf\" class=\"wp-block-file__button\" download aria-describedby=\"wp-block-file--media-e52fc3c5-cbdc-4b8c-a0c7-a17e277db4e0\">T\u00e9l\u00e9charger<\/a><\/div>\n\n\n\n<div data-wp-interactive=\"core\/file\" class=\"wp-block-file\"><object data-wp-bind--hidden=\"!state.hasPdfPreview\" hidden class=\"wp-block-file__embed\" data=\"http:\/\/domounlaplaine.re\/wp-content\/uploads\/2022\/01\/Bourg-Murat-Village-detape-Projet-alternatif_version-du-03012022.pdf\" type=\"application\/pdf\" style=\"width:100%;height:600px\" aria-label=\"Contenu embarqu\u00e9 Contenu embarqu\u00e9 Bourg Murat Village d&apos;\u00e9tape - Projet alternatif_version du 03012022..\"><\/object><a id=\"wp-block-file--media-a7503602-0d82-4a55-8ea0-5e5e8f1ff130\" href=\"http:\/\/domounlaplaine.re\/wp-content\/uploads\/2022\/01\/Bourg-Murat-Village-detape-Projet-alternatif_version-du-03012022.pdf\">Bourg Murat Village d&rsquo;\u00e9tape &#8211; Projet alternatif_version du 03012022<\/a><a href=\"http:\/\/domounlaplaine.re\/wp-content\/uploads\/2022\/01\/Bourg-Murat-Village-detape-Projet-alternatif_version-du-03012022.pdf\" class=\"wp-block-file__button\" download aria-describedby=\"wp-block-file--media-a7503602-0d82-4a55-8ea0-5e5e8f1ff130\">T\u00e9l\u00e9charger<\/a><\/div>\n\n\n\n<div data-wp-interactive=\"core\/file\" class=\"wp-block-file\"><object data-wp-bind--hidden=\"!state.hasPdfPreview\" hidden class=\"wp-block-file__embed\" data=\"http:\/\/domounlaplaine.re\/wp-content\/uploads\/2022\/01\/plan-regional-2022.pdf\" type=\"application\/pdf\" style=\"width:100%;height:600px\" aria-label=\"Contenu embarqu\u00e9 Contenu embarqu\u00e9 plan regional 2022..\"><\/object><a id=\"wp-block-file--media-c1e25a14-ae96-461e-822e-79135877561e\" href=\"http:\/\/domounlaplaine.re\/wp-content\/uploads\/2022\/01\/plan-regional-2022.pdf\">plan regional 2022<\/a><a href=\"http:\/\/domounlaplaine.re\/wp-content\/uploads\/2022\/01\/plan-regional-2022.pdf\" class=\"wp-block-file__button\" download aria-describedby=\"wp-block-file--media-c1e25a14-ae96-461e-822e-79135877561e\">T\u00e9l\u00e9charger<\/a><\/div>\n\n\n\n<p>rencontre IRT monsieur Lebreton mardi 1 er f\u00e9vrier 2022<\/p>\n\n\n\n<div data-wp-interactive=\"core\/file\" class=\"wp-block-file\"><object data-wp-bind--hidden=\"!state.hasPdfPreview\" hidden class=\"wp-block-file__embed\" data=\"http:\/\/domounlaplaine.re\/wp-content\/uploads\/2022\/01\/RENCONTRE-IRT.pdf\" type=\"application\/pdf\" style=\"width:100%;height:600px\" aria-label=\"Contenu embarqu\u00e9 Contenu embarqu\u00e9 RENCONTRE IRT..\"><\/object><a id=\"wp-block-file--media-8b498803-5f27-4782-9d1c-b8bd45232c98\" href=\"http:\/\/domounlaplaine.re\/wp-content\/uploads\/2022\/01\/RENCONTRE-IRT.pdf\">RENCONTRE IRT<\/a><a href=\"http:\/\/domounlaplaine.re\/wp-content\/uploads\/2022\/01\/RENCONTRE-IRT.pdf\" class=\"wp-block-file__button\" download aria-describedby=\"wp-block-file--media-8b498803-5f27-4782-9d1c-b8bd45232c98\">T\u00e9l\u00e9charger<\/a><\/div>\n\n\n\n<figure class=\"wp-block-image size-full\"><img loading=\"lazy\" decoding=\"async\" width=\"600\" height=\"338\" src=\"http:\/\/domounlaplaine.re\/wp-content\/uploads\/2022\/02\/273178700_5357328297628407_3830238927565826642_n.jpg\" alt=\"\" class=\"wp-image-1747\" srcset=\"http:\/\/domounlaplaine.re\/wp-content\/uploads\/2022\/02\/273178700_5357328297628407_3830238927565826642_n.jpg 600w, http:\/\/domounlaplaine.re\/wp-content\/uploads\/2022\/02\/273178700_5357328297628407_3830238927565826642_n-300x169.jpg 300w\" sizes=\"auto, (max-width: 600px) 100vw, 600px\" \/><\/figure>\n\n\n\n<div data-wp-interactive=\"core\/file\" class=\"wp-block-file\"><object data-wp-bind--hidden=\"!state.hasPdfPreview\" hidden class=\"wp-block-file__embed\" data=\"http:\/\/domounlaplaine.re\/wp-content\/uploads\/2022\/01\/Bourg-Murat-Village-detape-Projet-alternatif_version-du-03012022.pdf\" type=\"application\/pdf\" style=\"width:100%;height:600px\" aria-label=\"Contenu embarqu\u00e9 Contenu embarqu\u00e9 Bourg Murat Village d&apos;\u00e9tape - Projet alternatif_version du 03012022..\"><\/object><a id=\"wp-block-file--media-92716267-844c-4902-a670-6892c1a2136c\" href=\"http:\/\/domounlaplaine.re\/wp-content\/uploads\/2022\/01\/Bourg-Murat-Village-detape-Projet-alternatif_version-du-03012022.pdf\">Bourg Murat Village d&rsquo;\u00e9tape &#8211; Projet alternatif_version du 03012022<\/a><a href=\"http:\/\/domounlaplaine.re\/wp-content\/uploads\/2022\/01\/Bourg-Murat-Village-detape-Projet-alternatif_version-du-03012022.pdf\" class=\"wp-block-file__button\" download aria-describedby=\"wp-block-file--media-92716267-844c-4902-a670-6892c1a2136c\">T\u00e9l\u00e9charger<\/a><\/div>\n\n\n\n<div data-wp-interactive=\"core\/file\" class=\"wp-block-file\"><object data-wp-bind--hidden=\"!state.hasPdfPreview\" hidden class=\"wp-block-file__embed\" data=\"http:\/\/domounlaplaine.re\/wp-content\/uploads\/2022\/01\/avi_2021apreu17_tyrolienne_piton_dugain.pdf\" type=\"application\/pdf\" style=\"width:100%;height:600px\" aria-label=\"Contenu embarqu\u00e9 Contenu embarqu\u00e9 avi_2021apreu17_tyrolienne_piton_dugain..\"><\/object><a id=\"wp-block-file--media-7cd107e8-cc1c-4190-b595-a0c5cd38b193\" href=\"http:\/\/domounlaplaine.re\/wp-content\/uploads\/2022\/01\/avi_2021apreu17_tyrolienne_piton_dugain.pdf\">avi_2021apreu17_tyrolienne_piton_dugain<\/a><a href=\"http:\/\/domounlaplaine.re\/wp-content\/uploads\/2022\/01\/avi_2021apreu17_tyrolienne_piton_dugain.pdf\" class=\"wp-block-file__button\" download aria-describedby=\"wp-block-file--media-7cd107e8-cc1c-4190-b595-a0c5cd38b193\">T\u00e9l\u00e9charger<\/a><\/div>\n\n\n\n<div data-wp-interactive=\"core\/file\" class=\"wp-block-file\"><object data-wp-bind--hidden=\"!state.hasPdfPreview\" hidden class=\"wp-block-file__embed\" data=\"http:\/\/domounlaplaine.re\/wp-content\/uploads\/2022\/01\/plan-regional-2022.pdf\" type=\"application\/pdf\" style=\"width:100%;height:600px\" aria-label=\"Contenu embarqu\u00e9 Contenu embarqu\u00e9 plan regional 2022..\"><\/object><a id=\"wp-block-file--media-0e8da54c-943b-4cdf-bb85-72b900ceaeba\" href=\"http:\/\/domounlaplaine.re\/wp-content\/uploads\/2022\/01\/plan-regional-2022.pdf\">plan regional 2022<\/a><a href=\"http:\/\/domounlaplaine.re\/wp-content\/uploads\/2022\/01\/plan-regional-2022.pdf\" class=\"wp-block-file__button\" download aria-describedby=\"wp-block-file--media-0e8da54c-943b-4cdf-bb85-72b900ceaeba\">T\u00e9l\u00e9charger<\/a><\/div>\n\n\n\n<p>rencontre avec le pr\u00e9sident de l&rsquo;irt 1 er f\u00e9vrier 2022<\/p>\n\n\n\n<div data-wp-interactive=\"core\/file\" class=\"wp-block-file\"><object data-wp-bind--hidden=\"!state.hasPdfPreview\" hidden class=\"wp-block-file__embed\" data=\"http:\/\/domounlaplaine.re\/wp-content\/uploads\/2022\/02\/20220201_Rencontre_IRT_Patrick_Lebreton.pdf\" type=\"application\/pdf\" style=\"width:100%;height:1040px\" aria-label=\"Contenu embarqu\u00e9 Contenu embarqu\u00e9 20220201_Rencontre_IRT_Patrick_Lebreton..\"><\/object><a id=\"wp-block-file--media-7c169df2-0cbb-4707-b314-613cef2f0695\" href=\"http:\/\/domounlaplaine.re\/wp-content\/uploads\/2022\/02\/20220201_Rencontre_IRT_Patrick_Lebreton.pdf\">20220201_Rencontre_IRT_Patrick_Lebreton<\/a><a href=\"http:\/\/domounlaplaine.re\/wp-content\/uploads\/2022\/02\/20220201_Rencontre_IRT_Patrick_Lebreton.pdf\" class=\"wp-block-file__button\" download aria-describedby=\"wp-block-file--media-7c169df2-0cbb-4707-b314-613cef2f0695\">T\u00e9l\u00e9charger<\/a><\/div>\n\n\n\n<figure class=\"wp-block-image size-full\"><img loading=\"lazy\" decoding=\"async\" width=\"600\" height=\"338\" src=\"http:\/\/domounlaplaine.re\/wp-content\/uploads\/2022\/02\/273178700_5357328297628407_3830238927565826642_n-1.jpg\" alt=\"\" class=\"wp-image-1752\" srcset=\"http:\/\/domounlaplaine.re\/wp-content\/uploads\/2022\/02\/273178700_5357328297628407_3830238927565826642_n-1.jpg 600w, http:\/\/domounlaplaine.re\/wp-content\/uploads\/2022\/02\/273178700_5357328297628407_3830238927565826642_n-1-300x169.jpg 300w\" sizes=\"auto, (max-width: 600px) 100vw, 600px\" \/><\/figure>\n\n\n\n<div data-wp-interactive=\"core\/file\" class=\"wp-block-file\"><object data-wp-bind--hidden=\"!state.hasPdfPreview\" hidden class=\"wp-block-file__embed\" data=\"http:\/\/domounlaplaine.re\/wp-content\/uploads\/2022\/02\/demande-de-rdv-sous-prefecture-st-pierre-8-fevrier-2022.pdf\" type=\"application\/pdf\" style=\"width:100%;height:600px\" aria-label=\"Contenu embarqu\u00e9 Contenu embarqu\u00e9 demande de rdv sous pr\u00e9fecture st pierre 8 fevrier 2022..\"><\/object><a id=\"wp-block-file--media-525379ba-872c-46a1-b11e-d8b4f0520d3d\" href=\"http:\/\/domounlaplaine.re\/wp-content\/uploads\/2022\/02\/demande-de-rdv-sous-prefecture-st-pierre-8-fevrier-2022.pdf\">demande de rdv sous pr\u00e9fecture st pierre 8 fevrier 2022<\/a><a href=\"http:\/\/domounlaplaine.re\/wp-content\/uploads\/2022\/02\/demande-de-rdv-sous-prefecture-st-pierre-8-fevrier-2022.pdf\" class=\"wp-block-file__button\" download aria-describedby=\"wp-block-file--media-525379ba-872c-46a1-b11e-d8b4f0520d3d\">T\u00e9l\u00e9charger<\/a><\/div>\n\n\n\n<p><strong>envoy\u00e9 :<\/strong>&nbsp;3 mars 2022 \u00e0 15:01<br><strong>de :<\/strong>&nbsp;Jacques AULET &lt;<a href=\"mailto:jacques.aulet@wanadoo.fr\" target=\"_blank\" rel=\"noreferrer noopener\">jacques.aulet@wanadoo.fr<\/a>&gt;<br><strong>\u00e0 :<\/strong>&nbsp;secretariatspstpierre &lt;<a href=\"mailto:secretariatspstpierre@reunion.gouv.fr\" target=\"_blank\" rel=\"noreferrer noopener\">secretariatspstpierre@reunion.gouv.fr<\/a>&gt;<br><strong>objet :<\/strong>&nbsp;Fwd: demande de rdv sous pr\u00e9fecture st pierre<\/p>\n\n\n\n<p>Bonjour&nbsp;<\/p>\n\n\n\n<p>n&rsquo;ayant pas de r\u00e9ponse au mail du 8 f\u00e9vrier &nbsp;, je me permet de vous renvoyer notre demande de rdv;<\/p>\n\n\n\n<p>monsieur le maire ne voulant pas nous recevoir il serait aussi question au cours de ce rdv de parler de la cr\u00e9ation d&rsquo;un espace de concertation.<\/p>\n\n\n\n<p>Nous envisageons effectivement donc de poursuivre notre action en vous sollicitant pour la mise en place d\u2019un espace de concertation rassemblant l\u2019ensemble des parties prenantes au projet ( Etat, R\u00e9gion, D\u00e9partement, Commune, acteurs socioprofessionnels, acteurs du monde associatif, experts des diff\u00e9rents domaines concern\u00e9s\u2026) pour discuter autour des deux projets en pr\u00e9sence \u2013 celui port\u00e9 par la Municipalit\u00e9 et celui des citoyens de la Plaine des Cafres \u2013 en vue de parvenir \u00e0 une troisi\u00e8me voie au terme d\u2019une concertation et d\u2019un dialogue r\u00e9ellement d\u00e9mocratique. Ce d\u2019autant qu\u2019il en va des financements publics \u00e0 venir pour ce parc, locaux mais \u00e9galement europ\u00e9ens, puisque la Municipalit\u00e9 a d\u00e9j\u00e0 annonc\u00e9 qu\u2019elle solliciterait le FEDER pour la deuxi\u00e8me tranche des travaux.<\/p>\n\n\n\n<p>pour le bureau coll\u00e9gial de l&rsquo;association \u00ab\u00a0domoun la plaine\u00a0\u00bb&nbsp;<\/p>\n\n\n\n<p>jacques aulet 0692880921<\/p>\n\n\n\n<blockquote class=\"wp-block-quote is-layout-flow wp-block-quote-is-layout-flow\"><p><strong>envoy\u00e9 :<\/strong>&nbsp;8 f\u00e9vrier 2022 \u00e0 10:42<br><strong>de :<\/strong>&nbsp;Jacques AULET &lt;<a href=\"mailto:jacques.aulet@wanadoo.fr\" target=\"_blank\" rel=\"noreferrer noopener\">jacques.aulet@wanadoo.fr<\/a>&gt;<br><strong>\u00e0 :<\/strong>&nbsp;<a href=\"mailto:secretariatspstpierre@reunion.gouv.fr\" target=\"_blank\" rel=\"noreferrer noopener\">secretariatspstpierre@reunion.gouv.fr<\/a>, domoun-la-plaine &lt;<a href=\"mailto:domoun-la-plaine@googlegroups.com\" target=\"_blank\" rel=\"noreferrer noopener\">domoun-la-plaine@googlegroups.com<\/a>&gt;<br><strong>objet :<\/strong>&nbsp;demande de rdv sous pr\u00e9fecture st pierre<\/p><p>je suis jacques aulet , membre de l&rsquo;association \u00ab\u00a0domoun la plaine\u00a0\u00bb<\/p><p>Le but de ce message est de pr\u00e9parer un rdv avec monsieur le sous-pr\u00e9fet comme convenu ce matin avec le secr\u00e9tariat &nbsp;de la pr\u00e9fecture.<\/p><p>&nbsp;je me permet de vous joindre &nbsp;3 documents importants pour votre information .<\/p><p>-un document de base ayant servi d&rsquo;explication pendant nos derniers rdv : pr\u00e9sidente de la r\u00e9gion, srepen, pr\u00e9sident de l&rsquo;IRT &nbsp;et la directrice de&nbsp;la Direction du Tourisme et de l\u2019Environnement du Conseil d\u00e9partemental.<\/p><p>-l&rsquo;avis de la MRAE sur le projet des 10 tyroliennes datant du 14 d\u00e9cembre 2021.<\/p><p>-une fiche synth\u00e8se des probl\u00e8mes rencontr\u00e9s sur le projet tyroliennes depuis 2018.<\/p><p>Au cours de ce futur rendez vous , l&rsquo;association \u00ab\u00a0domoun la plaine \u00a0\u00bb se propose de fournir des informations compl\u00e9mentaires sur ce projet des tyroliennes qui est dans sa phase terminale suite \u00e0 &nbsp;l&rsquo;enqu\u00eate pr\u00e9alable de 2019 , la diffusion en d\u00e9cembre 2021 de l&rsquo;avis de la MRAE et de la future enqu\u00eate publique qui devrait avoir lieu \u00e0 priori en juin 2022 par voie \u00e9lectronique.<\/p><p>Pour le bureau coll\u00e9gial&nbsp;<\/p><p>jacques aulet 0692880921<\/p><\/blockquote>\n\n\n\n<figure class=\"wp-block-image size-full\"><img loading=\"lazy\" decoding=\"async\" width=\"960\" height=\"540\" src=\"http:\/\/domounlaplaine.re\/wp-content\/uploads\/2022\/03\/departement1.jpg\" alt=\"\" class=\"wp-image-1849\" srcset=\"http:\/\/domounlaplaine.re\/wp-content\/uploads\/2022\/03\/departement1.jpg 960w, http:\/\/domounlaplaine.re\/wp-content\/uploads\/2022\/03\/departement1-300x169.jpg 300w, http:\/\/domounlaplaine.re\/wp-content\/uploads\/2022\/03\/departement1-768x432.jpg 768w\" sizes=\"auto, (max-width: 960px) 100vw, 960px\" \/><\/figure>\n\n\n\n<figure class=\"wp-block-image size-full\"><img loading=\"lazy\" decoding=\"async\" width=\"261\" height=\"147\" src=\"http:\/\/domounlaplaine.re\/wp-content\/uploads\/2022\/03\/departement.jpg\" alt=\"\" class=\"wp-image-1848\"\/><figcaption><br><strong><em>Dans le cadre de nos diverses rencontres avec les institutionnels, nous<br>avons eu ce matin 11 mars 2022 un \u00e9change&nbsp; constructif avec deux \u00e9lus du Conseil<br>d\u00e9partemental : Eric Ferr\u00e8re, 11\u00e8me Vice Pr\u00e9sident, D\u00e9l\u00e9gu\u00e9 au<br>Patrimoine et R\u00e9my Lagourgue, 5\u00e8me Vice Pr\u00e9sident, D\u00e9l\u00e9gu\u00e9 \u00e0<br>l&rsquo;Insertion.<\/em><\/strong><\/figcaption><\/figure>\n\n\n\n<p><strong><em>Dans le cadre de nos diverses rencontres avec les institutionnels, nous<br>avons eu ce matin 11 mars 2022 un \u00e9change&nbsp; constructif avec deux \u00e9lus du Conseil<br>d\u00e9partemental : Eric Ferr\u00e8re, 11\u00e8me Vice Pr\u00e9sident, D\u00e9l\u00e9gu\u00e9 au<br>Patrimoine et R\u00e9my Lagourgue, 5\u00e8me Vice Pr\u00e9sident, D\u00e9l\u00e9gu\u00e9 \u00e0<br>l&rsquo;Insertion.<\/em><\/strong><\/p>\n","protected":false},"excerpt":{"rendered":"<p>visio conf\u00e9rence avec srepen le 26 nov 2021 premier RDV: mercredi 8 D\u00e9cembre CCEE\/ Conseil de la Culture , Education et Environnement rencontre avec la pr\u00e9sidente du conseil r\u00e9gional le 31 janvier 2022 rencontre IRT monsieur Lebreton mardi 1 er f\u00e9vrier 2022 rencontre avec le pr\u00e9sident de l&rsquo;irt 1 er f\u00e9vrier 2022 envoy\u00e9 :&nbsp;3 mars [&hellip;]<\/p>\n","protected":false},"author":1,"featured_media":0,"parent":0,"menu_order":0,"comment_status":"closed","ping_status":"closed","template":"","meta":{"footnotes":""},"class_list":["post-1337","page","type-page","status-publish","hentry"],"_links":{"self":[{"href":"http:\/\/domounlaplaine.re\/index.php?rest_route=\/wp\/v2\/pages\/1337","targetHints":{"allow":["GET"]}}],"collection":[{"href":"http:\/\/domounlaplaine.re\/index.php?rest_route=\/wp\/v2\/pages"}],"about":[{"href":"http:\/\/domounlaplaine.re\/index.php?rest_route=\/wp\/v2\/types\/page"}],"author":[{"embeddable":true,"href":"http:\/\/domounlaplaine.re\/index.php?rest_route=\/wp\/v2\/users\/1"}],"replies":[{"embeddable":true,"href":"http:\/\/domounlaplaine.re\/index.php?rest_route=%2Fwp%2Fv2%2Fcomments&post=1337"}],"version-history":[{"count":23,"href":"http:\/\/domounlaplaine.re\/index.php?rest_route=\/wp\/v2\/pages\/1337\/revisions"}],"predecessor-version":[{"id":1856,"href":"http:\/\/domounlaplaine.re\/index.php?rest_route=\/wp\/v2\/pages\/1337\/revisions\/1856"}],"wp:attachment":[{"href":"http:\/\/domounlaplaine.re\/index.php?rest_route=%2Fwp%2Fv2%2Fmedia&parent=1337"}],"curies":[{"name":"wp","href":"https:\/\/api.w.org\/{rel}","templated":true}]}}