{"id":1264,"date":"2021-11-06T20:43:36","date_gmt":"2021-11-06T16:43:36","guid":{"rendered":"http:\/\/domounlaplaine.re\/?page_id=1264"},"modified":"2025-04-01T20:13:05","modified_gmt":"2025-04-01T16:13:05","slug":"adhesion","status":"publish","type":"page","link":"http:\/\/domounlaplaine.re\/?page_id=1264","title":{"rendered":"adh\u00e9sion"},"content":{"rendered":"\n<p><strong>adh\u00e9sion 10 euros par ann\u00e9e  <\/strong><\/p>\n\n\n\n<p>versement \u00e0 notre tr\u00e9sori\u00e8re liquide ou cheque<\/p>\n\n\n\n<ul class=\"wp-block-list\">\n<li>soit par ch\u00e8que accompagn\u00e9 du bulletin d&rsquo;adh\u00e9sion ci-joint \u00e0 DOMOUN LA PLAINE &#8211; 28 lotissement les Topazes &#8211; LA PLAINE DES CAFRES &#8211; 97418 LE TAMPON<\/li>\n\n\n\n<li>sur internet: https:\/\/www.helloasso.com\/associations\/domoun-la-plaine<\/li>\n<\/ul>\n\n\n\n<div data-wp-interactive=\"core\/file\" class=\"wp-block-file\"><object data-wp-bind--hidden=\"!state.hasPdfPreview\" hidden class=\"wp-block-file__embed\" data=\"http:\/\/domounlaplaine.re\/wp-content\/uploads\/2023\/01\/Bulletin_adhesion.pdf\" type=\"application\/pdf\" style=\"width:100%;height:600px\" aria-label=\"Contenu embarqu\u00e9 Bulletin_adhesion.\"><\/object><a id=\"wp-block-file--media-08771a88-8597-4539-b587-f108ca9580d3\" href=\"http:\/\/domounlaplaine.re\/wp-content\/uploads\/2023\/01\/Bulletin_adhesion.pdf\">Bulletin_adhesion<\/a><a href=\"http:\/\/domounlaplaine.re\/wp-content\/uploads\/2023\/01\/Bulletin_adhesion.pdf\" class=\"wp-block-file__button wp-element-button\" download aria-describedby=\"wp-block-file--media-08771a88-8597-4539-b587-f108ca9580d3\">T\u00e9l\u00e9charger<\/a><\/div>\n\n\n\n<p><\/p>\n\n\n\n<p><strong>par internet<\/strong><\/p>\n\n\n\n<p><a href=\"https:\/\/www.helloasso.com\/associations\/domoun-la-plaine\/adhesions\/adhesion-2023\">https:\/\/www.helloasso.com\/associations\/domoun-la-plaine\/adhesions\/adhesion-2023<\/a><\/p>\n\n\n\n<figure class=\"wp-block-image size-large\"><img loading=\"lazy\" decoding=\"async\" width=\"1024\" height=\"576\" src=\"http:\/\/domounlaplaine.re\/wp-content\/uploads\/2021\/11\/DJI_0004-1024x576.jpg\" alt=\"\" class=\"wp-image-1213\" srcset=\"http:\/\/domounlaplaine.re\/wp-content\/uploads\/2021\/11\/DJI_0004-1024x576.jpg 1024w, http:\/\/domounlaplaine.re\/wp-content\/uploads\/2021\/11\/DJI_0004-300x169.jpg 300w, http:\/\/domounlaplaine.re\/wp-content\/uploads\/2021\/11\/DJI_0004-768x432.jpg 768w, http:\/\/domounlaplaine.re\/wp-content\/uploads\/2021\/11\/DJI_0004-1536x864.jpg 1536w, http:\/\/domounlaplaine.re\/wp-content\/uploads\/2021\/11\/DJI_0004-2048x1152.jpg 2048w\" sizes=\"auto, (max-width: 1024px) 100vw, 1024px\" \/><figcaption class=\"wp-element-caption\">DCIM100MEDIADJI_0004.JPG<\/figcaption><\/figure>\n\n\n\n<figure class=\"wp-block-image size-large\"><img loading=\"lazy\" decoding=\"async\" width=\"1024\" height=\"576\" src=\"http:\/\/domounlaplaine.re\/wp-content\/uploads\/2021\/11\/parc-du-volcan-piton-dugain-tyroliennes-1024x576.jpg\" alt=\"\" class=\"wp-image-1273\" srcset=\"http:\/\/domounlaplaine.re\/wp-content\/uploads\/2021\/11\/parc-du-volcan-piton-dugain-tyroliennes-1024x576.jpg 1024w, http:\/\/domounlaplaine.re\/wp-content\/uploads\/2021\/11\/parc-du-volcan-piton-dugain-tyroliennes-300x169.jpg 300w, http:\/\/domounlaplaine.re\/wp-content\/uploads\/2021\/11\/parc-du-volcan-piton-dugain-tyroliennes-768x432.jpg 768w, http:\/\/domounlaplaine.re\/wp-content\/uploads\/2021\/11\/parc-du-volcan-piton-dugain-tyroliennes-1536x864.jpg 1536w, http:\/\/domounlaplaine.re\/wp-content\/uploads\/2021\/11\/parc-du-volcan-piton-dugain-tyroliennes-2048x1152.jpg 2048w\" sizes=\"auto, (max-width: 1024px) 100vw, 1024px\" \/><figcaption class=\"wp-element-caption\">DCIM100MEDIADJI_0004.JPG<\/figcaption><\/figure>\n\n\n\n<figure class=\"wp-block-image size-full\"><img loading=\"lazy\" decoding=\"async\" width=\"612\" height=\"220\" src=\"http:\/\/domounlaplaine.re\/wp-content\/uploads\/2021\/10\/cropped-cropped-gettyimages-495806419-612x612-1.jpg\" alt=\"\" class=\"wp-image-1250\" srcset=\"http:\/\/domounlaplaine.re\/wp-content\/uploads\/2021\/10\/cropped-cropped-gettyimages-495806419-612x612-1.jpg 612w, http:\/\/domounlaplaine.re\/wp-content\/uploads\/2021\/10\/cropped-cropped-gettyimages-495806419-612x612-1-300x108.jpg 300w\" sizes=\"auto, (max-width: 612px) 100vw, 612px\" \/><\/figure>\n\n\n\n<figure class=\"wp-block-image size-full\"><img loading=\"lazy\" decoding=\"async\" width=\"1000\" height=\"250\" src=\"http:\/\/domounlaplaine.re\/wp-content\/uploads\/2021\/11\/cropped-cropped-plainedescafres.jpg\" alt=\"\" class=\"wp-image-1240\" srcset=\"http:\/\/domounlaplaine.re\/wp-content\/uploads\/2021\/11\/cropped-cropped-plainedescafres.jpg 1000w, http:\/\/domounlaplaine.re\/wp-content\/uploads\/2021\/11\/cropped-cropped-plainedescafres-300x75.jpg 300w, http:\/\/domounlaplaine.re\/wp-content\/uploads\/2021\/11\/cropped-cropped-plainedescafres-768x192.jpg 768w\" sizes=\"auto, (max-width: 1000px) 100vw, 1000px\" \/><\/figure>\n\n\n\n<figure class=\"wp-block-image size-full\"><img loading=\"lazy\" decoding=\"async\" width=\"640\" height=\"528\" src=\"http:\/\/domounlaplaine.re\/wp-content\/uploads\/2021\/10\/photo2.jpg\" alt=\"\" class=\"wp-image-734\" srcset=\"http:\/\/domounlaplaine.re\/wp-content\/uploads\/2021\/10\/photo2.jpg 640w, http:\/\/domounlaplaine.re\/wp-content\/uploads\/2021\/10\/photo2-300x248.jpg 300w\" sizes=\"auto, (max-width: 640px) 100vw, 640px\" \/><\/figure>\n","protected":false},"excerpt":{"rendered":"<p>adh\u00e9sion 10 euros par ann\u00e9e versement \u00e0 notre tr\u00e9sori\u00e8re liquide ou cheque par internet https:\/\/www.helloasso.com\/associations\/domoun-la-plaine\/adhesions\/adhesion-2023<\/p>\n","protected":false},"author":1,"featured_media":0,"parent":0,"menu_order":0,"comment_status":"closed","ping_status":"closed","template":"","meta":{"footnotes":""},"class_list":["post-1264","page","type-page","status-publish","hentry"],"_links":{"self":[{"href":"http:\/\/domounlaplaine.re\/index.php?rest_route=\/wp\/v2\/pages\/1264","targetHints":{"allow":["GET"]}}],"collection":[{"href":"http:\/\/domounlaplaine.re\/index.php?rest_route=\/wp\/v2\/pages"}],"about":[{"href":"http:\/\/domounlaplaine.re\/index.php?rest_route=\/wp\/v2\/types\/page"}],"author":[{"embeddable":true,"href":"http:\/\/domounlaplaine.re\/index.php?rest_route=\/wp\/v2\/users\/1"}],"replies":[{"embeddable":true,"href":"http:\/\/domounlaplaine.re\/index.php?rest_route=%2Fwp%2Fv2%2Fcomments&post=1264"}],"version-history":[{"count":14,"href":"http:\/\/domounlaplaine.re\/index.php?rest_route=\/wp\/v2\/pages\/1264\/revisions"}],"predecessor-version":[{"id":3206,"href":"http:\/\/domounlaplaine.re\/index.php?rest_route=\/wp\/v2\/pages\/1264\/revisions\/3206"}],"wp:attachment":[{"href":"http:\/\/domounlaplaine.re\/index.php?rest_route=%2Fwp%2Fv2%2Fmedia&parent=1264"}],"curies":[{"name":"wp","href":"https:\/\/api.w.org\/{rel}","templated":true}]}}