{"id":1086,"date":"2021-10-29T08:25:04","date_gmt":"2021-10-29T04:25:04","guid":{"rendered":"http:\/\/domounlaplaine.re\/?page_id=1086"},"modified":"2023-11-02T20:40:00","modified_gmt":"2023-11-02T16:40:00","slug":"parc-des-palmiers","status":"publish","type":"page","link":"http:\/\/domounlaplaine.re\/?page_id=1086","title":{"rendered":"parc des palmiers"},"content":{"rendered":"\n<figure class=\"wp-block-embed is-type-wp-embed is-provider-zinfos-974 wp-block-embed-zinfos-974\"><div class=\"wp-block-embed__wrapper\">\nhttps:\/\/www.zinfos974.com\/andre-thien-ah-koon-agrandit-le-parc-des-palmiers\/\n<\/div><\/figure>\n\n\n\n<figure class=\"wp-block-image size-full\"><img loading=\"lazy\" decoding=\"async\" width=\"338\" height=\"450\" src=\"http:\/\/domounlaplaine.re\/wp-content\/uploads\/2021\/10\/img-20200913-160509-largejpg.jpg\" alt=\"\" class=\"wp-image-1101\" srcset=\"http:\/\/domounlaplaine.re\/wp-content\/uploads\/2021\/10\/img-20200913-160509-largejpg.jpg 338w, http:\/\/domounlaplaine.re\/wp-content\/uploads\/2021\/10\/img-20200913-160509-largejpg-225x300.jpg 225w\" sizes=\"auto, (max-width: 338px) 100vw, 338px\" \/><\/figure>\n\n\n\n<div data-wp-interactive=\"core\/file\" class=\"wp-block-file\"><object data-wp-bind--hidden=\"!state.hasPdfPreview\" hidden class=\"wp-block-file__embed\" data=\"http:\/\/domounlaplaine.re\/wp-content\/uploads\/2021\/10\/0-Dossier_de_presentation_de_lenquete_publique_relative_au__projet_dextension__du_Parc_des_Palmiers-.pdf\" type=\"application\/pdf\" style=\"width:100%;height:600px\" aria-label=\"Contenu embarqu\u00e9 0-Dossier_de_presentation_de_lenquete_publique_relative_au__projet_dextension__du_Parc_des_Palmiers-.\"><\/object><a id=\"wp-block-file--media-d7c6b90a-2538-4ca9-9eab-d991ec66b485\" href=\"http:\/\/domounlaplaine.re\/wp-content\/uploads\/2021\/10\/0-Dossier_de_presentation_de_lenquete_publique_relative_au__projet_dextension__du_Parc_des_Palmiers-.pdf\">0-Dossier_de_presentation_de_lenquete_publique_relative_au__projet_dextension__du_Parc_des_Palmiers-<\/a><a href=\"http:\/\/domounlaplaine.re\/wp-content\/uploads\/2021\/10\/0-Dossier_de_presentation_de_lenquete_publique_relative_au__projet_dextension__du_Parc_des_Palmiers-.pdf\" class=\"wp-block-file__button wp-element-button\" download aria-describedby=\"wp-block-file--media-d7c6b90a-2538-4ca9-9eab-d991ec66b485\">T\u00e9l\u00e9charger<\/a><\/div>\n\n\n\n<div data-wp-interactive=\"core\/file\" class=\"wp-block-file\"><object data-wp-bind--hidden=\"!state.hasPdfPreview\" hidden class=\"wp-block-file__embed\" data=\"http:\/\/domounlaplaine.re\/wp-content\/uploads\/2021\/10\/1-Permis_damenager-Extension_Parc_palmiers.pdf\" type=\"application\/pdf\" style=\"width:100%;height:600px\" aria-label=\"Contenu embarqu\u00e9 1-Permis_damenager-Extension_Parc_palmiers.\"><\/object><a id=\"wp-block-file--media-8bb1e6f5-c214-4371-96de-e299e4c28b2e\" href=\"http:\/\/domounlaplaine.re\/wp-content\/uploads\/2021\/10\/1-Permis_damenager-Extension_Parc_palmiers.pdf\">1-Permis_damenager-Extension_Parc_palmiers<\/a><a href=\"http:\/\/domounlaplaine.re\/wp-content\/uploads\/2021\/10\/1-Permis_damenager-Extension_Parc_palmiers.pdf\" class=\"wp-block-file__button wp-element-button\" download aria-describedby=\"wp-block-file--media-8bb1e6f5-c214-4371-96de-e299e4c28b2e\">T\u00e9l\u00e9charger<\/a><\/div>\n\n\n\n<div data-wp-interactive=\"core\/file\" class=\"wp-block-file\"><object data-wp-bind--hidden=\"!state.hasPdfPreview\" hidden class=\"wp-block-file__embed\" data=\"http:\/\/domounlaplaine.re\/wp-content\/uploads\/2021\/10\/2-PA1_Plan_de_situation.pdf\" type=\"application\/pdf\" style=\"width:100%;height:600px\" aria-label=\"Contenu embarqu\u00e9 2-PA1_Plan_de_situation.\"><\/object><a id=\"wp-block-file--media-07600f5a-b359-4289-9699-6f78c928324c\" href=\"http:\/\/domounlaplaine.re\/wp-content\/uploads\/2021\/10\/2-PA1_Plan_de_situation.pdf\">2-PA1_Plan_de_situation<\/a><a href=\"http:\/\/domounlaplaine.re\/wp-content\/uploads\/2021\/10\/2-PA1_Plan_de_situation.pdf\" class=\"wp-block-file__button wp-element-button\" download aria-describedby=\"wp-block-file--media-07600f5a-b359-4289-9699-6f78c928324c\">T\u00e9l\u00e9charger<\/a><\/div>\n\n\n\n<div data-wp-interactive=\"core\/file\" class=\"wp-block-file\"><object data-wp-bind--hidden=\"!state.hasPdfPreview\" hidden class=\"wp-block-file__embed\" data=\"http:\/\/domounlaplaine.re\/wp-content\/uploads\/2021\/10\/3-PA2_Notice_descriptive_terrain_amenagement_prevu.pdf\" type=\"application\/pdf\" style=\"width:100%;height:600px\" aria-label=\"Contenu embarqu\u00e9 3-PA2_Notice_descriptive_terrain_amenagement_prevu.\"><\/object><a id=\"wp-block-file--media-102eb19b-a6ba-41fd-93d1-476d55d99a24\" href=\"http:\/\/domounlaplaine.re\/wp-content\/uploads\/2021\/10\/3-PA2_Notice_descriptive_terrain_amenagement_prevu.pdf\">3-PA2_Notice_descriptive_terrain_amenagement_prevu<\/a><a href=\"http:\/\/domounlaplaine.re\/wp-content\/uploads\/2021\/10\/3-PA2_Notice_descriptive_terrain_amenagement_prevu.pdf\" class=\"wp-block-file__button wp-element-button\" download aria-describedby=\"wp-block-file--media-102eb19b-a6ba-41fd-93d1-476d55d99a24\">T\u00e9l\u00e9charger<\/a><\/div>\n\n\n\n<div data-wp-interactive=\"core\/file\" class=\"wp-block-file\"><object data-wp-bind--hidden=\"!state.hasPdfPreview\" hidden class=\"wp-block-file__embed\" data=\"http:\/\/domounlaplaine.re\/wp-content\/uploads\/2021\/10\/4-PA3_Plan_etat_actuel_terrain.pdf\" type=\"application\/pdf\" style=\"width:100%;height:600px\" aria-label=\"Contenu embarqu\u00e9 4-PA3_Plan_etat_actuel_terrain.\"><\/object><a id=\"wp-block-file--media-029e1537-919c-4607-8f24-a055781508fb\" href=\"http:\/\/domounlaplaine.re\/wp-content\/uploads\/2021\/10\/4-PA3_Plan_etat_actuel_terrain.pdf\">4-PA3_Plan_etat_actuel_terrain<\/a><a href=\"http:\/\/domounlaplaine.re\/wp-content\/uploads\/2021\/10\/4-PA3_Plan_etat_actuel_terrain.pdf\" class=\"wp-block-file__button wp-element-button\" download aria-describedby=\"wp-block-file--media-029e1537-919c-4607-8f24-a055781508fb\">T\u00e9l\u00e9charger<\/a><\/div>\n\n\n\n<div data-wp-interactive=\"core\/file\" class=\"wp-block-file\"><object data-wp-bind--hidden=\"!state.hasPdfPreview\" hidden class=\"wp-block-file__embed\" data=\"http:\/\/domounlaplaine.re\/wp-content\/uploads\/2021\/10\/5-PA4_Plan_composition_Extension_Parc_palmiers.pdf\" type=\"application\/pdf\" style=\"width:100%;height:600px\" aria-label=\"Contenu embarqu\u00e9 5-PA4_Plan_composition_Extension_Parc_palmiers.\"><\/object><a id=\"wp-block-file--media-a40d2314-e730-48d3-82d9-bded74b93a5c\" href=\"http:\/\/domounlaplaine.re\/wp-content\/uploads\/2021\/10\/5-PA4_Plan_composition_Extension_Parc_palmiers.pdf\">5-PA4_Plan_composition_Extension_Parc_palmiers<\/a><a href=\"http:\/\/domounlaplaine.re\/wp-content\/uploads\/2021\/10\/5-PA4_Plan_composition_Extension_Parc_palmiers.pdf\" class=\"wp-block-file__button wp-element-button\" download aria-describedby=\"wp-block-file--media-a40d2314-e730-48d3-82d9-bded74b93a5c\">T\u00e9l\u00e9charger<\/a><\/div>\n\n\n\n<div data-wp-interactive=\"core\/file\" class=\"wp-block-file\"><object data-wp-bind--hidden=\"!state.hasPdfPreview\" hidden class=\"wp-block-file__embed\" data=\"http:\/\/domounlaplaine.re\/wp-content\/uploads\/2021\/10\/6-Plan1_Esplanade_Parking_Extension_Parc_palmiers.pdf\" type=\"application\/pdf\" style=\"width:100%;height:600px\" aria-label=\"Contenu embarqu\u00e9 6-Plan1_Esplanade_Parking_Extension_Parc_palmiers.\"><\/object><a id=\"wp-block-file--media-4d4a042c-1509-4067-9d51-8a7299600443\" href=\"http:\/\/domounlaplaine.re\/wp-content\/uploads\/2021\/10\/6-Plan1_Esplanade_Parking_Extension_Parc_palmiers.pdf\">6-Plan1_Esplanade_Parking_Extension_Parc_palmiers<\/a><a href=\"http:\/\/domounlaplaine.re\/wp-content\/uploads\/2021\/10\/6-Plan1_Esplanade_Parking_Extension_Parc_palmiers.pdf\" class=\"wp-block-file__button wp-element-button\" download aria-describedby=\"wp-block-file--media-4d4a042c-1509-4067-9d51-8a7299600443\">T\u00e9l\u00e9charger<\/a><\/div>\n\n\n\n<div data-wp-interactive=\"core\/file\" class=\"wp-block-file\"><object data-wp-bind--hidden=\"!state.hasPdfPreview\" hidden class=\"wp-block-file__embed\" data=\"http:\/\/domounlaplaine.re\/wp-content\/uploads\/2021\/10\/7-Plan2_Acces_Parc_des_palmiers_chemin_poivre.pdf\" type=\"application\/pdf\" style=\"width:100%;height:600px\" aria-label=\"Contenu embarqu\u00e9 7-Plan2_Acces_Parc_des_palmiers_chemin_poivre.\"><\/object><a id=\"wp-block-file--media-385ee9df-dc9a-4316-893d-c6dc2cff7547\" href=\"http:\/\/domounlaplaine.re\/wp-content\/uploads\/2021\/10\/7-Plan2_Acces_Parc_des_palmiers_chemin_poivre.pdf\">7-Plan2_Acces_Parc_des_palmiers_chemin_poivre<\/a><a href=\"http:\/\/domounlaplaine.re\/wp-content\/uploads\/2021\/10\/7-Plan2_Acces_Parc_des_palmiers_chemin_poivre.pdf\" class=\"wp-block-file__button wp-element-button\" download aria-describedby=\"wp-block-file--media-385ee9df-dc9a-4316-893d-c6dc2cff7547\">T\u00e9l\u00e9charger<\/a><\/div>\n\n\n\n<div data-wp-interactive=\"core\/file\" class=\"wp-block-file\"><object data-wp-bind--hidden=\"!state.hasPdfPreview\" hidden class=\"wp-block-file__embed\" data=\"http:\/\/domounlaplaine.re\/wp-content\/uploads\/2021\/11\/conseil-municipal-23-aout-2021.pdf\" type=\"application\/pdf\" style=\"width:100%;height:600px\" aria-label=\"Contenu embarqu\u00e9 conseil municipal 23 aout 2021.\"><\/object><a id=\"wp-block-file--media-0e01deff-eb90-4060-91d6-140ae0f4a2ef\" href=\"http:\/\/domounlaplaine.re\/wp-content\/uploads\/2021\/11\/conseil-municipal-23-aout-2021.pdf\">conseil municipal 23 aout 2021<\/a><a href=\"http:\/\/domounlaplaine.re\/wp-content\/uploads\/2021\/11\/conseil-municipal-23-aout-2021.pdf\" class=\"wp-block-file__button wp-element-button\" download aria-describedby=\"wp-block-file--media-0e01deff-eb90-4060-91d6-140ae0f4a2ef\">T\u00e9l\u00e9charger<\/a><\/div>\n\n\n\n<p>28 f\u00e9vrier 2022pose de la premi\u00e8re pierre <\/p>\n\n\n\n<p><a href=\"https:\/\/www.ipreunion.com\/le-tampon-actualites\/reportage\/2022\/02\/27\/le-tampon-parc-des-palmiers-andre-thien-ah-koon-pose-la-premiere-pierre-de-l-extension,148226.html\">https:\/\/www.ipreunion.com\/le-tampon-actualites\/reportage\/2022\/02\/27\/le-tampon-parc-des-palmiers-andre-thien-ah-koon-pose-la-premiere-pierre-de-l-extension,148226.html<\/a><\/p>\n\n\n\n<figure class=\"wp-block-image size-full\"><img loading=\"lazy\" decoding=\"async\" width=\"800\" height=\"557\" src=\"http:\/\/domounlaplaine.re\/wp-content\/uploads\/2022\/02\/1ere-pierre-parc-des-palmiers.jpg\" alt=\"\" class=\"wp-image-1808\" srcset=\"http:\/\/domounlaplaine.re\/wp-content\/uploads\/2022\/02\/1ere-pierre-parc-des-palmiers.jpg 800w, http:\/\/domounlaplaine.re\/wp-content\/uploads\/2022\/02\/1ere-pierre-parc-des-palmiers-300x209.jpg 300w, http:\/\/domounlaplaine.re\/wp-content\/uploads\/2022\/02\/1ere-pierre-parc-des-palmiers-768x535.jpg 768w\" sizes=\"auto, (max-width: 800px) 100vw, 800px\" \/><\/figure>\n\n\n\n<p>TRAVAUX JUILLET 2022<\/p>\n\n\n\n<figure class=\"wp-block-image size-large\"><img loading=\"lazy\" decoding=\"async\" width=\"1024\" height=\"576\" src=\"http:\/\/domounlaplaine.re\/wp-content\/uploads\/2022\/07\/292231819_5814526235241942_1438277088204952634_n-1024x576.jpg\" alt=\"\" class=\"wp-image-2275\" srcset=\"http:\/\/domounlaplaine.re\/wp-content\/uploads\/2022\/07\/292231819_5814526235241942_1438277088204952634_n-1024x576.jpg 1024w, http:\/\/domounlaplaine.re\/wp-content\/uploads\/2022\/07\/292231819_5814526235241942_1438277088204952634_n-300x169.jpg 300w, http:\/\/domounlaplaine.re\/wp-content\/uploads\/2022\/07\/292231819_5814526235241942_1438277088204952634_n-768x432.jpg 768w, http:\/\/domounlaplaine.re\/wp-content\/uploads\/2022\/07\/292231819_5814526235241942_1438277088204952634_n-1536x864.jpg 1536w, http:\/\/domounlaplaine.re\/wp-content\/uploads\/2022\/07\/292231819_5814526235241942_1438277088204952634_n.jpg 2048w\" sizes=\"auto, (max-width: 1024px) 100vw, 1024px\" \/><\/figure>\n\n\n\n<figure class=\"wp-block-image size-large\"><img loading=\"lazy\" decoding=\"async\" width=\"1024\" height=\"576\" src=\"http:\/\/domounlaplaine.re\/wp-content\/uploads\/2022\/07\/291984686_5814526695241896_5786576566614130313_n-1024x576.jpg\" alt=\"\" class=\"wp-image-2274\" srcset=\"http:\/\/domounlaplaine.re\/wp-content\/uploads\/2022\/07\/291984686_5814526695241896_5786576566614130313_n-1024x576.jpg 1024w, http:\/\/domounlaplaine.re\/wp-content\/uploads\/2022\/07\/291984686_5814526695241896_5786576566614130313_n-300x169.jpg 300w, http:\/\/domounlaplaine.re\/wp-content\/uploads\/2022\/07\/291984686_5814526695241896_5786576566614130313_n-768x432.jpg 768w, http:\/\/domounlaplaine.re\/wp-content\/uploads\/2022\/07\/291984686_5814526695241896_5786576566614130313_n-1536x864.jpg 1536w, http:\/\/domounlaplaine.re\/wp-content\/uploads\/2022\/07\/291984686_5814526695241896_5786576566614130313_n.jpg 2048w\" sizes=\"auto, (max-width: 1024px) 100vw, 1024px\" \/><\/figure>\n\n\n\n<figure class=\"wp-block-image size-large\"><img loading=\"lazy\" decoding=\"async\" width=\"1024\" height=\"576\" src=\"http:\/\/domounlaplaine.re\/wp-content\/uploads\/2022\/07\/291924638_5814527071908525_1563194872373723918_n-1024x576.jpg\" alt=\"\" class=\"wp-image-2273\" srcset=\"http:\/\/domounlaplaine.re\/wp-content\/uploads\/2022\/07\/291924638_5814527071908525_1563194872373723918_n-1024x576.jpg 1024w, http:\/\/domounlaplaine.re\/wp-content\/uploads\/2022\/07\/291924638_5814527071908525_1563194872373723918_n-300x169.jpg 300w, http:\/\/domounlaplaine.re\/wp-content\/uploads\/2022\/07\/291924638_5814527071908525_1563194872373723918_n-768x432.jpg 768w, http:\/\/domounlaplaine.re\/wp-content\/uploads\/2022\/07\/291924638_5814527071908525_1563194872373723918_n-1536x864.jpg 1536w, http:\/\/domounlaplaine.re\/wp-content\/uploads\/2022\/07\/291924638_5814527071908525_1563194872373723918_n.jpg 2048w\" sizes=\"auto, (max-width: 1024px) 100vw, 1024px\" \/><\/figure>\n\n\n\n<figure class=\"wp-block-image size-large\"><img loading=\"lazy\" decoding=\"async\" width=\"1024\" height=\"576\" src=\"http:\/\/domounlaplaine.re\/wp-content\/uploads\/2022\/07\/291834730_5814527201908512_8756038374225935547_n-1024x576.jpg\" alt=\"\" class=\"wp-image-2272\" srcset=\"http:\/\/domounlaplaine.re\/wp-content\/uploads\/2022\/07\/291834730_5814527201908512_8756038374225935547_n-1024x576.jpg 1024w, http:\/\/domounlaplaine.re\/wp-content\/uploads\/2022\/07\/291834730_5814527201908512_8756038374225935547_n-300x169.jpg 300w, http:\/\/domounlaplaine.re\/wp-content\/uploads\/2022\/07\/291834730_5814527201908512_8756038374225935547_n-768x432.jpg 768w, http:\/\/domounlaplaine.re\/wp-content\/uploads\/2022\/07\/291834730_5814527201908512_8756038374225935547_n-1536x864.jpg 1536w, http:\/\/domounlaplaine.re\/wp-content\/uploads\/2022\/07\/291834730_5814527201908512_8756038374225935547_n.jpg 2048w\" sizes=\"auto, (max-width: 1024px) 100vw, 1024px\" \/><\/figure>\n\n\n\n<figure class=\"wp-block-image size-large\"><img loading=\"lazy\" decoding=\"async\" width=\"1024\" height=\"576\" src=\"http:\/\/domounlaplaine.re\/wp-content\/uploads\/2022\/07\/291626551_5814527031908529_3728108522172192881_n-1024x576.jpg\" alt=\"\" class=\"wp-image-2271\" srcset=\"http:\/\/domounlaplaine.re\/wp-content\/uploads\/2022\/07\/291626551_5814527031908529_3728108522172192881_n-1024x576.jpg 1024w, http:\/\/domounlaplaine.re\/wp-content\/uploads\/2022\/07\/291626551_5814527031908529_3728108522172192881_n-300x169.jpg 300w, http:\/\/domounlaplaine.re\/wp-content\/uploads\/2022\/07\/291626551_5814527031908529_3728108522172192881_n-768x432.jpg 768w, http:\/\/domounlaplaine.re\/wp-content\/uploads\/2022\/07\/291626551_5814527031908529_3728108522172192881_n-1536x864.jpg 1536w, http:\/\/domounlaplaine.re\/wp-content\/uploads\/2022\/07\/291626551_5814527031908529_3728108522172192881_n.jpg 2048w\" sizes=\"auto, (max-width: 1024px) 100vw, 1024px\" \/><\/figure>\n\n\n\n<p><a href=\"https:\/\/www.clicanoo.re\/article\/politique\/2022\/12\/18\/miel-vert-et-parc-des-palmiers-pour-cloturer-lannee-jir\">https:\/\/www.clicanoo.re\/article\/politique\/2022\/12\/18\/miel-vert-et-parc-des-palmiers-pour-cloturer-lannee-jir<\/a><\/p>\n\n\n\n<p>conseil municipal du 17 decembre 2022 <\/p>\n\n\n\n<p>Les travaux d&rsquo;extension du Parc des palmiers vont n\u00e9cessiter plusieurs rallonges, concernant trois lots qui ont \u00e9t\u00e9 pr\u00e9sent\u00e9s au conseil municipal. Le premier lot concerne la voirie et r\u00e9seaux divers, l&rsquo;enfouissement des r\u00e9seaux t\u00e9l\u00e9com mais \u00e9galement la r\u00e9alisation d&rsquo;une cascade en liaison avec deux bassins, un apport de terre v\u00e9g\u00e9tale et une voirie pompiers. <strong>Une plus-value de plus de 14% par rapport au montant initial du march\u00e9 qui approche d\u00e9sormais les 5 millions d&rsquo;euros. <\/strong>Concernant le m\u00eame Parc des palmiers, un autre lot a connu une augmentation de plus de 14%, la voirie b\u00e9ton. Un escalier de raccordement accessible a d\u00fb \u00eatre ajout\u00e9 au projet initial, ainsi qu&rsquo;un raccord provisoire en attendant la livraison du rond-point pour l&rsquo;acc\u00e8s au parc. Le troisi\u00e8me lot concern\u00e9 est celui du cheminement en b\u00e9ton, avec la pose du rev\u00eatement sur les voiries et nouveaux acc\u00e8s. Trois dossiers adopt\u00e9s sans d\u00e9bats malgr\u00e9 le votre \u201ccontre\u201d de l&rsquo;opposition.<\/p>\n","protected":false},"excerpt":{"rendered":"<p>28 f\u00e9vrier 2022pose de la premi\u00e8re pierre https:\/\/www.ipreunion.com\/le-tampon-actualites\/reportage\/2022\/02\/27\/le-tampon-parc-des-palmiers-andre-thien-ah-koon-pose-la-premiere-pierre-de-l-extension,148226.html TRAVAUX JUILLET 2022 https:\/\/www.clicanoo.re\/article\/politique\/2022\/12\/18\/miel-vert-et-parc-des-palmiers-pour-cloturer-lannee-jir conseil municipal du 17 decembre 2022 Les travaux d&rsquo;extension du Parc des palmiers vont n\u00e9cessiter plusieurs rallonges, concernant trois lots qui ont \u00e9t\u00e9 pr\u00e9sent\u00e9s au conseil municipal. Le premier lot concerne la voirie et r\u00e9seaux divers, l&rsquo;enfouissement des r\u00e9seaux t\u00e9l\u00e9com mais \u00e9galement la [&hellip;]<\/p>\n","protected":false},"author":1,"featured_media":0,"parent":0,"menu_order":0,"comment_status":"closed","ping_status":"closed","template":"","meta":{"footnotes":""},"class_list":["post-1086","page","type-page","status-publish","hentry"],"_links":{"self":[{"href":"http:\/\/domounlaplaine.re\/index.php?rest_route=\/wp\/v2\/pages\/1086","targetHints":{"allow":["GET"]}}],"collection":[{"href":"http:\/\/domounlaplaine.re\/index.php?rest_route=\/wp\/v2\/pages"}],"about":[{"href":"http:\/\/domounlaplaine.re\/index.php?rest_route=\/wp\/v2\/types\/page"}],"author":[{"embeddable":true,"href":"http:\/\/domounlaplaine.re\/index.php?rest_route=\/wp\/v2\/users\/1"}],"replies":[{"embeddable":true,"href":"http:\/\/domounlaplaine.re\/index.php?rest_route=%2Fwp%2Fv2%2Fcomments&post=1086"}],"version-history":[{"count":9,"href":"http:\/\/domounlaplaine.re\/index.php?rest_route=\/wp\/v2\/pages\/1086\/revisions"}],"predecessor-version":[{"id":2960,"href":"http:\/\/domounlaplaine.re\/index.php?rest_route=\/wp\/v2\/pages\/1086\/revisions\/2960"}],"wp:attachment":[{"href":"http:\/\/domounlaplaine.re\/index.php?rest_route=%2Fwp%2Fv2%2Fmedia&parent=1086"}],"curies":[{"name":"wp","href":"https:\/\/api.w.org\/{rel}","templated":true}]}}