{"id":1052,"date":"2021-10-28T17:51:00","date_gmt":"2021-10-28T13:51:00","guid":{"rendered":"http:\/\/domounlaplaine.re\/?page_id=1052"},"modified":"2021-10-28T18:01:34","modified_gmt":"2021-10-28T14:01:34","slug":"petition-tyrolienne","status":"publish","type":"page","link":"http:\/\/domounlaplaine.re\/?page_id=1052","title":{"rendered":"p\u00e9tition tyrolienne 2018"},"content":{"rendered":"\n<p><a href=\"https:\/\/secure.avaaz.org\/community_petitions\/fr\/Prefet_de_Lile_de_la_Reunion_Disparition_de_la_foret_primaire_du_27eme_et_de_laire_de_piquenique\/\">https:\/\/secure.avaaz.org\/community_petitions\/fr\/Prefet_de_Lile_de_la_Reunion_Disparition_de_la_foret_primaire_du_27eme_et_de_laire_de_piquenique\/<\/a><\/p>\n\n\n\n<h1 class=\"wp-block-heading\">Pr\u00e9fet de L&rsquo;\u00eele de la R\u00e9union: Disparition de la foret primaire du 27\u00e8me et de l&rsquo;aire de pique-nique<\/h1>\n\n\n\n<p>3&nbsp;281&nbsp;personnes ont sign\u00e9.&nbsp;Allons jusqu&rsquo;\u00e0&nbsp;5&nbsp;000<\/p>\n\n\n\n<ul class=\"wp-block-list\" id=\"petition-scroller\"><li><object type=\"image\/svg+xml\" data=\"https:\/\/secure.avaaz.org\/static\/images\/community_petitions\/icon-user-profile-28.svg\"><\/object><strong>Julio M.<\/strong>&nbsp;a sign\u00e9 hier<\/li><li><object type=\"image\/svg+xml\" data=\"https:\/\/secure.avaaz.org\/static\/images\/community_petitions\/icon-user-profile-28.svg\"><\/object><strong>Yohan M.<\/strong>&nbsp;a sign\u00e9 il y a 3 jours<\/li><li><object type=\"image\/svg+xml\" data=\"https:\/\/secure.avaaz.org\/static\/images\/community_petitions\/icon-user-profile-28.svg\"><\/object><strong>Guy L.<\/strong>&nbsp;a sign\u00e9 il y a 1 semaines<\/li><li><object type=\"image\/svg+xml\" data=\"https:\/\/secure.avaaz.org\/static\/images\/community_petitions\/icon-user-profile-28.svg\"><\/object><strong>St\u00e9phanie N.<\/strong>&nbsp;a sign\u00e9 il y a 1 semaines<\/li><li><object type=\"image\/svg+xml\" data=\"https:\/\/secure.avaaz.org\/static\/images\/community_petitions\/icon-user-profile-28.svg\"><\/object><strong>Jessy N.<\/strong>&nbsp;a sign\u00e9 il y a 1 semaines<\/li><li><object type=\"image\/svg+xml\" data=\"https:\/\/secure.avaaz.org\/static\/images\/community_petitions\/icon-user-profile-28.svg\"><\/object><strong>lily B.<\/strong>&nbsp;a sign\u00e9 il y a 1 semaines<\/li><li><object type=\"image\/svg+xml\" data=\"https:\/\/secure.avaaz.org\/static\/images\/community_petitions\/icon-user-profile-28.svg\"><\/object><strong>juliette G.<\/strong>&nbsp;a sign\u00e9 il y a 1 semaines<\/li><li><object type=\"image\/svg+xml\" data=\"https:\/\/secure.avaaz.org\/static\/images\/community_petitions\/icon-user-profile-28.svg\"><\/object><strong>Hafida E.<\/strong>&nbsp;a sign\u00e9 il y a 2 semaines<\/li><li><object type=\"image\/svg+xml\" data=\"https:\/\/secure.avaaz.org\/static\/images\/community_petitions\/icon-user-profile-28.svg\"><\/object><strong>Guillaume G.<\/strong>&nbsp;a sign\u00e9 il y a 2 semaines<\/li><li><object type=\"image\/svg+xml\" data=\"https:\/\/secure.avaaz.org\/static\/images\/community_petitions\/icon-user-profile-28.svg\"><\/object><strong>Jerome D.<\/strong>&nbsp;a sign\u00e9 il y a 2 semaines<\/li><li><object type=\"image\/svg+xml\" data=\"https:\/\/secure.avaaz.org\/static\/images\/community_petitions\/icon-user-profile-28.svg\"><\/object><strong>Ivohitra M.<\/strong>&nbsp;a sign\u00e9 il y a 2 semaines<\/li><li><object type=\"image\/svg+xml\" data=\"https:\/\/secure.avaaz.org\/static\/images\/community_petitions\/icon-user-profile-28.svg\"><\/object><strong>sylvie V.<\/strong>&nbsp;a sign\u00e9 il y a 2 semaines<\/li><li><object type=\"image\/svg+xml\" data=\"https:\/\/secure.avaaz.org\/static\/images\/community_petitions\/icon-user-profile-28.svg\"><\/object><strong>Alice K.<\/strong>&nbsp;a sign\u00e9 il y a 2 semaines<\/li><li><object type=\"image\/svg+xml\" data=\"https:\/\/secure.avaaz.org\/static\/images\/community_petitions\/icon-user-profile-28.svg\"><\/object><strong>Luciano M.<\/strong>&nbsp;a sign\u00e9 il y a 2 semaines<\/li><li><object type=\"image\/svg+xml\" data=\"https:\/\/secure.avaaz.org\/static\/images\/community_petitions\/icon-user-profile-28.svg\"><\/object><strong>G\u00e9raldine H.<\/strong>&nbsp;a sign\u00e9 il y a 2 semaines<\/li><li><object type=\"image\/svg+xml\" data=\"https:\/\/secure.avaaz.org\/static\/images\/community_petitions\/icon-user-profile-28.svg\"><\/object><strong>Pascal R.<\/strong>&nbsp;a sign\u00e9 il y a 2 semaines<\/li><li><object type=\"image\/svg+xml\" data=\"https:\/\/secure.avaaz.org\/static\/images\/community_petitions\/icon-user-profile-28.svg\"><\/object><strong>Alice A.<\/strong>&nbsp;a sign\u00e9 il y a 2 semaines<\/li><li><object type=\"image\/svg+xml\" data=\"https:\/\/secure.avaaz.org\/static\/images\/community_petitions\/icon-user-profile-28.svg\"><\/object><strong>Marceline M.<\/strong>&nbsp;a sign\u00e9 il y a 2 semaines<\/li><li><object type=\"image\/svg+xml\" data=\"https:\/\/secure.avaaz.org\/static\/images\/community_petitions\/icon-user-profile-28.svg\"><\/object><strong>Marko C.<\/strong>&nbsp;a sign\u00e9 il y a 2 semaines<\/li><li><object type=\"image\/svg+xml\" data=\"https:\/\/secure.avaaz.org\/static\/images\/community_petitions\/icon-user-profile-28.svg\"><\/object><strong>V\u00e9li F.<\/strong>&nbsp;a sign\u00e9 il y a 2 semaines<\/li><\/ul>\n\n\n\n<hr class=\"wp-block-separator\"\/>\n\n\n\n<p>Le Tampon&nbsp;,&nbsp;97430R\u00e9union<a href=\"https:\/\/secure.avaaz.org\/community_petitions\/fr\/Prefet_de_Lile_de_la_Reunion_Disparition_de_la_foret_primaire_du_27eme_et_de_laire_de_piquenique\/#\"><\/a>Partager cette campagne sur Facebook<object data=\"https:\/\/secure.avaaz.org\/static\/images\/community_petitions\/icon-lock-100.svg\" type=\"image\/svg+xml\"><\/object>&nbsp;Signer cette p\u00e9titionPour vous d\u00e9sinscrire ou modifier vos donn\u00e9es \u00e0 tout instant, \u00e9crivez \u00e0 unsubscribe@avaaz.org, ou utilisez le lien disponible dans chaque e-mail.<a href=\"https:\/\/www.avaaz.org\/fr\/privacy\">Avaaz prot\u00e9gera vos informations personnelles<\/a>&nbsp;et ne partage jamais les donn\u00e9es avec des tiers.Cette p\u00e9tition a \u00e9t\u00e9 lanc\u00e9e par Benjamin F. et ne repr\u00e9sente peut-\u00eatre pas un positionnement d&rsquo;Avaaz<object data=\"https:\/\/secure.avaaz.org\/static\/images\/community_petitions\/icon-user-profile-28.svg\" type=\"image\/svg+xml\"><\/object>Benjamin F.&nbsp;a lanc\u00e9 une p\u00e9tition \u00e0 destination de&nbsp;Pr\u00e9fet de L&rsquo;\u00eele de la R\u00e9unionGroupe: \u00ab\u00a0Les Cafriplainois de Coeur\u00a0\u00bb&nbsp;<\/p>\n\n\n\n<p>Le Probl\u00e8me : des travaux de d\u00e9boisement ont d\u00e9but\u00e9 entra\u00eenant la disparition de la flore (disparition des tamarins des hauts, des branles, fanjans et autres plantes end\u00e9miques de l&rsquo;\u00eele) et de la faune locale (tangue, tek-tek, tuit-tuit, papangue, caille et li\u00e8vre sauvages, etc).&nbsp;<br>\u00c0 la place, il est pr\u00e9vu des parkings (1 000 places !), une aire de pique-nique payante (perte de la culture cr\u00e9ole, du pique-nique traditionnel gratuit et par cons\u00e9quent perte de libert\u00e9), un hippodrome, une h\u00e9listation et autres attractions d\u00e9naturant le site et provocant \u00e9galement une pollution sonore.&nbsp;<br>Pourquoi un parc \u00e0 la campagne aussi proche d\u2019un village ?&nbsp;<br>Pourquoi une h\u00e9listation \u00e0 proximit\u00e9 d\u2019habitations ?&nbsp;<br>Le pittoresque de la Plaine des Cafres va se perdre.&nbsp;<br><strong>Non au Parc du Volcan<\/strong><br>D\u00e9fendons ce site en disant non \u00e0 l\u2019h\u00e9listation au champ de foire, et transmettons un patrimoine culturel traditionnel et gratuit \u00e0 nos enfants en signant cette p\u00e9tition.&nbsp;<\/p>\n","protected":false},"excerpt":{"rendered":"<p>https:\/\/secure.avaaz.org\/community_petitions\/fr\/Prefet_de_Lile_de_la_Reunion_Disparition_de_la_foret_primaire_du_27eme_et_de_laire_de_piquenique\/ Pr\u00e9fet de L&rsquo;\u00eele de la R\u00e9union: Disparition de la foret primaire du 27\u00e8me et de l&rsquo;aire de pique-nique 3&nbsp;281&nbsp;personnes ont sign\u00e9.&nbsp;Allons jusqu&rsquo;\u00e0&nbsp;5&nbsp;000 Julio M.&nbsp;a sign\u00e9 hier Yohan M.&nbsp;a sign\u00e9 il y a 3 jours Guy L.&nbsp;a sign\u00e9 il y a 1 semaines St\u00e9phanie N.&nbsp;a sign\u00e9 il y a 1 semaines Jessy N.&nbsp;a sign\u00e9 il [&hellip;]<\/p>\n","protected":false},"author":1,"featured_media":0,"parent":0,"menu_order":0,"comment_status":"closed","ping_status":"closed","template":"","meta":{"footnotes":""},"class_list":["post-1052","page","type-page","status-publish","hentry"],"_links":{"self":[{"href":"http:\/\/domounlaplaine.re\/index.php?rest_route=\/wp\/v2\/pages\/1052","targetHints":{"allow":["GET"]}}],"collection":[{"href":"http:\/\/domounlaplaine.re\/index.php?rest_route=\/wp\/v2\/pages"}],"about":[{"href":"http:\/\/domounlaplaine.re\/index.php?rest_route=\/wp\/v2\/types\/page"}],"author":[{"embeddable":true,"href":"http:\/\/domounlaplaine.re\/index.php?rest_route=\/wp\/v2\/users\/1"}],"replies":[{"embeddable":true,"href":"http:\/\/domounlaplaine.re\/index.php?rest_route=%2Fwp%2Fv2%2Fcomments&post=1052"}],"version-history":[{"count":4,"href":"http:\/\/domounlaplaine.re\/index.php?rest_route=\/wp\/v2\/pages\/1052\/revisions"}],"predecessor-version":[{"id":1058,"href":"http:\/\/domounlaplaine.re\/index.php?rest_route=\/wp\/v2\/pages\/1052\/revisions\/1058"}],"wp:attachment":[{"href":"http:\/\/domounlaplaine.re\/index.php?rest_route=%2Fwp%2Fv2%2Fmedia&parent=1052"}],"curies":[{"name":"wp","href":"https:\/\/api.w.org\/{rel}","templated":true}]}}